{"id":768,"date":"2025-04-14T14:53:03","date_gmt":"2025-04-14T14:53:03","guid":{"rendered":"https:\/\/www.dive-club.com\/Arena\/?page_id=768"},"modified":"2025-04-14T14:53:05","modified_gmt":"2025-04-14T14:53:05","slug":"compromiso-con-la-seguridad","status":"publish","type":"page","link":"https:\/\/www.dive-club.com\/Arena\/es\/compromiso-con-la-seguridad\/","title":{"rendered":"Compromiso con la seguridad"},"content":{"rendered":"\n<p>En Sinai Dive Club, tu seguridad es nuestra m\u00e1xima prioridad. Cada excursi\u00f3n de buceo y esn\u00f3rquel est\u00e1 meticulosamente planificada para garantizar que todos los participantes se sientan seguros y c\u00f3modos. Nuestro equipo est\u00e1 compuesto por gu\u00edas certificados y con amplia experiencia, entrenados para manejar cualquier situaci\u00f3n y proporcionar asistencia inmediata cuando sea necesario. Utilizamos equipo de la m\u00e1s alta calidad, inspeccionado y mantenido regularmente, para garantizar los m\u00e1s altos est\u00e1ndares de seguridad durante nuestras inmersiones y excursiones. Antes de cada salida, realizamos breves y exhaustivas sesiones informativas sobre los protocolos de seguridad, procedimientos de emergencia y t\u00e9cnicas esenciales para asegurar una experiencia sin preocupaciones. Adem\u00e1s, estamos completamente equipados con kits de primeros auxilios, suministros de ox\u00edgeno y sistemas de comunicaci\u00f3n confiables en caso de emergencias. Reconocemos la importancia de respetar los l\u00edmites individuales y las condiciones del mar, adaptando siempre nuestras actividades para que coincidan con las habilidades y niveles de comodidad de nuestros hu\u00e9spedes. Elegir Sinai Dive Club significa explorar el mar con total tranquilidad, sabiendo que est\u00e1s en manos expertas y cuidadosas.<\/p>\n","protected":false},"excerpt":{"rendered":"<p>En Sinai Dive Club, tu seguridad es nuestra m\u00e1xima prioridad. Cada excursi\u00f3n de buceo y esn\u00f3rquel est\u00e1 meticulosamente planificada para garantizar que todos los participantes se sientan seguros y c\u00f3modos. Nuestro equipo est\u00e1 compuesto por gu\u00edas certificados y con amplia experiencia, entrenados para manejar cualquier situaci\u00f3n y proporcionar asistencia inmediata cuando sea necesario. Utilizamos equipo [&hellip;]<\/p>\n","protected":false},"author":4,"featured_media":98,"parent":0,"menu_order":0,"comment_status":"closed","ping_status":"closed","template":"","meta":{"_acf_changed":false,"footnotes":""},"class_list":["post-768","page","type-page","status-publish","has-post-thumbnail","hentry"],"acf":[],"yoast_head":"<!-- This site is optimized with the Yoast SEO plugin v24.8.1 - https:\/\/yoast.com\/wordpress\/plugins\/seo\/ -->\n<title>Compromiso con la seguridad - Sinai Dive Club Maldives<\/title>\n<meta name=\"description\" content=\"Your safety is our priority. Every excursion, diving is planned to ensure your protection and comfort, with experienced and certified guides.\" \/>\n<meta name=\"robots\" content=\"index, follow, max-snippet:-1, max-image-preview:large, max-video-preview:-1\" \/>\n<link rel=\"canonical\" href=\"https:\/\/www.dive-club.com\/Arena\/es\/compromiso-con-la-seguridad\/\" \/>\n<meta property=\"og:locale\" content=\"it_IT\" \/>\n<meta property=\"og:type\" content=\"article\" \/>\n<meta property=\"og:title\" content=\"Compromiso con la seguridad - Sinai Dive Club Maldives\" \/>\n<meta property=\"og:description\" content=\"Your safety is our priority. Every excursion, diving is planned to ensure your protection and comfort, with experienced and certified guides.\" \/>\n<meta property=\"og:url\" content=\"https:\/\/www.dive-club.com\/Arena\/es\/compromiso-con-la-seguridad\/\" \/>\n<meta property=\"og:site_name\" content=\"Sinai Dive Club Maldives\" \/>\n<meta property=\"article:publisher\" content=\"https:\/\/www.facebook.com\/Sinaidiveclub\" \/>\n<meta property=\"article:modified_time\" content=\"2025-04-14T14:53:05+00:00\" \/>\n<meta property=\"og:image\" content=\"http:\/\/www.dive-club.com\/Arena\/wp-content\/uploads\/2024\/11\/lovely-blue-paint-water-scaled.jpg\" \/>\n\t<meta property=\"og:image:width\" content=\"2560\" \/>\n\t<meta property=\"og:image:height\" content=\"1440\" \/>\n\t<meta property=\"og:image:type\" content=\"image\/jpeg\" \/>\n<meta name=\"twitter:card\" content=\"summary_large_image\" \/>\n<meta name=\"twitter:label1\" content=\"Tempo di lettura stimato\" \/>\n\t<meta name=\"twitter:data1\" content=\"2 minuti\" \/>\n<script type=\"application\/ld+json\" class=\"yoast-schema-graph\">{\"@context\":\"https:\/\/schema.org\",\"@graph\":[{\"@type\":\"WebPage\",\"@id\":\"https:\/\/www.dive-club.com\/Arena\/es\/compromiso-con-la-seguridad\/\",\"url\":\"https:\/\/www.dive-club.com\/Arena\/es\/compromiso-con-la-seguridad\/\",\"name\":\"Compromiso con la seguridad - Sinai Dive Club Maldives\",\"isPartOf\":{\"@id\":\"https:\/\/www.dive-club.com\/Arena\/#website\"},\"primaryImageOfPage\":{\"@id\":\"https:\/\/www.dive-club.com\/Arena\/es\/compromiso-con-la-seguridad\/#primaryimage\"},\"image\":{\"@id\":\"https:\/\/www.dive-club.com\/Arena\/es\/compromiso-con-la-seguridad\/#primaryimage\"},\"thumbnailUrl\":\"https:\/\/www.dive-club.com\/Arena\/wp-content\/uploads\/2024\/11\/lovely-blue-paint-water-scaled.jpg\",\"datePublished\":\"2025-04-14T14:53:03+00:00\",\"dateModified\":\"2025-04-14T14:53:05+00:00\",\"description\":\"Your safety is our priority. Every excursion, diving is planned to ensure your protection and comfort, with experienced and certified guides.\",\"breadcrumb\":{\"@id\":\"https:\/\/www.dive-club.com\/Arena\/es\/compromiso-con-la-seguridad\/#breadcrumb\"},\"inLanguage\":\"it-IT\",\"potentialAction\":[{\"@type\":\"ReadAction\",\"target\":[\"https:\/\/www.dive-club.com\/Arena\/es\/compromiso-con-la-seguridad\/\"]}]},{\"@type\":\"ImageObject\",\"inLanguage\":\"it-IT\",\"@id\":\"https:\/\/www.dive-club.com\/Arena\/es\/compromiso-con-la-seguridad\/#primaryimage\",\"url\":\"https:\/\/www.dive-club.com\/Arena\/wp-content\/uploads\/2024\/11\/lovely-blue-paint-water-scaled.jpg\",\"contentUrl\":\"https:\/\/www.dive-club.com\/Arena\/wp-content\/uploads\/2024\/11\/lovely-blue-paint-water-scaled.jpg\",\"width\":2560,\"height\":1440},{\"@type\":\"BreadcrumbList\",\"@id\":\"https:\/\/www.dive-club.com\/Arena\/es\/compromiso-con-la-seguridad\/#breadcrumb\",\"itemListElement\":[{\"@type\":\"ListItem\",\"position\":1,\"name\":\"Home\",\"item\":\"https:\/\/www.dive-club.com\/Arena\/\"},{\"@type\":\"ListItem\",\"position\":2,\"name\":\"Compromiso con la seguridad\"}]},{\"@type\":\"WebSite\",\"@id\":\"https:\/\/www.dive-club.com\/Arena\/#website\",\"url\":\"https:\/\/www.dive-club.com\/Arena\/\",\"name\":\"Sinai Dive Club\",\"description\":\"Plan your holiday with Sinai Dive Club Maldives\",\"publisher\":{\"@id\":\"https:\/\/www.dive-club.com\/Arena\/#organization\"},\"potentialAction\":[{\"@type\":\"SearchAction\",\"target\":{\"@type\":\"EntryPoint\",\"urlTemplate\":\"https:\/\/www.dive-club.com\/Arena\/?s={search_term_string}\"},\"query-input\":{\"@type\":\"PropertyValueSpecification\",\"valueRequired\":true,\"valueName\":\"search_term_string\"}}],\"inLanguage\":\"it-IT\"},{\"@type\":\"Organization\",\"@id\":\"https:\/\/www.dive-club.com\/Arena\/#organization\",\"name\":\"Sinai Dive Club\",\"url\":\"https:\/\/www.dive-club.com\/Arena\/\",\"logo\":{\"@type\":\"ImageObject\",\"inLanguage\":\"it-IT\",\"@id\":\"https:\/\/www.dive-club.com\/Arena\/#\/schema\/logo\/image\/\",\"url\":\"http:\/\/www.dive-club.com\/Arena\/wp-content\/uploads\/2024\/12\/logo-blu-pdf.png\",\"contentUrl\":\"http:\/\/www.dive-club.com\/Arena\/wp-content\/uploads\/2024\/12\/logo-blu-pdf.png\",\"width\":200,\"height\":100,\"caption\":\"Sinai Dive Club\"},\"image\":{\"@id\":\"https:\/\/www.dive-club.com\/Arena\/#\/schema\/logo\/image\/\"},\"sameAs\":[\"https:\/\/www.facebook.com\/Sinaidiveclub\"]}]}<\/script>\n<!-- \/ Yoast SEO plugin. -->","yoast_head_json":{"title":"Compromiso con la seguridad - Sinai Dive Club Maldives","description":"Your safety is our priority. Every excursion, diving is planned to ensure your protection and comfort, with experienced and certified guides.","robots":{"index":"index","follow":"follow","max-snippet":"max-snippet:-1","max-image-preview":"max-image-preview:large","max-video-preview":"max-video-preview:-1"},"canonical":"https:\/\/www.dive-club.com\/Arena\/es\/compromiso-con-la-seguridad\/","og_locale":"it_IT","og_type":"article","og_title":"Compromiso con la seguridad - Sinai Dive Club Maldives","og_description":"Your safety is our priority. Every excursion, diving is planned to ensure your protection and comfort, with experienced and certified guides.","og_url":"https:\/\/www.dive-club.com\/Arena\/es\/compromiso-con-la-seguridad\/","og_site_name":"Sinai Dive Club Maldives","article_publisher":"https:\/\/www.facebook.com\/Sinaidiveclub","article_modified_time":"2025-04-14T14:53:05+00:00","og_image":[{"width":2560,"height":1440,"url":"http:\/\/www.dive-club.com\/Arena\/wp-content\/uploads\/2024\/11\/lovely-blue-paint-water-scaled.jpg","type":"image\/jpeg"}],"twitter_card":"summary_large_image","twitter_misc":{"Tempo di lettura stimato":"2 minuti"},"schema":{"@context":"https:\/\/schema.org","@graph":[{"@type":"WebPage","@id":"https:\/\/www.dive-club.com\/Arena\/es\/compromiso-con-la-seguridad\/","url":"https:\/\/www.dive-club.com\/Arena\/es\/compromiso-con-la-seguridad\/","name":"Compromiso con la seguridad - Sinai Dive Club Maldives","isPartOf":{"@id":"https:\/\/www.dive-club.com\/Arena\/#website"},"primaryImageOfPage":{"@id":"https:\/\/www.dive-club.com\/Arena\/es\/compromiso-con-la-seguridad\/#primaryimage"},"image":{"@id":"https:\/\/www.dive-club.com\/Arena\/es\/compromiso-con-la-seguridad\/#primaryimage"},"thumbnailUrl":"https:\/\/www.dive-club.com\/Arena\/wp-content\/uploads\/2024\/11\/lovely-blue-paint-water-scaled.jpg","datePublished":"2025-04-14T14:53:03+00:00","dateModified":"2025-04-14T14:53:05+00:00","description":"Your safety is our priority. Every excursion, diving is planned to ensure your protection and comfort, with experienced and certified guides.","breadcrumb":{"@id":"https:\/\/www.dive-club.com\/Arena\/es\/compromiso-con-la-seguridad\/#breadcrumb"},"inLanguage":"it-IT","potentialAction":[{"@type":"ReadAction","target":["https:\/\/www.dive-club.com\/Arena\/es\/compromiso-con-la-seguridad\/"]}]},{"@type":"ImageObject","inLanguage":"it-IT","@id":"https:\/\/www.dive-club.com\/Arena\/es\/compromiso-con-la-seguridad\/#primaryimage","url":"https:\/\/www.dive-club.com\/Arena\/wp-content\/uploads\/2024\/11\/lovely-blue-paint-water-scaled.jpg","contentUrl":"https:\/\/www.dive-club.com\/Arena\/wp-content\/uploads\/2024\/11\/lovely-blue-paint-water-scaled.jpg","width":2560,"height":1440},{"@type":"BreadcrumbList","@id":"https:\/\/www.dive-club.com\/Arena\/es\/compromiso-con-la-seguridad\/#breadcrumb","itemListElement":[{"@type":"ListItem","position":1,"name":"Home","item":"https:\/\/www.dive-club.com\/Arena\/"},{"@type":"ListItem","position":2,"name":"Compromiso con la seguridad"}]},{"@type":"WebSite","@id":"https:\/\/www.dive-club.com\/Arena\/#website","url":"https:\/\/www.dive-club.com\/Arena\/","name":"Sinai Dive Club","description":"Plan your holiday with Sinai Dive Club Maldives","publisher":{"@id":"https:\/\/www.dive-club.com\/Arena\/#organization"},"potentialAction":[{"@type":"SearchAction","target":{"@type":"EntryPoint","urlTemplate":"https:\/\/www.dive-club.com\/Arena\/?s={search_term_string}"},"query-input":{"@type":"PropertyValueSpecification","valueRequired":true,"valueName":"search_term_string"}}],"inLanguage":"it-IT"},{"@type":"Organization","@id":"https:\/\/www.dive-club.com\/Arena\/#organization","name":"Sinai Dive Club","url":"https:\/\/www.dive-club.com\/Arena\/","logo":{"@type":"ImageObject","inLanguage":"it-IT","@id":"https:\/\/www.dive-club.com\/Arena\/#\/schema\/logo\/image\/","url":"http:\/\/www.dive-club.com\/Arena\/wp-content\/uploads\/2024\/12\/logo-blu-pdf.png","contentUrl":"http:\/\/www.dive-club.com\/Arena\/wp-content\/uploads\/2024\/12\/logo-blu-pdf.png","width":200,"height":100,"caption":"Sinai Dive Club"},"image":{"@id":"https:\/\/www.dive-club.com\/Arena\/#\/schema\/logo\/image\/"},"sameAs":["https:\/\/www.facebook.com\/Sinaidiveclub"]}]}},"_links":{"self":[{"href":"https:\/\/www.dive-club.com\/Arena\/wp-json\/wp\/v2\/pages\/768","targetHints":{"allow":["GET"]}}],"collection":[{"href":"https:\/\/www.dive-club.com\/Arena\/wp-json\/wp\/v2\/pages"}],"about":[{"href":"https:\/\/www.dive-club.com\/Arena\/wp-json\/wp\/v2\/types\/page"}],"author":[{"embeddable":true,"href":"https:\/\/www.dive-club.com\/Arena\/wp-json\/wp\/v2\/users\/4"}],"replies":[{"embeddable":true,"href":"https:\/\/www.dive-club.com\/Arena\/wp-json\/wp\/v2\/comments?post=768"}],"version-history":[{"count":1,"href":"https:\/\/www.dive-club.com\/Arena\/wp-json\/wp\/v2\/pages\/768\/revisions"}],"predecessor-version":[{"id":769,"href":"https:\/\/www.dive-club.com\/Arena\/wp-json\/wp\/v2\/pages\/768\/revisions\/769"}],"wp:featuredmedia":[{"embeddable":true,"href":"https:\/\/www.dive-club.com\/Arena\/wp-json\/wp\/v2\/media\/98"}],"wp:attachment":[{"href":"https:\/\/www.dive-club.com\/Arena\/wp-json\/wp\/v2\/media?parent=768"}],"curies":[{"name":"wp","href":"https:\/\/api.w.org\/{rel}","templated":true}]}}