{"id":1045,"date":"2013-02-25T11:38:54","date_gmt":"2013-02-25T11:38:54","guid":{"rendered":"http:\/\/www.dive-club.com\/?page_id=1045"},"modified":"2020-01-23T05:19:32","modified_gmt":"2020-01-23T05:19:32","slug":"il-corso-padi-advanced-open-water","status":"publish","type":"page","link":"https:\/\/www.dive-club.com\/diveclub\/prendi-il-brevetto\/il-corso-padi-advanced-open-water\/?lang=it","title":{"rendered":"Il Corso PADI Advanced Open Water"},"content":{"rendered":"<h5>REQUISITI:<\/h5>\n<p>Brevetto Open Water Diver (PADI, SSI, NAUI, YMCA, etc.)<\/p>\n<span class=\"aligncenter\"><span class=\"frame\"><a href=\"http:\/\/www.dive-club.com\/diveclub\/wp-content\/uploads\/2013\/02\/PADI-Advanced-Open-Water-Certification-Course.jpg\" title=\"\"  rel=\"prettyPhoto[rt_theme_thumb]\" class=\"imgeffect plus\"><img decoding=\"async\" src=\"http:\/\/www.dive-club.com\/diveclub\/wp-content\/uploads\/2013\/02\/PADI-Advanced-Open-Water-Certification-Course-620x350.jpg\" alt=\"\"  class=\"align\" \/><\/a><\/span><\/span>\n<h5>IL CORSO INCLUDE:<\/h5>\n<ul>\n<li>\u00a02 giorni per completare il corso Advanced Open Water<\/li>\n<li>\u00a0Attrezzatura completa<\/li>\n<li>\u00a05 diverse immersioni<\/li>\n<li>\u00a0Due delle 5 immersioni sono obbligatorie e richieste dalla PADI e sono Navigazione e Profonda; le 3 rimanenti puoi personalmente sceglierle dalla lista dei Corsi di Specialit\u00e0 PADI (Fotografia Subacquea*, Fotografia Digitale Subacquea*, Naturalista, Immersione dalla Barca, Identificazione dei pesci, Esecuzione Massima dell&#8217;Assetto, Relitto, Nitrox**, Notturna*)<\/li>\n<li>Bombole e pesi<\/li>\n<\/ul>\n<p>&nbsp;<\/p>\n<p><strong>Altri dettagli&#8230;<\/strong><\/p>\n<h5>COSA OFFRE:<\/h5>\n<p>Il corso PADI Advanced Open Water Diver \u00e8 stato creato per dare al subacqueo un&#8217;idea di quello che le immersioni pi\u00f9 specifiche possono offrire, focalizzando la parte pratica rispetto a quella teorica.Tutte le immersioni sono svolte nei bellissimi reefs del Mar Rosso.<\/p>\n<h5>PREPARAZIONE:<\/h5>\n<p style=\"text-align: justify;\">Il corso PADI Advanced Open Water richiede la compilazione del ripasso delle conoscenze alla fine di ogni capitolo pertinente al tipo di immersione scelto. Il subacqueo dovrebbe essere a proprio agio con le conoscenze base della subacquea. Se sei un p\u00f2 arruginito o non ti immergi da pi\u00f9 di 6 mesi, ti consigliamo di fare una check dive con un istruttore prima di cominciare il corso. Se son trascorsi pi\u00f9 di 2 anni dalla tua ultima immersione, \u00e8 opportuno fare il corso Refresher.<\/p>\n<p style=\"text-align: justify;\">PREZZO:\u00a0 \u20ac 250.00<\/p>\n<p style=\"text-align: justify;\">Attrezzatura inclusa e dopo il corso ottieni il 50% di sconto sul noleggio.<\/p>\n<p style=\"text-align: justify;\">\u20ac 80.00 Certificazione, Manuale e tabelle PadI<\/p>\n<p style=\"text-align: justify;\">\n<p style=\"text-align: justify;\">DICHIARAZIONE MEDICA:<\/p>\n<p style=\"text-align: justify;\">Se il partecipante risponde in modo affermativo a una delle domande presenti nell&#8217;anamnesi medica, \u00e8 consigliabile consultare il proprio medico prima di intraprendere l&#8217;attivit\u00e0 subacqueA<\/p>\n<p>CLICCA QUI PER SCARICARE LA\u00a0 <a href=\"..\/..\/MedicalStatement-It.pdf\">DICHIARAZIONE MEDICA<\/a><\/p>","protected":false},"excerpt":{"rendered":"<p>REQUISITI: Brevetto Open Water Diver (PADI, SSI, NAUI, YMCA, etc.) IL CORSO INCLUDE: \u00a02 giorni per completare il corso Advanced Open Water \u00a0Attrezzatura completa \u00a05 diverse immersioni \u00a0Due delle 5 immersioni sono obbligatorie e richieste dalla PADI e sono Navigazione e Profonda; le 3 rimanenti puoi personalmente sceglierle dalla lista dei Corsi di Specialit\u00e0 PADI [&hellip;]<\/p>\n","protected":false},"author":2,"featured_media":0,"parent":1074,"menu_order":5,"comment_status":"closed","ping_status":"open","template":"","meta":{"footnotes":"","_links_to":"","_links_to_target":""},"_links":{"self":[{"href":"https:\/\/www.dive-club.com\/diveclub\/wp-json\/wp\/v2\/pages\/1045"}],"collection":[{"href":"https:\/\/www.dive-club.com\/diveclub\/wp-json\/wp\/v2\/pages"}],"about":[{"href":"https:\/\/www.dive-club.com\/diveclub\/wp-json\/wp\/v2\/types\/page"}],"author":[{"embeddable":true,"href":"https:\/\/www.dive-club.com\/diveclub\/wp-json\/wp\/v2\/users\/2"}],"replies":[{"embeddable":true,"href":"https:\/\/www.dive-club.com\/diveclub\/wp-json\/wp\/v2\/comments?post=1045"}],"version-history":[{"count":7,"href":"https:\/\/www.dive-club.com\/diveclub\/wp-json\/wp\/v2\/pages\/1045\/revisions"}],"predecessor-version":[{"id":3964,"href":"https:\/\/www.dive-club.com\/diveclub\/wp-json\/wp\/v2\/pages\/1045\/revisions\/3964"}],"up":[{"embeddable":true,"href":"https:\/\/www.dive-club.com\/diveclub\/wp-json\/wp\/v2\/pages\/1074"}],"wp:attachment":[{"href":"https:\/\/www.dive-club.com\/diveclub\/wp-json\/wp\/v2\/media?parent=1045"}],"curies":[{"name":"wp","href":"https:\/\/api.w.org\/{rel}","templated":true}]}}