{"id":1052,"date":"2013-02-25T12:11:24","date_gmt":"2013-02-25T12:11:24","guid":{"rendered":"http:\/\/www.dive-club.com\/?page_id=1052"},"modified":"2020-01-23T05:13:33","modified_gmt":"2020-01-23T05:13:33","slug":"corso-refresher","status":"publish","type":"page","link":"https:\/\/www.dive-club.com\/diveclub\/prendi-il-brevetto\/corso-refresher\/?lang=it","title":{"rendered":"Corso Refresher"},"content":{"rendered":"<p>&nbsp;<\/p>\n<span class=\"aligncenter\"><span class=\"frame\"><a href=\"http:\/\/www.dive-club.com\/diveclub\/wp-content\/uploads\/2013\/02\/Refresher-Course.jpg\" title=\"\"  rel=\"prettyPhoto[rt_theme_thumb]\" class=\"imgeffect plus\"><img decoding=\"async\" src=\"http:\/\/www.dive-club.com\/diveclub\/wp-content\/uploads\/2013\/02\/Refresher-Course-620x349.jpg\" alt=\"\"  class=\"align\" \/><\/a><\/span><\/span>\n<p>E&#8217; da un p\u00f2 di tempo che non ti immergi? Le tue conoscenze tecniche sono un p\u00f2 arruginite?<\/p>\n<p style=\"text-align: justify;\">Il Corso Refresher \u00e8 quello che ci vuole! Questo corso ti aiuta a riavvicinarti alla subacquea in modo che ti senta a tuo agio sott&#8217;acqua in meno di un giorno.<\/p>\n<p>&nbsp;<\/p>\n<h5>La parte divertente<\/h5>\n<p>Rispolvera le tue conoscenze e gli esercizi, migliora la tua abilit\u00e0 subacquea e prepara la tua attrezzatura per la prossima immersione.<\/p>\n<h5>Cosa imparerai<\/h5>\n<p>Ripasserai le cose apprese durante il tuo corso inziale. Ripeterai gli esercizi fondamentali in piscina o in acqua confinata. Dopo aver verificato la tua conoscenza teorica, l&#8217;istruttore ti spiegher\u00e0 gli esercizi da svolgere in acqua. Ti fornir\u00e0 tutte le informazioni su ogni esercizio: perch\u00e8 \u00e8 importante, quali sono i punti da ricordare e come si svolgono. Sar\u00e0 un ottimo allenamento provare gli esercizi prima di metterli in pratica in acqua. <strong>Questo corso \u00e8 particolarmente indicato per:<\/strong><\/p>\n<ul class=\"check\">\n<li>chi ha un brevetto PADI Scuba Diver e vuole completare il corso diventando PADI Open Water Diver<\/li>\n<li>chi \u00e8 da tempo che non si immerge e vuole risentirsi a proprio agio in acqua<\/li>\n<\/ul>\n<h5>Attrezzatura<\/h5>\n<p>Userai l&#8217;attrezzatura completa<\/p>\n<h5>Requisiti<\/h5>\n<p><strong>Per fare il corso Refresher, devi:<\/strong><\/p>\n<ul class=\"check\">\n<li>essere in possesso del brevetto subacqueo<\/li>\n<li>avere l&#8217;et\u00e0 minima richiesta di 10 anni<\/li>\n<\/ul>\n<blockquote><p>PREZZO: \u20ac 120.00<\/p><\/blockquote>\n<blockquote><p>Attrezzatura inclusa e dopo il corso ottieni il 50% di sconto sul noleggio.<\/p><\/blockquote>\n<blockquote><p>DICHIARAZIONE MEDICA:<\/p><\/blockquote>\n<blockquote><p>Se il partecipante risponde in modo affermativo a una delle domande presenti nell&#8217;anamnesi medica, \u00e8 consigliabile consultare il proprio medico prima di intraprendere l&#8217;attivit\u00e0 subacquea.<\/p><\/blockquote>\n<blockquote><p>CLICCA QUI PER SCARICARE LA\u00a0 <a href=\"..\/..\/MedicalStatement-It.pdf\">DICHIARAZIONE MEDICA<\/a><\/p><\/blockquote>","protected":false},"excerpt":{"rendered":"<p>&nbsp; E&#8217; da un p\u00f2 di tempo che non ti immergi? Le tue conoscenze tecniche sono un p\u00f2 arruginite? Il Corso Refresher \u00e8 quello che ci vuole! Questo corso ti aiuta a riavvicinarti alla subacquea in modo che ti senta a tuo agio sott&#8217;acqua in meno di un giorno. &nbsp; La parte divertente Rispolvera le [&hellip;]<\/p>\n","protected":false},"author":2,"featured_media":0,"parent":1074,"menu_order":4,"comment_status":"closed","ping_status":"open","template":"","meta":{"footnotes":"","_links_to":"","_links_to_target":""},"_links":{"self":[{"href":"https:\/\/www.dive-club.com\/diveclub\/wp-json\/wp\/v2\/pages\/1052"}],"collection":[{"href":"https:\/\/www.dive-club.com\/diveclub\/wp-json\/wp\/v2\/pages"}],"about":[{"href":"https:\/\/www.dive-club.com\/diveclub\/wp-json\/wp\/v2\/types\/page"}],"author":[{"embeddable":true,"href":"https:\/\/www.dive-club.com\/diveclub\/wp-json\/wp\/v2\/users\/2"}],"replies":[{"embeddable":true,"href":"https:\/\/www.dive-club.com\/diveclub\/wp-json\/wp\/v2\/comments?post=1052"}],"version-history":[{"count":4,"href":"https:\/\/www.dive-club.com\/diveclub\/wp-json\/wp\/v2\/pages\/1052\/revisions"}],"predecessor-version":[{"id":3959,"href":"https:\/\/www.dive-club.com\/diveclub\/wp-json\/wp\/v2\/pages\/1052\/revisions\/3959"}],"up":[{"embeddable":true,"href":"https:\/\/www.dive-club.com\/diveclub\/wp-json\/wp\/v2\/pages\/1074"}],"wp:attachment":[{"href":"https:\/\/www.dive-club.com\/diveclub\/wp-json\/wp\/v2\/media?parent=1052"}],"curies":[{"name":"wp","href":"https:\/\/api.w.org\/{rel}","templated":true}]}}