{"id":1065,"date":"2013-02-25T12:39:43","date_gmt":"2013-02-25T12:39:43","guid":{"rendered":"http:\/\/www.dive-club.com\/?page_id=1065"},"modified":"2020-01-18T05:25:59","modified_gmt":"2020-01-18T05:25:59","slug":"il-corso-open-water","status":"publish","type":"page","link":"https:\/\/www.dive-club.com\/diveclub\/prendi-il-brevetto\/il-corso-open-water\/?lang=it","title":{"rendered":"Il Corso Open Water"},"content":{"rendered":"<p><strong>3\/5 Giorni per completare il corso PADI Open Water che include:<\/strong><\/p>\n<span class=\"aligncenter\"><span class=\"frame\"><a href=\"http:\/\/www.dive-club.com\/diveclub\/wp-content\/uploads\/2013\/02\/Scuba-Diver.jpg\" title=\"\"  rel=\"prettyPhoto[rt_theme_thumb]\" class=\"imgeffect plus\"><img decoding=\"async\" src=\"http:\/\/www.dive-club.com\/diveclub\/wp-content\/uploads\/2013\/02\/Scuba-Diver-620x350.jpg\" alt=\"\"  class=\"align\" \/><\/a><\/span><\/span>\n<ul class=\"check\">\n<li>Teoria in classe<\/li>\n<li>Acque confinate e acque libere<\/li>\n<li>Attrezzatura<\/li>\n<\/ul>\n<p><em>NOTE: Se hai gi\u00e0 completato la teoria da qualche parte e possiedi un attestato (referral form) rilasciato da una scuola, puoi completare il tuo corso con noi. Vedi i prezzi sottostanti.<\/em><\/p>\n<h5>COSA ASPETTARSI:<\/h5>\n<p style=\"text-align: justify;\">Il corso \u00e8 svolto da istruttori professionisti dediti all&#8217;insegnamento dell&#8217;attivit\u00e0 subacquea in modo divertente, sicuro e rilassante. Per iniziare il tuo corso devi essere in buona salute. Non \u00e8 necessario che tu sia un nuotatore olimpionico per partecipare.<\/p>\n<h5 style=\"text-align: justify;\">LA TEORIA:<\/h5>\n<p style=\"text-align: justify;\">Utilizziamo i pi\u00f9 moderni sistemi di comprensione disponibili, in un formato completo e facile da seguire. I video sono usati per rivedere e meglio comprendere cosa hai gi\u00e0 appreso dal manuale. Le sessioni di teoria sono fatte per la tua partecipazione e totale coinvolgimento nei tanti aspetti della subacquea.<\/p>\n<h4>LE ACQUE CONFINATE:<\/h4>\n<p style=\"text-align: justify;\">Le acque confinate o piscina sono svolte per farti rilassare e divertire nell&#8217;acqua usando l&#8217;attrezzatura.\u00a0 Accompagnato da un istruttore, svilupperai le abilit\u00e0 subacquee di base.<\/p>\n<h5>LE ACQUE LIBERE:<\/h5>\n<p style=\"text-align: justify;\">Tutte e quattro le immersioni in acque libere saranno svolte davanti al nostro centro, nei coloratissimi reefs del favoloso Mar Rosso. Durante queste immersioni dimostrerai confidenzialmente le abilit\u00e0 subacquee apprese nelle sessioni di acque confinate. Non ti verr\u00e0 richiesto niente di diverso da quello che hai imparato nella piscina. La ripetizione delle abilit\u00e0 imparate prender\u00e0 non pi\u00f9 di 15 minuti. Il resto di ogni immersione, circa 45 minuti, sar\u00e0 spesa nell&#8217;esplorazione del fantastico mondo subacqueo.<\/p>\n<blockquote><p>Prezzo:\u00a0 \u20ac 350.00<\/p><\/blockquote>\n<blockquote><p>Attrezzatura inclusa e dopo il corso ottieni il 50% di sconto sul noleggio.<\/p><\/blockquote>\n<blockquote><p>Solo le immersioni in acque libere:<\/p><\/blockquote>\n<blockquote><p>\u20ac 60.00 l&#8217;una &#8211; attrezzatura inclusa<\/p><\/blockquote>\n<blockquote><p>\u20ac 80.00 costo di certificazione,manuale e tavole Padi<\/p><\/blockquote>\n<blockquote><p>DICHIARAZIONE MEDICA:<\/p><\/blockquote>\n<blockquote><p>Se il partecipante risponde in modo affermativo a una delle domande presenti nell&#8217;anamnesi medica, \u00e8 consigliabile consultare il proprio medico prima di intraprendere l&#8217;attivit\u00e0 subacquea.<\/p><\/blockquote>\n<blockquote><p>CLICCA QUI PER SCARICARE LA\u00a0 <a href=\"http:\/\/www.dive-club.com\/MedicalStatement-It.pdf\">DICHIARAZIONE MEDICA<\/a><\/p><\/blockquote>","protected":false},"excerpt":{"rendered":"<p>3\/5 Giorni per completare il corso PADI Open Water che include: Teoria in classe Acque confinate e acque libere Attrezzatura NOTE: Se hai gi\u00e0 completato la teoria da qualche parte e possiedi un attestato (referral form) rilasciato da una scuola, puoi completare il tuo corso con noi. Vedi i prezzi sottostanti. COSA ASPETTARSI: Il corso [&hellip;]<\/p>\n","protected":false},"author":2,"featured_media":0,"parent":1074,"menu_order":1,"comment_status":"closed","ping_status":"open","template":"","meta":{"footnotes":"","_links_to":"","_links_to_target":""},"_links":{"self":[{"href":"https:\/\/www.dive-club.com\/diveclub\/wp-json\/wp\/v2\/pages\/1065"}],"collection":[{"href":"https:\/\/www.dive-club.com\/diveclub\/wp-json\/wp\/v2\/pages"}],"about":[{"href":"https:\/\/www.dive-club.com\/diveclub\/wp-json\/wp\/v2\/types\/page"}],"author":[{"embeddable":true,"href":"https:\/\/www.dive-club.com\/diveclub\/wp-json\/wp\/v2\/users\/2"}],"replies":[{"embeddable":true,"href":"https:\/\/www.dive-club.com\/diveclub\/wp-json\/wp\/v2\/comments?post=1065"}],"version-history":[{"count":4,"href":"https:\/\/www.dive-club.com\/diveclub\/wp-json\/wp\/v2\/pages\/1065\/revisions"}],"predecessor-version":[{"id":3858,"href":"https:\/\/www.dive-club.com\/diveclub\/wp-json\/wp\/v2\/pages\/1065\/revisions\/3858"}],"up":[{"embeddable":true,"href":"https:\/\/www.dive-club.com\/diveclub\/wp-json\/wp\/v2\/pages\/1074"}],"wp:attachment":[{"href":"https:\/\/www.dive-club.com\/diveclub\/wp-json\/wp\/v2\/media?parent=1065"}],"curies":[{"name":"wp","href":"https:\/\/api.w.org\/{rel}","templated":true}]}}