{"id":1069,"date":"2013-02-25T12:48:23","date_gmt":"2013-02-25T12:48:23","guid":{"rendered":"http:\/\/www.dive-club.com\/?page_id=1069"},"modified":"2020-01-23T04:55:45","modified_gmt":"2020-01-23T04:55:45","slug":"padi-scuba-diver","status":"publish","type":"page","link":"https:\/\/www.dive-club.com\/diveclub\/prendi-il-brevetto\/padi-scuba-diver\/?lang=it","title":{"rendered":"PADI Scuba Diver"},"content":{"rendered":"<p>Stai pensando di prendere il brevetto per la prossima vacanza ma non hai abbastanza tempo per completarlo?<\/p>\n<span class=\"aligncenter\"><span class=\"frame\"><a href=\"http:\/\/www.dive-club.com\/diveclub\/wp-content\/uploads\/2013\/02\/Scuba-Diver.jpg\" title=\"\"  rel=\"prettyPhoto[rt_theme_thumb]\" class=\"imgeffect plus\"><img decoding=\"async\" src=\"http:\/\/www.dive-club.com\/diveclub\/wp-content\/uploads\/2013\/02\/Scuba-Diver-620x350.jpg\" alt=\"\"  class=\"align\" \/><\/a><\/span><\/span>\n<p style=\"text-align: justify;\">Ora c&#8217;\u00e8 un programma veloce e facile adatto proprio a te! Questa \u00e8 la tua opportunit\u00e0 di metter su pinne, maschera e di vivere un&#8217;interessante avventura in poco tempo. Il corso PADI Scuba Diver \u00e8 perfetto per i vacanzieri e le persone che si immergono poche volte all&#8217;anno.<\/p>\n<p style=\"text-align: justify;\">Il programma PADI Scuba Diver \u00e8 semplicemente una parte del pi\u00f9 completo corso PADI Open Water e ti permette di ottenere il brevetto velocemente e facilmente minimizzando i tempi. Con questa certificazione ti devi immergere sotto la diretta supervisione di un Divemaster, Assistente Istruttore, Istruttore durante la tua prossima vacanza o in un&#8217;escursione subacquea.<\/p>\n<p style=\"text-align: justify;\">Questo programma \u00e8 una splendida opportunit\u00e0 per esplorare il mondo subacqueo in tutta sicurezza con una guida esperta al tuo fianco. Le conoscenze e gli esercizi che imparerai in questo programma sono solo l&#8217;inizio di un&#8217;ampia gamma di corsi e programmi. Con il brevetto PADI Scuba Diver avrai la possibilit\u00e0 di richiedere l&#8217;attrezzatura e le bombole e altri servizi sotto supervisione. Dopo aver completato il programma, potrai continuare il tuo addestramento per completare il corso PADI Open Water ed scoprire tutte le opportunit\u00e0 come il corso PADI Advanced Open Water, le varie specialit\u00e0 tra cui fotografia subacquea, le immersioni con la muta stagna o il Project AWARE per identificare i pesci e tante altre.<\/p>\n<p style=\"text-align: justify;\">Durante questo corso di 2 giorni userai il manuale del corso PADI Open Water e il video o il multimediale CD-ROM. Le cose imparate in questo programma ti serviranno per ottenere il brevetto Open Water Diver, in quanto si utilizza lo stesso materiale.<\/p>\n<p style=\"text-align: justify;\">Qualsiasi persona dai 15 anni in su pu\u00f2 ottenere il brevetto PADI Scuba Diver. Per i bimbi dai 10 ai 14 anni esiste lo stesso programma chiamato Junior Scuba Diver. Un istruttore PADI ti chieder\u00e0 di completare alcuni documenti come la dichiarazione medica, la dichiarazione di esenzione di responsabilit\u00e0 ed assunzione del rischio e le norme di sicurezza dell&#8217;immersione. Una volta completati e firmati, \u00e8 tempo di immergersi!<\/p>\n<p>&nbsp;<\/p>\n<blockquote><p>PREZZO:\u00a0 \u20ac 250<\/p><\/blockquote>\n<blockquote><p>Attrezzatura inclusa e dopo il corso ottieni il 50% di sconto sul noleggio.<\/p><\/blockquote>\n<blockquote><p>\u20ac 80.00 costo di certificazione, Manuale Padi e tabelle<\/p><\/blockquote>\n<p>&nbsp;<\/p>\n<blockquote><p>DICHIARAZIONE MEDICA:<\/p><\/blockquote>\n<blockquote><p>Se il partecipante risponde in modo affermativo a una delle domande presenti nell&#8217;anamnesi medica, \u00e8 consigliabile consultare il proprio medico prima di intraprendere l&#8217;attivit\u00e0 subacquea.<\/p><\/blockquote>\n<blockquote><p>CLICCA QUI PER SCARICARE LA\u00a0 <a href=\"..\/..\/MedicalStatement-It.pdf\">DICHIARAZIONE MEDICA<\/a><\/p><\/blockquote>","protected":false},"excerpt":{"rendered":"<p>Stai pensando di prendere il brevetto per la prossima vacanza ma non hai abbastanza tempo per completarlo? Ora c&#8217;\u00e8 un programma veloce e facile adatto proprio a te! Questa \u00e8 la tua opportunit\u00e0 di metter su pinne, maschera e di vivere un&#8217;interessante avventura in poco tempo. Il corso PADI Scuba Diver \u00e8 perfetto per i [&hellip;]<\/p>\n","protected":false},"author":2,"featured_media":0,"parent":1074,"menu_order":0,"comment_status":"closed","ping_status":"open","template":"","meta":{"footnotes":"","_links_to":"","_links_to_target":""},"_links":{"self":[{"href":"https:\/\/www.dive-club.com\/diveclub\/wp-json\/wp\/v2\/pages\/1069"}],"collection":[{"href":"https:\/\/www.dive-club.com\/diveclub\/wp-json\/wp\/v2\/pages"}],"about":[{"href":"https:\/\/www.dive-club.com\/diveclub\/wp-json\/wp\/v2\/types\/page"}],"author":[{"embeddable":true,"href":"https:\/\/www.dive-club.com\/diveclub\/wp-json\/wp\/v2\/users\/2"}],"replies":[{"embeddable":true,"href":"https:\/\/www.dive-club.com\/diveclub\/wp-json\/wp\/v2\/comments?post=1069"}],"version-history":[{"count":4,"href":"https:\/\/www.dive-club.com\/diveclub\/wp-json\/wp\/v2\/pages\/1069\/revisions"}],"predecessor-version":[{"id":3946,"href":"https:\/\/www.dive-club.com\/diveclub\/wp-json\/wp\/v2\/pages\/1069\/revisions\/3946"}],"up":[{"embeddable":true,"href":"https:\/\/www.dive-club.com\/diveclub\/wp-json\/wp\/v2\/pages\/1074"}],"wp:attachment":[{"href":"https:\/\/www.dive-club.com\/diveclub\/wp-json\/wp\/v2\/media?parent=1069"}],"curies":[{"name":"wp","href":"https:\/\/api.w.org\/{rel}","templated":true}]}}