{"id":1076,"date":"2013-02-25T13:00:13","date_gmt":"2013-02-25T13:00:13","guid":{"rendered":"http:\/\/www.dive-club.com\/?page_id=1076"},"modified":"2020-01-18T05:08:02","modified_gmt":"2020-01-18T05:08:02","slug":"il-corso-discover-scuba-diving","status":"publish","type":"page","link":"https:\/\/www.dive-club.com\/diveclub\/prova-diving\/il-corso-discover-scuba-diving\/?lang=it","title":{"rendered":"Il Corso Discover Scuba Diving"},"content":{"rendered":"<span class=\"aligncenter\"><span class=\"frame\"><a href=\"http:\/\/www.dive-club.com\/diveclub\/wp-content\/uploads\/2013\/02\/Discover-Scuba-Diving-Course.jpg\" title=\"\"  rel=\"prettyPhoto[rt_theme_thumb]\" class=\"imgeffect plus\"><img decoding=\"async\" src=\"http:\/\/www.dive-club.com\/diveclub\/wp-content\/uploads\/2013\/02\/Discover-Scuba-Diving-Course-640x350.jpg\" alt=\"\"  class=\"align\" \/><\/a><\/span><\/span>\n<p><strong>Discover scuba diving significa scoprire divertimento e avventura, libert\u00e0 e serenit\u00e0!\u00a0\u00a0\u00a0\u00a0\u00a0<\/strong><\/p>\n<p><strong>Niente paragona all&#8217;assenza di peso l&#8217;eccitazione di respirare sott&#8217;acqua. Solo un subacqueo pu\u00f2 capire questa sensazione!<\/strong><\/p>\n<p style=\"text-align: justify;\">Questo programma offre la possibilit\u00e0 di sperimentare il piacere della subacquea sotto la supervisione di un istruttore PADI in condizioni ottimali. Durante questa avventura, imparerai alcuni concetti base della subacquea prima di cominciare la tua prima immersione in acque libere.<\/p>\n<p style=\"text-align: justify;\">L&#8217;immersione raggiunger\u00e0 una profondit\u00e0 massima di 12 metri (ovviamente dipende da dove ti immergi!). Questa esperienza \u00e8 uno dei modi migliori per cominciare il tuo percorso nell&#8217;ottenere un brevetto PADI Scuba Diver o PADI Open Water Diver. Questo perch\u00e8 le conoscenze che apprenderai durante questa avventura saranno un credito per queste certificazioni. Tutto ci\u00f2 che devi fare \u00e8 compilare i documenti necessari: lo Student Diver Record e il Referral Form, con i quali potrai completare il corso in qualsiasi centro diving PADI.<\/p>\n<blockquote><p>PREZZO:\u00a0 \u20ac 120.00<\/p><\/blockquote>\n<blockquote><p>Inclusa tutta l&#8217;attrezzatura necessaria.<\/p><\/blockquote>\n<blockquote><p>Et\u00e0 minima richiesta per partecipare al programma Discover Scuba Diving, \u00e8 di 10 anni.<\/p><\/blockquote>\n<blockquote><p>DICHIARAZIONE MEDICA:<\/p><\/blockquote>\n<blockquote><p>Se il partecipante risponde in modo affermativo a una delle domande presenti nell&#8217;anamnesi medica, \u00e8 consigliabile consultare il proprio medico prima di intraprendere l&#8217;attivit\u00e0 subacquea.<\/p><\/blockquote>\n<blockquote><p>CLICCA QUI PER SCARICARE LA\u00a0 <a href=\"..\/..\/MedicalStatement-It.pdf\">DICHIARAZIONE MEDICA<\/a><\/p><\/blockquote>","protected":false},"excerpt":{"rendered":"<p>Discover scuba diving significa scoprire divertimento e avventura, libert\u00e0 e serenit\u00e0!\u00a0\u00a0\u00a0\u00a0\u00a0 Niente paragona all&#8217;assenza di peso l&#8217;eccitazione di respirare sott&#8217;acqua. Solo un subacqueo pu\u00f2 capire questa sensazione! Questo programma offre la possibilit\u00e0 di sperimentare il piacere della subacquea sotto la supervisione di un istruttore PADI in condizioni ottimali. Durante questa avventura, imparerai alcuni concetti base [&hellip;]<\/p>\n","protected":false},"author":2,"featured_media":0,"parent":1104,"menu_order":2,"comment_status":"closed","ping_status":"open","template":"","meta":{"footnotes":"","_links_to":"","_links_to_target":""},"_links":{"self":[{"href":"https:\/\/www.dive-club.com\/diveclub\/wp-json\/wp\/v2\/pages\/1076"}],"collection":[{"href":"https:\/\/www.dive-club.com\/diveclub\/wp-json\/wp\/v2\/pages"}],"about":[{"href":"https:\/\/www.dive-club.com\/diveclub\/wp-json\/wp\/v2\/types\/page"}],"author":[{"embeddable":true,"href":"https:\/\/www.dive-club.com\/diveclub\/wp-json\/wp\/v2\/users\/2"}],"replies":[{"embeddable":true,"href":"https:\/\/www.dive-club.com\/diveclub\/wp-json\/wp\/v2\/comments?post=1076"}],"version-history":[{"count":5,"href":"https:\/\/www.dive-club.com\/diveclub\/wp-json\/wp\/v2\/pages\/1076\/revisions"}],"predecessor-version":[{"id":3848,"href":"https:\/\/www.dive-club.com\/diveclub\/wp-json\/wp\/v2\/pages\/1076\/revisions\/3848"}],"up":[{"embeddable":true,"href":"https:\/\/www.dive-club.com\/diveclub\/wp-json\/wp\/v2\/pages\/1104"}],"wp:attachment":[{"href":"https:\/\/www.dive-club.com\/diveclub\/wp-json\/wp\/v2\/media?parent=1076"}],"curies":[{"name":"wp","href":"https:\/\/api.w.org\/{rel}","templated":true}]}}