{"id":1086,"date":"2013-02-25T13:28:28","date_gmt":"2013-02-25T13:28:28","guid":{"rendered":"http:\/\/www.dive-club.com\/?page_id=1086"},"modified":"2013-04-08T23:30:39","modified_gmt":"2013-04-08T23:30:39","slug":"il-battesimo-della-subacquea","status":"publish","type":"page","link":"https:\/\/www.dive-club.com\/diveclub\/prova-diving\/il-battesimo-della-subacquea\/?lang=it","title":{"rendered":"Il Battesimo della subacquea"},"content":{"rendered":"<p>Il Battesimo della subacquea ti porter\u00e0 a scoprire un mondo nuovo con un istruttore che ti dar\u00e0 una breve spiegazione, prima di immergerti,\u00a0 per godere al massimo questa esperienza.<\/p>\n<span class=\"aligncenter\"><span class=\"frame\"><a href=\"http:\/\/www.dive-club.com\/diveclub\/wp-content\/uploads\/2013\/02\/Introductory-Dive.jpg\" title=\"\"  rel=\"prettyPhoto[rt_theme_thumb]\" class=\"imgeffect plus\"><img decoding=\"async\" src=\"http:\/\/www.dive-club.com\/diveclub\/wp-content\/uploads\/2013\/02\/Introductory-Dive-620x350.jpg\" alt=\"\"  class=\"align\" \/><\/a><\/span><\/span>\n<p>L&#8217;istruttore ti accompagner\u00e0 mano nella mano fino ad un massimo di 5-6 metri di profondit\u00e0 per vedere dei magnifici giardini di corallo situati proprio di fronte al nostro centro diving o, volendo, c&#8217;\u00e8 la possibilit\u00e0 di farlo dalla barca nelle nostre escursioni giornaliere.<\/p>\n<p>In questo modo puoi scoprire se l&#8217;attivit\u00e0 subacquea fa per te!<\/p>\n<blockquote><p>PREZZO:\u00a0 \u20ac 50.00<\/p><\/blockquote>\n<blockquote><p>Inclusa tutta l&#8217;attrezzatura necessaria.<\/p><\/blockquote>\n<blockquote><p>L&#8217;et\u00e0 minima per fare il battesimo \u00e8 di 10 anni.<\/p><\/blockquote>\n<blockquote><p>DICHIARAZIONE MEDICA:<\/p><\/blockquote>\n<blockquote><p>Se il partecipante risponde in modo affermativo a una delle domande presenti nell&#8217;anamnesi medica, \u00e8 consigliabile consultare il proprio medico prima di intraprendere l&#8217;attivit\u00e0 subacquea<\/p><\/blockquote>\n<blockquote><p>CLICCA QUI PER SCARICARE LA <a href=\"http:\/\/www.dive-club.com\/MedicalStatement-It.pdf\">DICHIARAZIONE MEDICA<\/a><\/p><\/blockquote>","protected":false},"excerpt":{"rendered":"<p>Il Battesimo della subacquea ti porter\u00e0 a scoprire un mondo nuovo con un istruttore che ti dar\u00e0 una breve spiegazione, prima di immergerti,\u00a0 per godere al massimo questa esperienza. L&#8217;istruttore ti accompagner\u00e0 mano nella mano fino ad un massimo di 5-6 metri di profondit\u00e0 per vedere dei magnifici giardini di corallo situati proprio di fronte [&hellip;]<\/p>\n","protected":false},"author":2,"featured_media":0,"parent":1104,"menu_order":1,"comment_status":"closed","ping_status":"closed","template":"","meta":{"footnotes":"","_links_to":"","_links_to_target":""},"_links":{"self":[{"href":"https:\/\/www.dive-club.com\/diveclub\/wp-json\/wp\/v2\/pages\/1086"}],"collection":[{"href":"https:\/\/www.dive-club.com\/diveclub\/wp-json\/wp\/v2\/pages"}],"about":[{"href":"https:\/\/www.dive-club.com\/diveclub\/wp-json\/wp\/v2\/types\/page"}],"author":[{"embeddable":true,"href":"https:\/\/www.dive-club.com\/diveclub\/wp-json\/wp\/v2\/users\/2"}],"replies":[{"embeddable":true,"href":"https:\/\/www.dive-club.com\/diveclub\/wp-json\/wp\/v2\/comments?post=1086"}],"version-history":[{"count":3,"href":"https:\/\/www.dive-club.com\/diveclub\/wp-json\/wp\/v2\/pages\/1086\/revisions"}],"predecessor-version":[{"id":1094,"href":"https:\/\/www.dive-club.com\/diveclub\/wp-json\/wp\/v2\/pages\/1086\/revisions\/1094"}],"up":[{"embeddable":true,"href":"https:\/\/www.dive-club.com\/diveclub\/wp-json\/wp\/v2\/pages\/1104"}],"wp:attachment":[{"href":"https:\/\/www.dive-club.com\/diveclub\/wp-json\/wp\/v2\/media?parent=1086"}],"curies":[{"name":"wp","href":"https:\/\/api.w.org\/{rel}","templated":true}]}}