{"id":1104,"date":"2013-02-25T13:53:54","date_gmt":"2013-02-25T13:53:54","guid":{"rendered":"http:\/\/www.dive-club.com\/?page_id=1104"},"modified":"2013-04-08T23:23:33","modified_gmt":"2013-04-08T23:23:33","slug":"prova-diving","status":"publish","type":"page","link":"https:\/\/www.dive-club.com\/diveclub\/prova-diving\/?lang=it","title":{"rendered":"Prova Diving"},"content":{"rendered":"<span class=\"frame alignleft\"><a href=\"http:\/\/www.dive-club.com\/diveclub\/wp-content\/uploads\/2013\/02\/image30.jpg\" title=\"\"  rel=\"prettyPhoto[rt_theme_thumb]\" class=\"imgeffect plus\"><img decoding=\"async\" src=\"http:\/\/www.dive-club.com\/diveclub\/wp-content\/uploads\/2013\/02\/image30-150x150.jpg\" alt=\"\"  class=\"align\" \/><\/a><\/span>\n<h4>Bubblemaker<\/h4>\n<p>L&#8217;esperienza del Bubblemaker PADI<\/p>\n<p>E&#8217; uno dei modi migliori per introdurre la subacquea ai bambini in piscina o in acque confinate<\/p>\n<p><a href=\"http:\/\/www.dive-club.com\/sinai-dive-club-Italian\/bubble-maker\">Leggi&#8230;<\/a><\/p>\n<div class=\"line\"><span class=\"line\">\u00a0<\/span><\/div>\n<span class=\"frame alignleft\"><a href=\"http:\/\/www.dive-club.com\/diveclub\/wp-content\/uploads\/2013\/02\/Introductory-Dive.jpg\" title=\"\"  rel=\"prettyPhoto[rt_theme_thumb]\" class=\"imgeffect plus\"><img decoding=\"async\" src=\"http:\/\/www.dive-club.com\/diveclub\/wp-content\/uploads\/2013\/02\/Introductory-Dive-150x150.jpg\" alt=\"\"  class=\"align\" \/><\/a><\/span>\n<h4>Il Battesimo della subacquea<\/h4>\n<p>Il battesimo della subacquea verr\u00e0 svolto con un istruttore che ti porter\u00e0 per mano fino ad un max di 5 metri di profondit\u00e0. Prima di entrare in acqua l&#8217;istruttore ti dar\u00e0 una breve spiegazione in modo da godere il pi\u00f9 possibile questa esperienza.<\/p>\n<p><a href=\"http:\/\/www.dive-club.com\/sinai-dive-club-Italian\/introductory-dive\">Leggi&#8230;<\/a><\/p>\n<div class=\"line\"><span class=\"line\">\u00a0<\/span><\/div>\n<span class=\"frame alignleft\"><a href=\"http:\/\/www.dive-club.com\/diveclub\/wp-content\/uploads\/2013\/02\/Discover-Scuba-Diving.jpg\" title=\"\"  rel=\"prettyPhoto[rt_theme_thumb]\" class=\"imgeffect plus\"><img decoding=\"async\" src=\"http:\/\/www.dive-club.com\/diveclub\/wp-content\/uploads\/2013\/02\/Discover-Scuba-Diving-150x150.jpg\" alt=\"\"  class=\"align\" \/><\/a><\/span>\n<h4>Il Corso Discover Scuba Diving<\/h4>\n<p>Discover scuba diving significa scoprire divertimento e avventura, libert\u00e0 e serenit\u00e0!<\/p>\n<p>Niente paragona all&#8217;assenza di peso l&#8217;eccitazione di respirare sott&#8217;acqua. Solo un subacqueo pu\u00f2 capire questa sensazione!<\/p>\n<p><a href=\"http:\/\/www.dive-club.com\/sinai-dive-club-Italian\/discover-scuba-diving-course\">Leggi&#8230;<\/a><a href=\"https:\/\/www.dive-club.com\/diveclub\/try-diving\/discover-scuba-diving\/\">\u2192<\/a><\/p>","protected":false},"excerpt":{"rendered":"<p>Bubblemaker L&#8217;esperienza del Bubblemaker PADI E&#8217; uno dei modi migliori per introdurre la subacquea ai bambini in piscina o in acque confinate Leggi&#8230; \u00a0 Il Battesimo della subacquea Il battesimo della subacquea verr\u00e0 svolto con un istruttore che ti porter\u00e0 per mano fino ad un max di 5 metri di profondit\u00e0. Prima di entrare in [&hellip;]<\/p>\n","protected":false},"author":2,"featured_media":0,"parent":0,"menu_order":2,"comment_status":"closed","ping_status":"open","template":"","meta":{"footnotes":"","_links_to":"","_links_to_target":""},"_links":{"self":[{"href":"https:\/\/www.dive-club.com\/diveclub\/wp-json\/wp\/v2\/pages\/1104"}],"collection":[{"href":"https:\/\/www.dive-club.com\/diveclub\/wp-json\/wp\/v2\/pages"}],"about":[{"href":"https:\/\/www.dive-club.com\/diveclub\/wp-json\/wp\/v2\/types\/page"}],"author":[{"embeddable":true,"href":"https:\/\/www.dive-club.com\/diveclub\/wp-json\/wp\/v2\/users\/2"}],"replies":[{"embeddable":true,"href":"https:\/\/www.dive-club.com\/diveclub\/wp-json\/wp\/v2\/comments?post=1104"}],"version-history":[{"count":6,"href":"https:\/\/www.dive-club.com\/diveclub\/wp-json\/wp\/v2\/pages\/1104\/revisions"}],"predecessor-version":[{"id":1106,"href":"https:\/\/www.dive-club.com\/diveclub\/wp-json\/wp\/v2\/pages\/1104\/revisions\/1106"}],"wp:attachment":[{"href":"https:\/\/www.dive-club.com\/diveclub\/wp-json\/wp\/v2\/media?parent=1104"}],"curies":[{"name":"wp","href":"https:\/\/api.w.org\/{rel}","templated":true}]}}