{"id":1108,"date":"2013-02-25T14:07:25","date_gmt":"2013-02-25T14:07:25","guid":{"rendered":"http:\/\/www.dive-club.com\/?page_id=1108"},"modified":"2018-12-12T17:03:12","modified_gmt":"2018-12-12T17:03:12","slug":"mar-rosso-immersioni-links","status":"publish","type":"page","link":"https:\/\/www.dive-club.com\/diveclub\/su-di-noi\/mar-rosso-immersioni-links\/?lang=it","title":{"rendered":"Mar Rosso &#038; Immersioni &#8211; Links"},"content":{"rendered":"<h4>Organizzazioni per l&#8217; insegnamento subacqueo<\/h4>\n<p><a href=\"http:\/\/www.padi.com\" target=\"_blank\" rel=\"noopener\">PADI<\/a>\u00a0Professional Association of Diving Instructors<\/p>\n<p><a href=\"http:\/\/www.ssiusa.com\" target=\"_blank\" rel=\"noopener\">SSI<\/a>\u00a0Scuba Schools International<\/p>\n<p><a href=\"http:\/\/www.ssieu.com\" target=\"_blank\" rel=\"noopener\">SSI Europe<\/a>\u00a0Scuba Schools International &#8211; Europe<\/p>\n<p><a href=\"http:\/\/www.bsac.com\" target=\"_blank\" rel=\"noopener\">BSAC<\/a>\u00a0British Sub Aqua Club<\/p>\n<p><a href=\"http:\/\/www.iddworld.com\" target=\"_blank\" rel=\"noopener\">IDD<\/a>\u00a0Instructor Dive Development<\/p>\n<p><a href=\"http:\/\/www.iantd.com\" target=\"_blank\" rel=\"noopener\">IANTD<\/a>Int. Association of Nitrox and Technical Divers<\/p>\n<p><a href=\"http:\/\/www.tdisdi.com\" target=\"_blank\" rel=\"noopener\">TDI<\/a>\u00a0Technical Diving International<\/p>\n<p><a href=\"http:\/\/www.cmas2000.org\" target=\"_blank\" rel=\"noopener\">CMAS<\/a>\u00a0Conf\u00e9d\u00e9ration Mondiale Activit\u00e9s Subaquatiques<\/p>\n<p><a href=\"http:\/\/www.naui.org\" target=\"_blank\" rel=\"noopener\">NAUI<\/a>\u00a0National Association of Underwater Instructors<\/p>\n<p><a href=\"http:\/\/www.ffessm.fr\" target=\"_blank\" rel=\"noopener\">FFESSM<\/a>\u00a0F\u00e9d. Fran\u00e7aise d&#8217;Etudes et de Sports Sous-Marins<\/p>\n<h4>Directories<\/h4>\n<p><a title=\"Scuba Diving Directory\" href=\"http:\/\/www.scubadiving-directory.com\/\" target=\"_blank\" rel=\"noopener\">Scuba Diving Directory<\/a>\u00a0&#8211; Il tuo portale sulle immersioni nel mondo<\/p>\n<p><a href=\"http:\/\/www.divesitedirectory.com\/\" target=\"_blank\" rel=\"noopener\">Dive Site Directory<\/a>\u00a0&#8211; I siti di immersione nel mondo<\/p>\n<p><a href=\"http:\/\/www.sportsvl.com\/\" target=\"_blank\" rel=\"noopener\">Virtual Library of Sport<\/a> <a href=\"http:\/\/www.112buceo.com\/\" target=\"_blank\" rel=\"noopener\">112Buceo.com<\/a>\u00a0&#8211; Directorio de buceo profesional y recreativo<\/p>\n<p><a href=\"http:\/\/www.addme.com\/\">AddMe &#8211; Search Engine Optimization<\/a><\/p>\n<h4>Egitto &amp; Mar Rosso<\/h4>\n<p><a href=\"http:\/\/www.country-info.com\/facts\/Egypt.htm\" target=\"_blank\" rel=\"noopener\">Egypt<\/a>\u00a0Informazioni sul Paese<\/p>\n<p><a href=\"http:\/\/www.egypttoday.com\/\" target=\"_blank\" rel=\"noopener\">Egypt Today<\/a>\u00a0Il Magazine sull&#8217;Egitto<\/p>\n<p><a href=\"http:\/\/www.touregypt.net\/\" target=\"_blank\" rel=\"noopener\">Tour Egypt Guide<\/a>\u00a0Guida all&#8217;Egitto antico e moderno<\/p>\n<p><a href=\"http:\/\/www.red-sea.com\/\" target=\"_blank\" rel=\"noopener\">Red Sea<\/a>\u00a0Guida e motore di ricerca<\/p>\n<p><a href=\"http:\/\/www.underwaterphotographie.com\/\" target=\"_blank\" rel=\"noopener\">The World of the Underwater Photography<\/a><\/p>\n<p><a href=\"http:\/\/www.sharmguide.com\/\" target=\"_blank\" rel=\"noopener\">Sharm el-Sheikh Guide<\/a><\/p>\n<p><a href=\"http:\/\/www.ssthistlegorm.com\/\" target=\"_blank\" rel=\"noopener\">SS Thistlegorm<\/a>\u00a0Storia del piu&#8217; famoso relitto<\/p>\n<p><a href=\"http:\/\/www.touregypt.net\/\">Egypt Travel Guide<\/a><\/p>","protected":false},"excerpt":{"rendered":"<p>Organizzazioni per l&#8217; insegnamento subacqueo PADI\u00a0Professional Association of Diving Instructors SSI\u00a0Scuba Schools International SSI Europe\u00a0Scuba Schools International &#8211; Europe BSAC\u00a0British Sub Aqua Club IDD\u00a0Instructor Dive Development IANTDInt. Association of Nitrox and Technical Divers TDI\u00a0Technical Diving International CMAS\u00a0Conf\u00e9d\u00e9ration Mondiale Activit\u00e9s Subaquatiques NAUI\u00a0National Association of Underwater Instructors FFESSM\u00a0F\u00e9d. Fran\u00e7aise d&#8217;Etudes et de Sports Sous-Marins Directories Scuba Diving [&hellip;]<\/p>\n","protected":false},"author":2,"featured_media":0,"parent":857,"menu_order":4,"comment_status":"closed","ping_status":"closed","template":"","meta":{"footnotes":"","_links_to":"","_links_to_target":""},"_links":{"self":[{"href":"https:\/\/www.dive-club.com\/diveclub\/wp-json\/wp\/v2\/pages\/1108"}],"collection":[{"href":"https:\/\/www.dive-club.com\/diveclub\/wp-json\/wp\/v2\/pages"}],"about":[{"href":"https:\/\/www.dive-club.com\/diveclub\/wp-json\/wp\/v2\/types\/page"}],"author":[{"embeddable":true,"href":"https:\/\/www.dive-club.com\/diveclub\/wp-json\/wp\/v2\/users\/2"}],"replies":[{"embeddable":true,"href":"https:\/\/www.dive-club.com\/diveclub\/wp-json\/wp\/v2\/comments?post=1108"}],"version-history":[{"count":2,"href":"https:\/\/www.dive-club.com\/diveclub\/wp-json\/wp\/v2\/pages\/1108\/revisions"}],"predecessor-version":[{"id":3785,"href":"https:\/\/www.dive-club.com\/diveclub\/wp-json\/wp\/v2\/pages\/1108\/revisions\/3785"}],"up":[{"embeddable":true,"href":"https:\/\/www.dive-club.com\/diveclub\/wp-json\/wp\/v2\/pages\/857"}],"wp:attachment":[{"href":"https:\/\/www.dive-club.com\/diveclub\/wp-json\/wp\/v2\/media?parent=1108"}],"curies":[{"name":"wp","href":"https:\/\/api.w.org\/{rel}","templated":true}]}}