{"id":1137,"date":"2013-02-25T15:55:48","date_gmt":"2013-02-25T15:55:48","guid":{"rendered":"http:\/\/www.dive-club.com\/?page_id=1137"},"modified":"2013-04-09T14:45:22","modified_gmt":"2013-04-09T14:45:22","slug":"il-corso-divemaster","status":"publish","type":"page","link":"https:\/\/www.dive-club.com\/diveclub\/il-corso-divemaster\/?lang=it","title":{"rendered":"Il Corso Divemaster"},"content":{"rendered":"<span class=\"frame alignleft\"><a href=\"http:\/\/www.dive-club.com\/diveclub\/wp-content\/uploads\/2013\/02\/Divemaster-Course.jpg\" title=\"\"  rel=\"prettyPhoto[rt_theme_thumb]\" class=\"imgeffect plus\"><img decoding=\"async\" src=\"http:\/\/www.dive-club.com\/diveclub\/wp-content\/uploads\/2013\/02\/Divemaster-Course-150x150.jpg\" alt=\"\"  class=\"align\" \/><\/a><\/span>\n<h4>Il Corso Divemaster<\/h4>\n<p>Il corso PADI Divemaster \u00e8 stato progettao per allenare i subacquei Rescue nel controllare, gestire e supervisionare un gruppo di subacquei. Questo corso suddiviso in 3 moduli fornisce ampio sviluppo di quelle competenze\u00a0 sulla subacquea, resistenza e conoscenze teoriche delle immersioni.<\/p>\n<p><a href=\"http:\/\/www.dive-club.com\/sinai-dive-club-Italian\/dive-master\">Leggi&#8230;<\/a><\/p>\n<div class=\"line\"><span class=\"line\">\u00a0<\/span><\/div>\n<span class=\"frame alignleft\"><a href=\"http:\/\/www.dive-club.com\/diveclub\/wp-content\/uploads\/2013\/02\/Assistant-Instructor-Course-AI.jpg\" title=\"\"  rel=\"prettyPhoto[rt_theme_thumb]\" class=\"imgeffect plus\"><img decoding=\"async\" src=\"http:\/\/www.dive-club.com\/diveclub\/wp-content\/uploads\/2013\/02\/Assistant-Instructor-Course-AI-150x150.jpg\" alt=\"\"  class=\"align\" \/><\/a><\/span>\n<h4>Assistant Instructor Course\/AI<\/h4>\n<p>Accresci le tue abilit\u00e0 nell&#8217;organizzare e supervisionare le attivit\u00e0 subacquee, mentre sei concentrato sul metodo di insegnamento degli esercizi.<\/p>\n<p><a href=\"http:\/\/www.dive-club.com\/sinai-dive-club-Italian\/assistant-instructor-course\">Leggi&#8230;<\/a><\/p>\n<div class=\"line\"><span class=\"line\">\u00a0<\/span><\/div>\n<span class=\"frame alignleft\"><a href=\"http:\/\/www.dive-club.com\/diveclub\/wp-content\/uploads\/2013\/02\/IDC-Prep-Course.jpg\" title=\"\"  rel=\"prettyPhoto[rt_theme_thumb]\" class=\"imgeffect plus\"><img decoding=\"async\" src=\"http:\/\/www.dive-club.com\/diveclub\/wp-content\/uploads\/2013\/02\/IDC-Prep-Course-150x150.jpg\" alt=\"\"  class=\"align\" \/><\/a><\/span>\n<h4>IDC Prep Course<\/h4>\n<p>Il corso di preparazione all&#8217;IDC \u00e8 soggetto alle necessit\u00e0 del candidato. Provvederemo a dare tutte le informazioni necessarie e allo sviluppo di tutte le abilit\u00e0 necessarie a tal fine.<\/p>\n<p><a href=\"http:\/\/www.dive-club.com\/sinai-dive-club-Italian\/idc-preparation\">Leggi&#8230;<\/a><\/p>\n<div class=\"line\"><span class=\"line\">\u00a0<\/span><\/div>\n<span class=\"frame alignleft\"><a href=\"http:\/\/www.dive-club.com\/diveclub\/wp-content\/uploads\/2013\/02\/IDC.jpg\" title=\"\"  rel=\"prettyPhoto[rt_theme_thumb]\" class=\"imgeffect plus\"><img decoding=\"async\" src=\"http:\/\/www.dive-club.com\/diveclub\/wp-content\/uploads\/2013\/02\/IDC-150x150.jpg\" alt=\"\"  class=\"align\" \/><\/a><\/span>\n<h4>Instructor Development Course (IDC)<\/h4>\n<p>Il corso di preparazione all&#8217;IDC \u00e8 soggetto alle necessit\u00e0 del candidato. Provvederemo a dare tutte le informazioni necessarie e allo sviluppo di tutte le abilit\u00e0 necessarie a tal fine.<\/p>\n<p><a href=\"http:\/\/www.dive-club.com\/sinai-dive-club-Italian\/idc-preparation\">Leggi&#8230;<\/a><\/p>\n<div class=\"line\"><span class=\"line\">\u00a0<\/span><\/div>\n<span class=\"frame alignleft\"><a href=\"http:\/\/www.dive-club.com\/diveclub\/wp-content\/uploads\/2013\/02\/PADI-Specialty-Instructor-Course.jpg\" title=\"\"  rel=\"prettyPhoto[rt_theme_thumb]\" class=\"imgeffect plus\"><img decoding=\"async\" src=\"http:\/\/www.dive-club.com\/diveclub\/wp-content\/uploads\/2013\/02\/PADI-Specialty-Instructor-Course-150x150.jpg\" alt=\"\"  class=\"align\" \/><\/a><\/span>\n<h4>PADI Specialty Instructor Course<\/h4>\n<p>Fai pi\u00f9 immersioni, pi\u00f9 divertimento e insegna i tuoi argomenti preferiti. I corsi per istruttori di specialit\u00e0 forniscono degli ottimi suggerimenti didattici utili a soddisfare le esigenze del corso.<\/p>\n<p><a href=\"http:\/\/www.dive-club.com\/sinai-dive-club-Italian\/specialty-instructor\">Leggi&#8230;<\/a><\/p>\n<div class=\"line\"><span class=\"line\">\u00a0<\/span><\/div>\n<span class=\"frame alignleft\"><a href=\"http:\/\/www.dive-club.com\/diveclub\/wp-content\/uploads\/2013\/02\/PADI-Master-Scuba-Diver-Trainer.jpg\" title=\"\"  rel=\"prettyPhoto[rt_theme_thumb]\" class=\"imgeffect plus\"><img decoding=\"async\" src=\"http:\/\/www.dive-club.com\/diveclub\/wp-content\/uploads\/2013\/02\/PADI-Master-Scuba-Diver-Trainer-150x150.jpg\" alt=\"\"  class=\"align\" \/><\/a><\/span>\n<h4>PADI Master Scuba Diver Trainer<\/h4>\n<p>Il Master Scuba Diver Trainer ti distingue dagli altri istruttori sub perch\u00e8 dimostra il tuo impegno nell&#8217;accrescere la tua formazione subacquea costantemente, e, di essere pronto ad aiutare gli altri a continuare la loro formazione.<\/p>\n<p><a href=\"http:\/\/www.dive-club.com\/sinai-dive-club-Italian\/master-scuba-diver-trainer\">Leggi&#8230;<\/a><\/p>\n<div class=\"line\"><span class=\"line\">\u00a0<\/span><\/div>\n<span class=\"frame alignleft\"><a href=\"http:\/\/www.dive-club.com\/diveclub\/wp-content\/uploads\/2013\/02\/Emergency-first-response-instructor.jpg\" title=\"\"  rel=\"prettyPhoto[rt_theme_thumb]\" class=\"imgeffect plus\"><img decoding=\"async\" src=\"http:\/\/www.dive-club.com\/diveclub\/wp-content\/uploads\/2013\/02\/Emergency-first-response-instructor-150x150.jpg\" alt=\"\"  class=\"align\" \/><\/a><\/span>\n<h4>Emergency first response instructor<\/h4>\n<p>Insegna il corso di primo soccorso agli altri in modo che siano pronti in caso di emergenza.<\/p>\n<p><a href=\"http:\/\/www.dive-club.com\/sinai-dive-club-Italian\/emergency-first-response-instructor\">Leggi&#8230;<\/a><\/p>\n<div class=\"line\"><span class=\"line\">\u00a0<\/span><\/div>\n<span class=\"frame alignleft\"><a href=\"http:\/\/www.dive-club.com\/diveclub\/wp-content\/uploads\/2013\/02\/IDC-Staff-Instructor.jpg\" title=\"\"  rel=\"prettyPhoto[rt_theme_thumb]\" class=\"imgeffect plus\"><img decoding=\"async\" src=\"http:\/\/www.dive-club.com\/diveclub\/wp-content\/uploads\/2013\/02\/IDC-Staff-Instructor-150x150.jpg\" alt=\"\"  class=\"align\" \/><\/a><\/span>\n<h4>IDC Staff Instructor<\/h4>\n<p>As a seasoned PADI Instructor, you have wisdom and experience to share with up-and-coming PADI leaders. And, you know that continuing your education never ends. As an Instructor Development Course (IDC) Staff Instructor, you help bring up the next generation of PADI Instructors while gaining in-depth instructor-trainer knowledge. <a href=\"https:\/\/www.dive-club.com\/diveclub\/pro-courses\/emergency-first-response-instructor\/\">read more \u2192<\/a><\/p>","protected":false},"excerpt":{"rendered":"<p>Il Corso Divemaster Il corso PADI Divemaster \u00e8 stato progettao per allenare i subacquei Rescue nel controllare, gestire e supervisionare un gruppo di subacquei. Questo corso suddiviso in 3 moduli fornisce ampio sviluppo di quelle competenze\u00a0 sulla subacquea, resistenza e conoscenze teoriche delle immersioni. Leggi&#8230; \u00a0 Assistant Instructor Course\/AI Accresci le tue abilit\u00e0 nell&#8217;organizzare e [&hellip;]<\/p>\n","protected":false},"author":2,"featured_media":0,"parent":0,"menu_order":5,"comment_status":"closed","ping_status":"open","template":"","meta":{"footnotes":"","_links_to":"","_links_to_target":""},"_links":{"self":[{"href":"https:\/\/www.dive-club.com\/diveclub\/wp-json\/wp\/v2\/pages\/1137"}],"collection":[{"href":"https:\/\/www.dive-club.com\/diveclub\/wp-json\/wp\/v2\/pages"}],"about":[{"href":"https:\/\/www.dive-club.com\/diveclub\/wp-json\/wp\/v2\/types\/page"}],"author":[{"embeddable":true,"href":"https:\/\/www.dive-club.com\/diveclub\/wp-json\/wp\/v2\/users\/2"}],"replies":[{"embeddable":true,"href":"https:\/\/www.dive-club.com\/diveclub\/wp-json\/wp\/v2\/comments?post=1137"}],"version-history":[{"count":3,"href":"https:\/\/www.dive-club.com\/diveclub\/wp-json\/wp\/v2\/pages\/1137\/revisions"}],"predecessor-version":[{"id":1139,"href":"https:\/\/www.dive-club.com\/diveclub\/wp-json\/wp\/v2\/pages\/1137\/revisions\/1139"}],"wp:attachment":[{"href":"https:\/\/www.dive-club.com\/diveclub\/wp-json\/wp\/v2\/media?parent=1137"}],"curies":[{"name":"wp","href":"https:\/\/api.w.org\/{rel}","templated":true}]}}