{"id":1188,"date":"2013-02-26T08:23:08","date_gmt":"2013-02-26T08:23:08","guid":{"rendered":"http:\/\/www.dive-club.com\/?page_id=1188"},"modified":"2013-04-09T14:45:43","modified_gmt":"2013-04-09T14:45:43","slug":"il-corso-assistente-istruttore-ai","status":"publish","type":"page","link":"https:\/\/www.dive-club.com\/diveclub\/il-corso-divemaster\/il-corso-assistente-istruttore-ai\/?lang=it","title":{"rendered":"Il Corso Assistente Istruttore (AI)"},"content":{"rendered":"<span class=\"aligncenter\"><span class=\"frame\"><a href=\"http:\/\/www.dive-club.com\/diveclub\/wp-content\/uploads\/2013\/02\/Assistant-Instructor-Course-AI.jpg\" title=\"\"  rel=\"prettyPhoto[rt_theme_thumb]\" class=\"imgeffect plus\"><img decoding=\"async\" src=\"http:\/\/www.dive-club.com\/diveclub\/wp-content\/uploads\/2013\/02\/Assistant-Instructor-Course-AI-620x350.jpg\" alt=\"\"  class=\"align\" \/><\/a><\/span><\/span>\n<p style=\"text-align: justify;\">Il Corso PADI Assistente Istruttore rappresenta la prima parte del corso PADI Instructor Development Course (IDC) seguito poi dal corso PADI Instructor Examination (IE), si arriva al brevetto PADI Open Water Scuba Instructor (OWSI).<\/p>\n<h5>La parte divertente<\/h5>\n<p>Diventa mentore guadagnando esperienza nell&#8217;insegnamento agli studenti.<\/p>\n<h5>Cosa si impara<\/h5>\n<p style=\"text-align: justify;\"><strong>Accresci le tue abilit\u00e0 nell&#8217;organizzare e supervisionare le attivit\u00e0 subacquee, mentre sei concentrato sul metodo di insegnamento degli esercizi. Imparerai attraverso<\/strong><\/p>\n<ul class=\"check\">\n<li style=\"text-align: justify;\">lo sviluppo della conoscenza studiando da solo, con i quizz, le letture e le presentazioni<\/li>\n<li style=\"text-align: justify;\">la ripetizione degli esercizi in acque confinate e valutazione delle stesse, workshop e presentazioni<\/li>\n<li style=\"text-align: justify;\">la ripetizione dell&#8217;Open water, valutazione del salvataggio e presentazione del candidato<\/li>\n<\/ul>\n<p><strong> Il corso PADI Assistente Istruttore consiste nelle seguenti sezioni:<\/strong><\/p>\n<ul class=\"check\">\n<li><strong><span style=\"text-decoration: underline;\">Modulo 1:<\/span><\/strong> Allenamento Accademico<\/li>\n<li>Revisione del programma PADI Discover Scuba Diving e programma Snorkeling<\/li>\n<li>Sviluppo delle presentazioni sulle abilit\u00e0<\/li>\n<li>Insegnamento delle specialit\u00e0 Project AWARE e Massima Esecuzione dell&#8217;Assetto<\/li>\n<li>Insegnamento delle Acque Confinate<\/li>\n<li>Conduzione delle presentazioni degli esercizi in Acque Libero<\/li>\n<li><strong><span style=\"text-decoration: underline;\">Modulo 2:<\/span><\/strong> Studio indipendente<\/li>\n<li>Sviluppo delle conoscenze<\/li>\n<li><strong><span style=\"text-decoration: underline;\">Modulo 3:<\/span><\/strong> Pratica delle applicazioni<\/li>\n<li>Presentazione dell&#8217;Insegnamento delle Acque Confinate e delle Acque Libero<\/li>\n<li>Esame sugli standards<\/li>\n<li>Valutazione delle abilit\u00e0 nelle immersioni di salvataggio<\/li>\n<\/ul>\n<h5>Cosa puoi insegnare:<\/h5>\n<p style=\"text-align: justify;\"><strong>Oltre alle responsabilit\u00e0 e ai doveri che gi\u00e0 hai come PADI Divemaster, come PADI Assistente Istruttore puoi:<\/strong><\/p>\n<ul class=\"check\" style=\"text-align: justify;\">\n<li>Fare le presentazioni accademiche sotto la supervisione indiretta di un istruttore PADI<\/li>\n<li>Durante le acque confinate, puoi presentare gli esercizi da svolgere sotto la supervisione diretta di un Istruttore PADI<\/li>\n<li>Valutare le abilit\u00e0 svolte in superficie nel corso Open Water Diver sotto la supervisione indiretta di un Istruttore PADI<\/li>\n<li>Insegnare e certificare la specialit\u00e0 Massima Esecuzione dell&#8217;Assetto sotto la direzione di un istruttore PADI<\/li>\n<li>Insegnare la specialit\u00e0 Project AWARE<\/li>\n<li>insegnare la specilait\u00e0 AWARE Conservazione dei reef di corallo<\/li>\n<li>Condurre il corso PADI Discover Scuba Diving in piscina o in acque confinate<\/li>\n<li>Condurre il programma per bambini PADI Seal Team AquaMissions<\/li>\n<li>Insegnare la specialit\u00e0 PADI Fotografia Digitale Subacquea sotto la direzione di un istruttore PADI dopo aver preso il brevetto PADI Istruttore Specialit\u00e0 Fotografia Digitale Subacquea.<\/li>\n<\/ul>\n<p style=\"text-align: justify;\">A colpo d&#8217;occhio, confronta ci\u00f2 che si pu\u00f2 insegnare continuando gli studi come subacqueo professionista.<\/p>\n<h5>L&#8217;attrezzatura da usare<\/h5>\n<p style=\"text-align: justify;\">Si utilizza tutta l&#8217;attrezzatura subacquea di base e alcuni accessori subacquei, come una lavagna per le immersioni, il coltello, la bussola, il computer, ecc. E &#8216;altamente raccomandato che si possieda la propria attrezzatura, in mod da avere familiarit\u00e0 con gli attrezzi personali migliorando cos\u00ec le abilit\u00e0 nelle immersioni subacquee. \u00c8 possibile trovare tutto ci\u00f2 nei negozi di subacquea specializzati della tua citt\u00e0.<\/p>\n<h5>Il\u00a0 materiale teorico<\/h5>\n<p style=\"text-align: justify;\">Il crewpak PADI IDC include tutto il materiale necessario per prepararsi ad un corso PADI Assistente Istruttore o Open Water Scuba Instructor corso. La voce 23-pack include:<\/p>\n<ul class=\"check\" style=\"text-align: justify;\">\n<li>lavagnette per istruttori con gli standard dei corsi PADI (OW, AOW, Rescue and Divemaster)<\/li>\n<li>tutto il materiale per il corso IDC PADI<\/li>\n<li>lavagnette con gli esercizi da svolgere nelle acque confinate e libere<\/li>\n<li>i quiz e gli esami per tutti i corsi PADI<\/li>\n<li>programma per la specialit\u00e0 PADI Project AWARE<\/li>\n<li>il manuale dell&#8217;istruttore PADI<\/li>\n<\/ul>\n<p style=\"text-align: justify;\">Per acquistare questo prodotto, contatta il negozio PADI 5* IDC o Resort.<\/p>\n<h5>REQUISITI:<\/h5>\n<p style=\"text-align: justify;\">devi<\/p>\n<ul class=\"check\" style=\"text-align: justify;\">\n<li>essere un PADI Divemaster o possedere una qualificazione simile di un&#8217;altra organizzazione subacqueaorganization<\/li>\n<li>avere almeno 18 anni di et\u00e0<\/li>\n<li>avere almeno 60 immersioni registrate, incluse notturna, profonda e navigazione<\/li>\n<li>essere un subacqueo qualificato da almeno 6 mesi<\/li>\n<li>possedere l&#8217;attestato della CPR e Primo Soccorso ottenuto negli ultimi 24 mesi<\/li>\n<li>essere in forma per le immersioni e presentare una dichiarazione medica (PDF) firmato da un medico negli ultimi 12 mesi<\/li>\n<li>volere una carriera divertente ed eccitante!<\/li>\n<\/ul>\n<p style=\"text-align: justify;\">Se sei alla ricerca di informazioni su dove andare, si prega di contattare il centro PADI Instructor Development o Career Development o Resort per iscriverti oggi stesso.<\/p>\n<h5>La tua prossima avventura<\/h5>\n<p style=\"text-align: justify;\">Completare il corso PADI Instructor Development e diventare istruttore (OWSI) a tutti gli effetti in modo da poter insegnare e certificare i subacquei PADI.<\/p>\n<blockquote><p>PREZZO: \u20ac 700.00<\/p><\/blockquote>\n<blockquote><p>COME REGISTRARSI:<\/p><\/blockquote>\n<blockquote><p>Un deposito di \u20ac 350.00 \u00e8 richiesto 2 settimane prima dell&#8217;inizio del corso. Al momento del ricevimento, vi invieremo le assegnazioni di corso e scheda del programma.<\/p><\/blockquote>\n<blockquote><p>DICHIARAZIONE MEDICA:<\/p><\/blockquote>\n<blockquote><p>Se il partecipante risponde in modo affermativo a una delle domande presenti nell&#8217;anamnesi medica, \u00e8 consigliabile consultare il proprio medico prima di intraprendere l&#8217;attivit\u00e0 subacquea.<\/p><\/blockquote>\n<blockquote><p>CLICCA QUI PER SCARICARE LA\u00a0 <a>DICHIARAZIONE MEDICA<\/a><\/p><\/blockquote>\n<p>&nbsp;<\/p>","protected":false},"excerpt":{"rendered":"<p>Il Corso PADI Assistente Istruttore rappresenta la prima parte del corso PADI Instructor Development Course (IDC) seguito poi dal corso PADI Instructor Examination (IE), si arriva al brevetto PADI Open Water Scuba Instructor (OWSI). La parte divertente Diventa mentore guadagnando esperienza nell&#8217;insegnamento agli studenti. Cosa si impara Accresci le tue abilit\u00e0 nell&#8217;organizzare e supervisionare le [&hellip;]<\/p>\n","protected":false},"author":2,"featured_media":0,"parent":1137,"menu_order":1,"comment_status":"closed","ping_status":"open","template":"","meta":{"footnotes":"","_links_to":"","_links_to_target":""},"_links":{"self":[{"href":"https:\/\/www.dive-club.com\/diveclub\/wp-json\/wp\/v2\/pages\/1188"}],"collection":[{"href":"https:\/\/www.dive-club.com\/diveclub\/wp-json\/wp\/v2\/pages"}],"about":[{"href":"https:\/\/www.dive-club.com\/diveclub\/wp-json\/wp\/v2\/types\/page"}],"author":[{"embeddable":true,"href":"https:\/\/www.dive-club.com\/diveclub\/wp-json\/wp\/v2\/users\/2"}],"replies":[{"embeddable":true,"href":"https:\/\/www.dive-club.com\/diveclub\/wp-json\/wp\/v2\/comments?post=1188"}],"version-history":[{"count":4,"href":"https:\/\/www.dive-club.com\/diveclub\/wp-json\/wp\/v2\/pages\/1188\/revisions"}],"predecessor-version":[{"id":1193,"href":"https:\/\/www.dive-club.com\/diveclub\/wp-json\/wp\/v2\/pages\/1188\/revisions\/1193"}],"up":[{"embeddable":true,"href":"https:\/\/www.dive-club.com\/diveclub\/wp-json\/wp\/v2\/pages\/1137"}],"wp:attachment":[{"href":"https:\/\/www.dive-club.com\/diveclub\/wp-json\/wp\/v2\/media?parent=1188"}],"curies":[{"name":"wp","href":"https:\/\/api.w.org\/{rel}","templated":true}]}}