{"id":1286,"date":"2013-02-27T07:32:34","date_gmt":"2013-02-27T07:32:34","guid":{"rendered":"http:\/\/www.dive-club.com\/?page_id=1286"},"modified":"2020-01-27T05:50:37","modified_gmt":"2020-01-27T05:50:37","slug":"corso-di-preparazione-allidc","status":"publish","type":"page","link":"https:\/\/www.dive-club.com\/diveclub\/il-corso-divemaster\/corso-di-preparazione-allidc\/?lang=it","title":{"rendered":"Corso di Preparazione all&#8217;IDC"},"content":{"rendered":"<span class=\"aligncenter\"><span class=\"frame\"><a href=\"http:\/\/www.dive-club.com\/diveclub\/wp-content\/uploads\/2013\/02\/IDC-Prep-Course.jpg\" title=\"\"  rel=\"prettyPhoto[rt_theme_thumb]\" class=\"imgeffect plus\"><img decoding=\"async\" src=\"http:\/\/www.dive-club.com\/diveclub\/wp-content\/uploads\/2013\/02\/IDC-Prep-Course-600x350.jpg\" alt=\"\"  class=\"align\" \/><\/a><\/span><\/span>\n<h5>REQUISITI:<\/h5>\n<p>Brevetto PADI Divemaster o equivalente<\/p>\n<h5>CORSO INCLUDE:<\/h5>\n<p style=\"text-align: justify;\">1-3 giorni. Revisione della teoria affrontata nel corso Divemaster. Ripetizione degli esercizi in acqua confinata e perfezionamento necessario in modo da effettuare una dimostrazione di qualit\u00e0 allo studente. Revisione della tecnica di salvataggio e di valutazione. Revisione di qualsiasi campo in cui il candidato non si senta pronto.<\/p>\n<h5>COSA SERVE:<\/h5>\n<p style=\"text-align: justify;\">Attrezzatura completa di erogatore con manometro e profondimetro, bussola e octopus, GAV con sistema di gonfiaggio, computer subacqueo, cintura della zavorra e muta. In caso di noleggio durante il corso, il candidato avr\u00e0 diritto ad uno sconto del 20%.<\/p>\n<h5>RICHIESTO:<\/h5>\n<p>Tutto il materiale PADI Divemaster<\/p>\n<h5>COSA ASPETTARSI:<\/h5>\n<p style=\"text-align: justify;\">Il corso di preparazione all&#8217;IDC \u00e8 soggetto alle necessit\u00e0 del candidato. Provvederemo a dare tutte le informazioni necessarie e allo sviluppo di tutte le abilit\u00e0 necessarie a tal fine.<\/p>\n<p>PREZZO:\u00a0 \u20ac 200 al giorno.<\/p>\n<p><strong>PER L&#8217;ISCRIZIONE:<\/strong><\/p>\n<p style=\"text-align: justify;\">Un deposito di \u20ac 100.00 \u00e8 richiesto 2 settimane prima dell&#8217;inizio del corso. Al momento del ricevimento, vi invieremo le assegnazioni di corso e scheda del programma .<\/p>\n<p>DICHIARAZIONE MEDICA:<\/p>\n<p style=\"text-align: justify;\">Se il partecipante risponde in modo affermativo a una delle domande presenti nell&#8217;anamnesi medica, \u00e8 consigliabile consultare il proprio medico prima di intraprendere l&#8217;attivit\u00e0 subacquea.<\/p>\n<p>CLICCA QUI PER SCARICARE LA\u00a0 <a>DICHIARAZIONE MEDICA<\/a><\/p>","protected":false},"excerpt":{"rendered":"<p>REQUISITI: Brevetto PADI Divemaster o equivalente CORSO INCLUDE: 1-3 giorni. Revisione della teoria affrontata nel corso Divemaster. Ripetizione degli esercizi in acqua confinata e perfezionamento necessario in modo da effettuare una dimostrazione di qualit\u00e0 allo studente. Revisione della tecnica di salvataggio e di valutazione. Revisione di qualsiasi campo in cui il candidato non si senta [&hellip;]<\/p>\n","protected":false},"author":2,"featured_media":0,"parent":1137,"menu_order":2,"comment_status":"closed","ping_status":"open","template":"","meta":{"footnotes":"","_links_to":"","_links_to_target":""},"_links":{"self":[{"href":"https:\/\/www.dive-club.com\/diveclub\/wp-json\/wp\/v2\/pages\/1286"}],"collection":[{"href":"https:\/\/www.dive-club.com\/diveclub\/wp-json\/wp\/v2\/pages"}],"about":[{"href":"https:\/\/www.dive-club.com\/diveclub\/wp-json\/wp\/v2\/types\/page"}],"author":[{"embeddable":true,"href":"https:\/\/www.dive-club.com\/diveclub\/wp-json\/wp\/v2\/users\/2"}],"replies":[{"embeddable":true,"href":"https:\/\/www.dive-club.com\/diveclub\/wp-json\/wp\/v2\/comments?post=1286"}],"version-history":[{"count":5,"href":"https:\/\/www.dive-club.com\/diveclub\/wp-json\/wp\/v2\/pages\/1286\/revisions"}],"predecessor-version":[{"id":4137,"href":"https:\/\/www.dive-club.com\/diveclub\/wp-json\/wp\/v2\/pages\/1286\/revisions\/4137"}],"up":[{"embeddable":true,"href":"https:\/\/www.dive-club.com\/diveclub\/wp-json\/wp\/v2\/pages\/1137"}],"wp:attachment":[{"href":"https:\/\/www.dive-club.com\/diveclub\/wp-json\/wp\/v2\/media?parent=1286"}],"curies":[{"name":"wp","href":"https:\/\/api.w.org\/{rel}","templated":true}]}}