{"id":1304,"date":"2013-02-27T08:13:27","date_gmt":"2013-02-27T08:13:27","guid":{"rendered":"http:\/\/www.dive-club.com\/?page_id=1304"},"modified":"2013-04-09T14:22:26","modified_gmt":"2013-04-09T14:22:26","slug":"il-corso-padi-master-scuba-diver-trainer-2","status":"publish","type":"page","link":"https:\/\/www.dive-club.com\/diveclub\/il-corso-divemaster\/il-corso-padi-master-scuba-diver-trainer-2\/?lang=it","title":{"rendered":"Il Corso PADI Master Scuba Diver Trainer"},"content":{"rendered":"<span class=\"aligncenter\"><span class=\"frame\"><a href=\"http:\/\/www.dive-club.com\/diveclub\/wp-content\/uploads\/2013\/02\/PADI-Master-Scuba-Diver-Trainer1.jpg\" title=\"\"  rel=\"prettyPhoto[rt_theme_thumb]\" class=\"imgeffect plus\"><img decoding=\"async\" src=\"http:\/\/www.dive-club.com\/diveclub\/wp-content\/uploads\/2013\/02\/PADI-Master-Scuba-Diver-Trainer1-520x350.jpg\" alt=\"\"  class=\"align\" \/><\/a><\/span><\/span>\n<p style=\"text-align: justify;\">Di ai tuoi studenti di puntare al brevetto PADI Master Scuba Diver. E di loro che puoi seguirli fino al raggiungimento di questo brevetto perch\u00e9 sei un PADI Master Scuba Diver Trainer (MSDT).<\/p>\n<h4>La parte diverente<\/h4>\n<p style=\"text-align: justify;\">Il Master Scuba Diver Trainer ti distingue dagli altri istruttori sub perch\u00e8 dimostra il tuo impegno nell&#8217;accrescere la tua formazione subacquea costantemente, e, di essere pronto ad aiutare gli altri a continuare la loro formazione. Potete anche arrivare a insegnare corsi subacquei di specialit\u00e0 &#8211; che apre la porta a un sacco di divertimento lavorando.<\/p>\n<h4>Cosa imparerai<\/h4>\n<p style=\"text-align: justify;\">Sei un nuovo istruttore? Hai appena concluso l&#8217;IE? Non c&#8217;\u00e8 problema. Parla col tuo direttore di corso per il corso Istruttore PADI di Specialit\u00e0 e il corso di preparazione al Master Scuba Diver Trainer.<\/p>\n<p style=\"text-align: justify;\">Come MSDT PADI, dimostrerai al datore di lavoro che hai una buona esperienza nella didattica subacquea e che puoi insegnare una serie di corsi subacquei di specialit\u00e0. Ci\u00f2 fa aumentare le probabilit\u00e0 di impiego in un centro subacqueo o resort.<\/p>\n<h4>Cosa puoi insegnare<\/h4>\n<p>Come PADI Master Scuba Diver Trainer, tu<\/p>\n<ul>\n<li style=\"text-align: justify;\">Insegni le specialit\u00e0 che pi\u00f9 ti appassionano<\/li>\n<li style=\"text-align: justify;\">sarai fiero di guardare i tuoi studenti raggiungere i propri obiettivi, seguendoli dal brevetto PADI Open Water Diver al PADI Master Scuba Diver<\/li>\n<li style=\"text-align: justify;\">aumenterai il tuo reddito possedendo una preparazione a pi\u00f9 livelli<\/li>\n<li style=\"text-align: justify;\">soddisfare uno dei requisiti per qualificarsi come un PADI Master Instructor<\/li>\n<\/ul>\n<p style=\"text-align: justify;\">Dai un&#8217; occhiata e confronta quello che potresti insegnare continuando la tua formazione come Istruttore subacqueo professionista.<\/p>\n<h4>L&#8217;attrezzatura subacquea<\/h4>\n<p style=\"text-align: justify;\">Avrai bisogno di indossare la tua propria attrezzatura di base cosi come alcuni accessori subacquei. Arrivato questo livello, \u00e8 altamente consigliabile, che tu possieda la tua attrezzatura. In caso contrario la potrai acquistare nei negozi di subacquea specializzati.<\/p>\n<h4>Prerequisiti<\/h4>\n<p style=\"text-align: justify;\">Se stai pensando di entrare nel regno dell&#8217;istruzione dell&#8217;immersione tecnica, allora il MSDT ti sar\u00e0 utile. Devi essere un MSDT per diventare un istruttore in 50 Tec Diver o il DSAT Trimix Diver. Se sei alla ricerca di informazioni su come fare, ti preghiamo di contattare il PADI Instructor Development Center o Career Development Center e iscriverti oggi stesso.<\/p>\n<h4 style=\"text-align: justify;\">Per qualificarti come PADI Master Scuba Trainer<\/h4>\n<p>devi<\/p>\n<ul>\n<li>possedere il brevetto PADI Open Water Scuba Instructor<\/li>\n<li>avere cinque specialit\u00e0 necessarie per il brevetto di Istruttore PADI di Specialit\u00e0<\/li>\n<li>aver brevettato almeno 25 subacquei<\/li>\n<\/ul>\n<p>&nbsp;<\/p>","protected":false},"excerpt":{"rendered":"<p>Di ai tuoi studenti di puntare al brevetto PADI Master Scuba Diver. E di loro che puoi seguirli fino al raggiungimento di questo brevetto perch\u00e9 sei un PADI Master Scuba Diver Trainer (MSDT). La parte diverente Il Master Scuba Diver Trainer ti distingue dagli altri istruttori sub perch\u00e8 dimostra il tuo impegno nell&#8217;accrescere la tua [&hellip;]<\/p>\n","protected":false},"author":2,"featured_media":0,"parent":1137,"menu_order":5,"comment_status":"closed","ping_status":"open","template":"","meta":{"footnotes":"","_links_to":"","_links_to_target":""},"_links":{"self":[{"href":"https:\/\/www.dive-club.com\/diveclub\/wp-json\/wp\/v2\/pages\/1304"}],"collection":[{"href":"https:\/\/www.dive-club.com\/diveclub\/wp-json\/wp\/v2\/pages"}],"about":[{"href":"https:\/\/www.dive-club.com\/diveclub\/wp-json\/wp\/v2\/types\/page"}],"author":[{"embeddable":true,"href":"https:\/\/www.dive-club.com\/diveclub\/wp-json\/wp\/v2\/users\/2"}],"replies":[{"embeddable":true,"href":"https:\/\/www.dive-club.com\/diveclub\/wp-json\/wp\/v2\/comments?post=1304"}],"version-history":[{"count":3,"href":"https:\/\/www.dive-club.com\/diveclub\/wp-json\/wp\/v2\/pages\/1304\/revisions"}],"predecessor-version":[{"id":2918,"href":"https:\/\/www.dive-club.com\/diveclub\/wp-json\/wp\/v2\/pages\/1304\/revisions\/2918"}],"up":[{"embeddable":true,"href":"https:\/\/www.dive-club.com\/diveclub\/wp-json\/wp\/v2\/pages\/1137"}],"wp:attachment":[{"href":"https:\/\/www.dive-club.com\/diveclub\/wp-json\/wp\/v2\/media?parent=1304"}],"curies":[{"name":"wp","href":"https:\/\/api.w.org\/{rel}","templated":true}]}}