{"id":1370,"date":"2013-02-28T07:10:30","date_gmt":"2013-02-28T07:10:30","guid":{"rendered":"http:\/\/www.dive-club.com\/?page_id=1370"},"modified":"2013-04-09T14:24:05","modified_gmt":"2013-04-09T14:24:05","slug":"i-siti-di-immersione","status":"publish","type":"page","link":"https:\/\/www.dive-club.com\/diveclub\/i-siti-di-immersione\/?lang=it","title":{"rendered":"I Siti di Immersione"},"content":{"rendered":"<span class=\"aligncenter\"><span class=\"frame\"><a href=\"http:\/\/www.dive-club.com\/diveclub\/wp-content\/uploads\/2013\/02\/Dive-Sites.jpg\" title=\"\"  rel=\"prettyPhoto[rt_theme_thumb]\" class=\"imgeffect plus\"><img decoding=\"async\" src=\"http:\/\/www.dive-club.com\/diveclub\/wp-content\/uploads\/2013\/02\/Dive-Sites-620x350.jpg\" alt=\"\"  class=\"align\" \/><\/a><\/span><\/span>\n<p style=\"text-align: justify;\">Acqua cristallina, drop-off con coralli molli dai colori vividi, squali, mante, pesci Napoleone, tartarughe, oltre a una variet\u00e0 incredibile di pesci tropicali, tutti a breve distanza dalla citt\u00e0 e da ogni altro rendono questa zona una<\/p>\n<h3 style=\"text-align: justify;\">PARADISO SUBACQUEO<\/h3>\n<p style=\"text-align: justify;\">E&#8217; giusto dire che le immersioni in questa zona hanno fatto inserire il Sinai nella mappa delle mete turistiche. Ora la subacquea rappresenta solo una piccola attrazione per i turisti, ma rimane sempre un posto favorito dai subacquei di tutto il mondo. C&#8217;\u00e8 una diversit\u00e0 dei luoghi di immersione inimmaginabile, il tutto in un solo posto!.<\/p>\n<p style=\"text-align: justify;\"><strong>La sicurezza \u00e8 al primo posto tanto che\u00a0 vi \u00e8 una camera iperbarica a Sharm El Sheikh, vicino alla marina. Ci immergiamo con le attrezzature pi\u00f9 nuove e pratichiamo i pi\u00f9 recenti sistemi disponibili. La nostra esperienza risale a molti decenni fa sempre nel rispetto dell&#8217;ambiente.<\/strong><\/p>\n<p>&nbsp;<\/p>","protected":false},"excerpt":{"rendered":"<p>Acqua cristallina, drop-off con coralli molli dai colori vividi, squali, mante, pesci Napoleone, tartarughe, oltre a una variet\u00e0 incredibile di pesci tropicali, tutti a breve distanza dalla citt\u00e0 e da ogni altro rendono questa zona una PARADISO SUBACQUEO E&#8217; giusto dire che le immersioni in questa zona hanno fatto inserire il Sinai nella mappa delle [&hellip;]<\/p>\n","protected":false},"author":2,"featured_media":0,"parent":0,"menu_order":8,"comment_status":"closed","ping_status":"open","template":"","meta":{"footnotes":"","_links_to":"","_links_to_target":""},"_links":{"self":[{"href":"https:\/\/www.dive-club.com\/diveclub\/wp-json\/wp\/v2\/pages\/1370"}],"collection":[{"href":"https:\/\/www.dive-club.com\/diveclub\/wp-json\/wp\/v2\/pages"}],"about":[{"href":"https:\/\/www.dive-club.com\/diveclub\/wp-json\/wp\/v2\/types\/page"}],"author":[{"embeddable":true,"href":"https:\/\/www.dive-club.com\/diveclub\/wp-json\/wp\/v2\/users\/2"}],"replies":[{"embeddable":true,"href":"https:\/\/www.dive-club.com\/diveclub\/wp-json\/wp\/v2\/comments?post=1370"}],"version-history":[{"count":4,"href":"https:\/\/www.dive-club.com\/diveclub\/wp-json\/wp\/v2\/pages\/1370\/revisions"}],"predecessor-version":[{"id":2928,"href":"https:\/\/www.dive-club.com\/diveclub\/wp-json\/wp\/v2\/pages\/1370\/revisions\/2928"}],"wp:attachment":[{"href":"https:\/\/www.dive-club.com\/diveclub\/wp-json\/wp\/v2\/media?parent=1370"}],"curies":[{"name":"wp","href":"https:\/\/api.w.org\/{rel}","templated":true}]}}