{"id":1376,"date":"2013-02-28T07:19:42","date_gmt":"2013-02-28T07:19:42","guid":{"rendered":"http:\/\/www.dive-club.com\/?page_id=1376"},"modified":"2013-04-09T14:24:39","modified_gmt":"2013-04-09T14:24:39","slug":"i-siti-di-immersione-di-locale-centrale","status":"publish","type":"page","link":"https:\/\/www.dive-club.com\/diveclub\/i-siti-di-immersione\/i-siti-di-immersione-di-locale-centrale\/?lang=it","title":{"rendered":"I Siti di Immersione di Locale Centrale"},"content":{"rendered":"<span class=\"aligncenter\"><span class=\"frame\"><a href=\"http:\/\/www.dive-club.com\/diveclub\/wp-content\/uploads\/2013\/02\/Dive-Site-Local-Middle.jpg\" title=\"\"  rel=\"prettyPhoto[rt_theme_thumb]\" class=\"imgeffect plus\"><img decoding=\"async\" src=\"http:\/\/www.dive-club.com\/diveclub\/wp-content\/uploads\/2013\/02\/Dive-Site-Local-Middle-620x350.jpg\" alt=\"\"  class=\"align\" \/><\/a><\/span><\/span>\n<h4>Tower<\/h4>\n<span class=\"frame alignleft\"><a href=\"http:\/\/www.dive-club.com\/diveclub\/wp-content\/uploads\/2013\/02\/Tower.jpg\" title=\"\"  rel=\"prettyPhoto[rt_theme_thumb]\" class=\"imgeffect plus\"><img decoding=\"async\" src=\"http:\/\/www.dive-club.com\/diveclub\/wp-content\/uploads\/2013\/02\/Tower-150x150.jpg\" alt=\"\"  class=\"align\" \/><\/a><\/span>\n<p style=\"text-align: justify;\">E&#8217; un sito di immersione spettacolare, caratterizzato dalla presenza di un profondo canyon le cui pareti discendono verticalmente a oltre 120m. Si inizia l&#8217;immersione dal grande torrione madreporico che ha dato il nome al sito e ci si ritrova sul profondo canyon dalle acque cristalline. Subito dopo il canyon, si trova un vasto pianoro sabbioso a 15-25 metri dove si innalzano alcuni torrioni madreporici. Risalendo tra i 12 e i 5 metri si possono esplorare le anfrattuosit\u00e0 del reef in cui si trovano alcuni colonie di pesci vetro dorati. Questo sito \u00e8 ricco in fauna con molti pesci pappagallo, pesci scatola e pesci farfalla; nel blu si possono ammirare i pesci fucilieri e pelagici e barracuda.<\/p>\n<div class=\"line\"><span class=\"line\">\u00a0<\/span><\/div>\n<h4>Sodfa<\/h4>\n<span class=\"frame alignleft\"><a href=\"http:\/\/www.dive-club.com\/diveclub\/wp-content\/uploads\/2013\/02\/Sodfa.jpg\" title=\"\"  rel=\"prettyPhoto[rt_theme_thumb]\" class=\"imgeffect plus\"><img decoding=\"async\" src=\"http:\/\/www.dive-club.com\/diveclub\/wp-content\/uploads\/2013\/02\/Sodfa-150x150.jpg\" alt=\"\"  class=\"align\" \/><\/a><\/span>\n<p style=\"text-align: justify;\">A Sodfa, \u00e8&#8217; possibile effettuare due immersione diverse. La prima verso ovest in direzione del sito di Tower; la seconda verso est in direzione del sito di Ras Sodfa. Entrambi i percorsi si snodano su un pendio sabbioso che si trova ad una profondit\u00e0 di circa 12 metri tra la scarpatina del reef e il drop-off situato a 18-22 metri. Sul pendio si innalzano alcuni torrioni di corallo e vicino al drop-off a 20metri si possono ammirare grandi gorgonie. Il secondo percorso offre un panoramo pi\u00f9 vario e una maggiore ricchezza di coralli e di fauna rappresentata da fucilieri, pesci chirurgo, pesci balestra, anthias, damigelle, pesci pappagallo, pesci vetro dorati, pesci farfalla bandiera, pesci leone comuni. Coralli porosi massicci, grandi acropore tabulari, gorgonie e alcionacei gialli sono lementi che caratterizzano questo sito.<\/p>\n<div class=\"line\"><span class=\"line\">\u00a0<\/span><\/div>\n<h4>Near Garden<\/h4>\n<span class=\"frame alignleft\"><a href=\"http:\/\/www.dive-club.com\/diveclub\/wp-content\/uploads\/2013\/02\/Near-Garden.jpg\" title=\"\"  rel=\"prettyPhoto[rt_theme_thumb]\" class=\"imgeffect plus\"><img decoding=\"async\" src=\"http:\/\/www.dive-club.com\/diveclub\/wp-content\/uploads\/2013\/02\/Near-Garden-150x150.jpg\" alt=\"\"  class=\"align\" \/><\/a><\/span>\n<p style=\"text-align: justify;\">E&#8217; il sito di immersione pi\u00f9 vicino a Naama Bay ; \u00e8 un sito semplice dove si possono effettuare immersioni in corrente e non. Si discende su un pianoro sabbioso a 15-20 metri bordato sul limite del drop-off da una serie di teste madreporiche, e si prosegue ammirando numerose gorgonie fino a una dorsale di quattro pinnacoli. Se le condizioni lo permettono si pu\u00f2 raggiungere il sito di Middle Garden dove spesso si incontrano trigoni a macchie blu, pesci Napoleone e pesci balestra. Qualche piccolo squalo di scogliera a punte bianche ha scelto questo sito come sua dimora.<\/p>\n<div class=\"line\"><span class=\"line\">\u00a0<\/span><\/div>\n<h4>Middle Garden<\/h4>\n<span class=\"frame alignleft\"><a href=\"http:\/\/www.dive-club.com\/diveclub\/wp-content\/uploads\/2013\/02\/Middle-Garden.jpg\" title=\"\"  rel=\"prettyPhoto[rt_theme_thumb]\" class=\"imgeffect plus\"><img decoding=\"async\" src=\"http:\/\/www.dive-club.com\/diveclub\/wp-content\/uploads\/2013\/02\/Middle-Garden-150x150.jpg\" alt=\"\"  class=\"align\" \/><\/a><\/span>\n<p style=\"text-align: justify;\">Rappresenta un sito ideale per i principianti e per effettuare le check dive. E&#8217; completamente riparato da vento, onde e correnti. Un vasto pianoro sabbioso si estende tra la sporgenza del reef che termina a 5metri e il drop-off situato tra i 12 e i 14 metri. In direzione di Fiddle Garden , il pianoro sabbioso si restringe originando una bellissima strada di sabbia bianca bordata da coralli. Alcuni coralli tavola sono disposte lungo varie direzioni creando dei viottoli sabbiosi che ricordano quelli dei giardini e che sono all&#8217;origine del nome del sito. Un&#8217;alternativa, \u00e8 l&#8217;immersione in corrente in direzione di Near Garden. Banchi di fucilieri, pesci palla, pesci balestra, damigelle, castagnole e trigoni a macchie blu e qualche aquila di mare maculata costituiscono la fauna di questo sito.<\/p>\n<h3><\/h3>\n<div class=\"line\"><span class=\"line\">\u00a0<\/span><\/div>\n<h4>Fiddle Garden<\/h4>\n<span class=\"frame alignleft\"><a href=\"http:\/\/www.dive-club.com\/diveclub\/wp-content\/uploads\/2013\/02\/Fiddle-Garden.jpg\" title=\"\"  rel=\"prettyPhoto[rt_theme_thumb]\" class=\"imgeffect plus\"><img decoding=\"async\" src=\"http:\/\/www.dive-club.com\/diveclub\/wp-content\/uploads\/2013\/02\/Fiddle-Garden-150x150.jpg\" alt=\"\"  class=\"align\" \/><\/a><\/span>\n<p style=\"text-align: justify;\">E&#8217; un sito di immersione facile adatto ai principianti e per check dive. E&#8217; completamente riparato da vento, onde e correnti; alcuni punti di ormeggio sono presenti in questo sito. Il fondale \u00e8 sabbioso, pianeggiante e poco profondo, circa 10metri, con strutture di corallo circondate da stradine di sabbia da cui si innalzano alcuni coralli porosi massicci. Il drop-off comincia da 14-20 metri e la parte interessante \u00e8 esplorare alcuni pinnacoli corallini circondati dai pesci vetro dorati.<\/p>\n<div class=\"line\"><span class=\"line\">\u00a0<\/span><\/div>\n<h4>Far Garden<\/h4>\n<span class=\"frame alignleft\"><a href=\"http:\/\/www.dive-club.com\/diveclub\/wp-content\/uploads\/2013\/02\/Far-Garden.jpg\" title=\"\"  rel=\"prettyPhoto[rt_theme_thumb]\" class=\"imgeffect plus\"><img decoding=\"async\" src=\"http:\/\/www.dive-club.com\/diveclub\/wp-content\/uploads\/2013\/02\/Far-Garden-150x150.jpg\" alt=\"\"  class=\"align\" \/><\/a><\/span>\n<p style=\"text-align: justify;\">E&#8217; situato nella parte pi\u00f9 settentrionale della baia di Naama Bay . Si differenzia dagli altri siti della baia, grazie a una serie di grossi torrioni madreporici che si innalza da un pendio, situato tra la sporgenza del reef e il drop-off, la cui inclinazione aumenta progressivamente procedendo verso est. Si possono effettuare sia immersioni in corrente che non. L&#8217;immersione dalla boa permette di esplorare i pinnacoli frequentati da numerosi pesci di barriera, anthias, pesci leone, fucilieri e pesci sergente. Procedendo verso est, si giunge ad una grotta che si apre a 5metri di profondit\u00e0 abitata da una colonia di pesci vetro dorati. Se le condizioni son favorevoli, si pu\u00f2 effettuare un&#8217;immersione in corrente partendo da questa grotta, scendendo a 30 metri dove si pu\u00f2 ammirare dall&#8217;alto la sommit\u00e0 di un vasto riparo chiamato &#8220;la Cattedrale&#8221; che si apre a circa 32metri e penetra nel reef per una decina di metri.<\/p>","protected":false},"excerpt":{"rendered":"<p>Tower E&#8217; un sito di immersione spettacolare, caratterizzato dalla presenza di un profondo canyon le cui pareti discendono verticalmente a oltre 120m. Si inizia l&#8217;immersione dal grande torrione madreporico che ha dato il nome al sito e ci si ritrova sul profondo canyon dalle acque cristalline. Subito dopo il canyon, si trova un vasto pianoro [&hellip;]<\/p>\n","protected":false},"author":2,"featured_media":0,"parent":1370,"menu_order":1,"comment_status":"closed","ping_status":"open","template":"","meta":{"footnotes":"","_links_to":"","_links_to_target":""},"_links":{"self":[{"href":"https:\/\/www.dive-club.com\/diveclub\/wp-json\/wp\/v2\/pages\/1376"}],"collection":[{"href":"https:\/\/www.dive-club.com\/diveclub\/wp-json\/wp\/v2\/pages"}],"about":[{"href":"https:\/\/www.dive-club.com\/diveclub\/wp-json\/wp\/v2\/types\/page"}],"author":[{"embeddable":true,"href":"https:\/\/www.dive-club.com\/diveclub\/wp-json\/wp\/v2\/users\/2"}],"replies":[{"embeddable":true,"href":"https:\/\/www.dive-club.com\/diveclub\/wp-json\/wp\/v2\/comments?post=1376"}],"version-history":[{"count":3,"href":"https:\/\/www.dive-club.com\/diveclub\/wp-json\/wp\/v2\/pages\/1376\/revisions"}],"predecessor-version":[{"id":2916,"href":"https:\/\/www.dive-club.com\/diveclub\/wp-json\/wp\/v2\/pages\/1376\/revisions\/2916"}],"up":[{"embeddable":true,"href":"https:\/\/www.dive-club.com\/diveclub\/wp-json\/wp\/v2\/pages\/1370"}],"wp:attachment":[{"href":"https:\/\/www.dive-club.com\/diveclub\/wp-json\/wp\/v2\/media?parent=1376"}],"curies":[{"name":"wp","href":"https:\/\/api.w.org\/{rel}","templated":true}]}}