{"id":1381,"date":"2013-02-28T07:28:09","date_gmt":"2013-02-28T07:28:09","guid":{"rendered":"http:\/\/www.dive-club.com\/?page_id=1381"},"modified":"2013-04-09T14:17:02","modified_gmt":"2013-04-09T14:17:02","slug":"ras-mohamed-il-parco-marino-nazionale","status":"publish","type":"page","link":"https:\/\/www.dive-club.com\/diveclub\/i-siti-di-immersione\/ras-mohamed-il-parco-marino-nazionale\/?lang=it","title":{"rendered":"RAS MOHAMED &#8211; IL PARCO MARINO NAZIONALE"},"content":{"rendered":"<span class=\"aligncenter\"><span class=\"frame\"><a href=\"http:\/\/www.dive-club.com\/diveclub\/wp-content\/uploads\/2013\/02\/RAS-MOHAMED-NATIONAL-MARINE-PARK.jpg\" title=\"\"  rel=\"prettyPhoto[rt_theme_thumb]\" class=\"imgeffect plus\"><img decoding=\"async\" src=\"http:\/\/www.dive-club.com\/diveclub\/wp-content\/uploads\/2013\/02\/RAS-MOHAMED-NATIONAL-MARINE-PARK-620x350.jpg\" alt=\"\"  class=\"align\" \/><\/a><\/span><\/span>\n<p style=\"text-align: justify;\">Il Parco Nazionale di Ras Mohamed \u00e8 una penisola che separa il Golfo di Aqaba dal Golfo di Suez. Grazie alla sua posizione geografica, i subacquei trovano quasi sempre forti correnti durante tutto l&#8217;anno, le quali attraggono pesci di grandi dimesioni. Bellissime spiagge, straordinari reef di corallo ed entusiasmanti siti di immersione rendono il Parco Nazionale di Ras Mohamed un posto meraviglioso da visitare.<\/p>\n<p style=\"text-align: justify;\">Ras Za&#8217;atar si trova dove il muro ripido che si estende da Ras Mohamed incontra la Baia di Marsa Bareika. L&#8217;immersione migliore \u00e8 rappresentata dal promontorio che comincia con la parete esterna in direzione nord. A circa 30 metri, si possono vedere ampie grotte, incavi, coralli neri cosi come gorgonie. Tutta la parete \u00e8 coloratissima e molto interessante da visitare.<\/p>\n<p style=\"text-align: justify;\">Shark &amp; Yolanda Reefs rappresetano i siti pi\u00f9 eccitanti di Ras Mohamed. Iniziando l&#8217;immersione da Anemone City, passando poi per Shark Reef e finendola a Yolanda reef, si possono ammirare numerosi banchi di barracuda, carangidi e pesci pippistrello grazie alle forti correnti che trasportano sostanze nutritive. Cercate il bagno fuori dall&#8217;acqua!<\/p>\n<p style=\"text-align: justify;\">Jackfish Alley \u00e8 la tradizionale immersione del pomeriggio, dopo una mattinata trascorsa a Ras Mohamed. Non essendoci dei punti di ancoraggio, l&#8217;immersione sar\u00e0 in corrente. Si comincia dove nella costa \u00e8 presente una roccia con un segno biancastro in direzione sud-ovest e si potranno ammirare tante grotte con colonie di pesci vetro tutto intorno. Proseguendo poi verso sud-ovest a circa 17 metri di profondit\u00e0 si trova questa vallata sabbiosa che da il nome al sito abitata da mante, carangidi e squali di scogliera a punte bianche.<\/p>\n<div class=\"photo_gallery\"><ul> <li><span class=\"frame\"><a href=\"http:\/\/www.dive-club.com\/diveclub\/wp-content\/uploads\/2013\/02\/RAS-MOHAMED-NATIONAL-MARINE-PARK1.jpg \" title=\"Ras Mohamed National Marine Park\"  rel=\"prettyPhoto[rt_photo_gallery]\" class=\"imgeffect plus\"><img decoding=\"async\" src=\"http:\/\/www.dive-club.com\/diveclub\/wp-content\/uploads\/2013\/02\/RAS-MOHAMED-NATIONAL-MARINE-PARK1-135x135.jpg\" alt=\"\" \/><\/a><\/span><span class=\"p_caption\" style=\"width:135px\"><\/span><\/li> <li><span class=\"frame\"><a href=\"http:\/\/www.dive-club.com\/diveclub\/wp-content\/uploads\/2013\/02\/RAS-MOHAMED-NATIONAL-MARINE-PARK2.jpg \" title=\"Ras Mohamed National Marine Park\"  rel=\"prettyPhoto[rt_photo_gallery]\" class=\"imgeffect plus\"><img decoding=\"async\" src=\"http:\/\/www.dive-club.com\/diveclub\/wp-content\/uploads\/2013\/02\/RAS-MOHAMED-NATIONAL-MARINE-PARK2-135x135.jpg\" alt=\"\" \/><\/a><\/span><span class=\"p_caption\" style=\"width:135px\"><\/span><\/li> <li><span class=\"frame\"><a href=\"http:\/\/www.dive-club.com\/diveclub\/wp-content\/uploads\/2013\/02\/RAS-MOHAMED-NATIONAL-MARINE-PARK3.jpg \" title=\"Ras Mohamed National Marine Park\"  rel=\"prettyPhoto[rt_photo_gallery]\" class=\"imgeffect plus\"><img decoding=\"async\" src=\"http:\/\/www.dive-club.com\/diveclub\/wp-content\/uploads\/2013\/02\/RAS-MOHAMED-NATIONAL-MARINE-PARK3-135x135.jpg\" alt=\"\" \/><\/a><\/span><span class=\"p_caption\" style=\"width:135px\"><\/span><\/li> <li><span class=\"frame\"><a href=\"http:\/\/www.dive-club.com\/diveclub\/wp-content\/uploads\/2013\/02\/RAS-MOHAMED-NATIONAL-MARINE-PARK4.jpg \" title=\"Ras Mohamed National Marine Park\"  rel=\"prettyPhoto[rt_photo_gallery]\" class=\"imgeffect plus\"><img decoding=\"async\" src=\"http:\/\/www.dive-club.com\/diveclub\/wp-content\/uploads\/2013\/02\/RAS-MOHAMED-NATIONAL-MARINE-PARK4-135x135.jpg\" alt=\"\" \/><\/a><\/span><span class=\"p_caption\" style=\"width:135px\"><\/span><\/li> <\/ul><div class=\"clear\"><\/div><\/div>\n<div class=\"line\"><span class=\"line\">\u00a0<\/span><\/div>\n<h4>Ras Ghozlani<\/h4>\n<span class=\"frame alignleft\"><a href=\"http:\/\/www.dive-club.com\/diveclub\/wp-content\/uploads\/2013\/02\/Ras-Ghozlani.jpg\" title=\"\"  rel=\"prettyPhoto[rt_theme_thumb]\" class=\"imgeffect plus\"><img decoding=\"async\" src=\"http:\/\/www.dive-club.com\/diveclub\/wp-content\/uploads\/2013\/02\/Ras-Ghozlani-150x150.jpg\" alt=\"\"  class=\"align\" \/><\/a><\/span>\n<p style=\"text-align: justify;\">Questa baia \u00e8 stata aperta ai subacquei solo qualche anno fa e l&#8217;accesso, ancora ristretto, \u00e8 consentito solo dalla sua parte esterna. Un paletto con due bandierine, una rossa e una verde, piantato sulla costa indica il punto che non si dovrebbe oltrepassare. In origine vi erano due punti di ormeggi fissi sul tratto di costa agibile ma in seguito son stati rimossi; per cui oggi si possono effettuare solo immersioni in corrente. Il percorso si snoda su un vasto pendio sabbioso che inizia alla profondit\u00e0 di 6 metri e che discende fino al drop-off (25m). Una serie di pinnacoli, spesso ricoperti di coralli molli e colonie di anthias, con grandi acropore tabulari e ramificate si innalzano dalla sabbia.Le acropore tabulari offrono rifugio a pesci pippistrello, pesci vetro e cernie; sul pendio sabbioso si possono incontrare trigoni a macchie blu, pesci palla e pesci balestra.<\/p>\n<div class=\"line\"><span class=\"line\">\u00a0<\/span><\/div>\n<h4>Ras Za\u00b4atar<\/h4>\n<span class=\"frame alignleft\"><a href=\"http:\/\/www.dive-club.com\/diveclub\/wp-content\/uploads\/2013\/02\/Ras-Za\u00b4atar.jpg\" title=\"\"  rel=\"prettyPhoto[rt_theme_thumb]\" class=\"imgeffect plus\"><img decoding=\"async\" src=\"http:\/\/www.dive-club.com\/diveclub\/wp-content\/uploads\/2013\/02\/Ras-Za\u00b4atar-150x150.jpg\" alt=\"\"  class=\"align\" \/><\/a><\/span>\n<p style=\"text-align: justify;\">Ras Za\u2019atar \u00e8 il promontorio roccioso che delimita a sud la profonda Baia di Marsa Bareika. Di solito si inizia l&#8217;immersione in corrente in direzione nord-est con il reef sul lato sinistro. All&#8217;inizio, si scoprono delle bellissime acropore tabulari e gorgonie situate a 21 metri e il percorso continua lungo la splendida parete che scende verticalmente. Quest&#8217;ultima \u00e8 decorata da coloratissimi alcionacei e gorgonie con una particolare disposizione orizzontale e colonie di corallo nero. Due scenografici camini cominciano ad una profondit\u00e0 di 10-15 metri e si restringono verso la superficie aprendosi poi sulla piattaforma del reef. Da queste aperture il sole penetra all&#8217;interno delle cavit\u00e0 creando effetti scenografici. Qui si incontrano pesci leoni, pesci vetro dorati e cernie. Superato il capo, si arriva all&#8217;interno di Marsa Bareika in un pendio con tanti pinnacoli che creano un vero giardino di corallo. Si incrociano carangidi, barracuda e qualche tonno alla ricerca di qualche preda nel blu.<\/p>\n<div class=\"line\"><span class=\"line\">\u00a0<\/span><\/div>\n<h4>Jack fish Alley<\/h4>\n<span class=\"frame alignleft\"><a href=\"http:\/\/www.dive-club.com\/diveclub\/wp-content\/uploads\/2013\/02\/Jack-fish-Alley.jpg\" title=\"\"  rel=\"prettyPhoto[rt_theme_thumb]\" class=\"imgeffect plus\"><img decoding=\"async\" src=\"http:\/\/www.dive-club.com\/diveclub\/wp-content\/uploads\/2013\/02\/Jack-fish-Alley-150x150.jpg\" alt=\"\"  class=\"align\" \/><\/a><\/span>\n<p style=\"text-align: justify;\">Il nome di questo sito deriva dalla presenza di una vera e propria starda di sabbia compresa tra la scarpatina di corallo che borda la costa e un parallelo reef satellite, spesso frequentata da carangidi e altri predatori. Si inizia l&#8217;immersione in corrente da un punto biancastro sul reef; si discende fino a 6 metri doved si nota un&#8217;ampia entrata sulla prima grotta che penetra il reef fino a 40 metri. Procedendo a sud-ovest, si giunge presso un grosso torrione madreporico oltre il quale a 14 metri, vi \u00e8 una seconda grotta ascensionale con un&#8217;ampia uscita a 6 metri. A sud-ovest della baia sabbiosa, c&#8217;\u00e8 un altro torrione di corallo popolato da pesci vetro a circa 11 metri. Continuando nella stessa direzione e si raggiunge un viale sabbioso a 18-20 metri. Squali di scogliera a punte bianche, mante, carangidi,pesci balestra blu e trigoni a macchie blu sono facili da avvistare in questo sito.<\/p>\n<div class=\"line\"><span class=\"line\">\u00a0<\/span><\/div>\n<h4>Eel Garden<\/h4>\n<span class=\"frame alignleft\"><a href=\"http:\/\/www.dive-club.com\/diveclub\/wp-content\/uploads\/2013\/02\/Eel-Garden.jpg\" title=\"\"  rel=\"prettyPhoto[rt_theme_thumb]\" class=\"imgeffect plus\"><img decoding=\"async\" src=\"http:\/\/www.dive-club.com\/diveclub\/wp-content\/uploads\/2013\/02\/Eel-Garden-150x150.jpg\" alt=\"\"  class=\"align\" \/><\/a><\/span>\n<p style=\"text-align: justify;\">Eel Garden \u00e8 abbastanza riparato dalle correnti, ma, poich\u00e8 esposto a venti dominanti e onde, bisogna prestare attenzione alla condizione del mare. L&#8217;immersione qui \u00e8 semplice e il percorso si snoda sul pendio sabbioso dolcemente inclinato verso est antistante la spiaggia.Nella parte centrale del pendio sabbioso c&#8217;\u00e8 una grotta dalla quale sembra scaturire l&#8217;imponente cascata di sabbia a forma di V. Nella parte centrale del pianoro vive una bella colonia di anguille giardiniereche possono superare gli 80 cm di lunghezza. Queste creature devono essere avvicinate con cautela perch\u00e8 sono assai timide e al primo segnale di pericolo spariscono nelle loro tane.<\/p>\n<div class=\"line\"><span class=\"line\">\u00a0<\/span><\/div>\n<h4>Sharks Observatory<\/h4>\n<span class=\"frame alignleft\"><a href=\"http:\/\/www.dive-club.com\/diveclub\/wp-content\/uploads\/2013\/02\/Sharks-Observatory.jpg\" title=\"\"  rel=\"prettyPhoto[rt_theme_thumb]\" class=\"imgeffect plus\"><img decoding=\"async\" src=\"http:\/\/www.dive-club.com\/diveclub\/wp-content\/uploads\/2013\/02\/Sharks-Observatory-150x150.jpg\" alt=\"\"  class=\"align\" \/><\/a><\/span>\n<p style=\"text-align: justify;\">Questa \u00e8 una magnifica immersione in parete, sospesi su profondit\u00e0 abissali, si possono ammirare un paesaggio grandioso e, allo stesso tempo, grandi predatori pelagici e tartarughe a scaglie. Anche lo squalo balena \u00e8 stato avvistato in questa zona. Sulla parete, si possono trovare alcionacei, guglie, ampie gorgonie che riparano grotte piene di vita, senza perdere di vista il blu dove possono apparire carangidi, barracuda e qualche squalo.<\/p>\n<div class=\"line\"><span class=\"line\">\u00a0<\/span><\/div>\n<h4>Sharks Reef &amp; Yolanda Reef<\/h4>\n<span class=\"frame alignleft\"><a href=\"http:\/\/www.dive-club.com\/diveclub\/wp-content\/uploads\/2013\/02\/Sharks-Reef-Yolanda-Reef.jpg\" title=\"\"  rel=\"prettyPhoto[rt_theme_thumb]\" class=\"imgeffect plus\"><img decoding=\"async\" src=\"http:\/\/www.dive-club.com\/diveclub\/wp-content\/uploads\/2013\/02\/Sharks-Reef-Yolanda-Reef-150x150.jpg\" alt=\"\"  class=\"align\" \/><\/a><\/span>\n<p style=\"text-align: justify;\">Shark Reef \u00e8 il sito pi\u00f9 famoso e frequentato di Ras Mohamed per la variet\u00e0 dei paesaggi marini e per la straordinaria abbondanza di fauna pelagica e di barriera. Tuttavia, \u00e8 consigliabile visitare questo sito solo nei mesi estivi per ammirare tutto il suo splendore. Bisogna anche tener conto, che l&#8217;incredibile spettacolo offerto dai banchi di carangidi e barracuda che si aprono al passaggio dei subacqui, \u00e8 riservato a chi ha una certa esperienza e un livello tecnico adeguato ad affrontare delle correnti a volte impetuose. Si possono effetturare diversi percorsi subacquei, tutti in corrente, tenendo in considerazione le condizioni meteorologiche, le correnti e il livello dei subacquei. Uno dei percorsi classici inizia da Anemone City, situato a 12-20 metri, che si presenta come un grande balcone. In questo sito si possono ammirare numerose colonie di anemoni. Subito dopo Anemone City, nuotando nel blu per alcuni minuti, si raggiunge il sito di Shark Reef. Qui, si trova una parete che discende verticalmente fino agli abissi, a pi\u00f9 di 700 metri di profondit\u00e0. Se si osserva nel blu, \u00e8 facile vedere banchi di pesci pippistrello, muri di carangidi, lutianidi o azzannatori e unicorni blu.E&#8217; anche facile incontrare grandi banchi di piccoli barracuda pinna nera disposti a cerchio\u00a0 in mezzo ai quali si aggira molto spesso uno o due squali pinne nere. Dopo aver percorso alcune decine di metri si giunge a un pianoro sabbioso e poco profondo che collega Shark Reef a Yolanda Reef, la cui sagoma si delinea poco dopo una grande gorgonia situata a 20 metri e una seconda gorgonia a 14 metri che segna l&#8217;inizio di un meraviglioso giardino di corallo con alcionacei color malva che contorna la parete orientale di Yolanda. Dopo aver attraversato il giardino, e, oltrepassato l&#8217;angolo meridionale, si noter\u00e0 i resti di una nave mercantile cipriota, Yolanda,\u00a0 che vi naufrag\u00f2 nella notte tra il 01 e il 02 aprile 1980 la cui destinazione era Aqaba: containers, sanitari, vasche da bagno, carte da parati, casse di whisky e un&#8217;automobile BMW 320 che apparteneva al comandante. Attorno a questo relitto si aggirano semrpe grosse cernie di Malabar, pesci napoleone, azzannatori maculati e fucilieri. La nave venne sospinta dalle onde ad una profondit\u00e0 di 50 metri nel 1987, e successivamente, il 15 marzo dello stesso anno, scomparve nel blu sottostante durante una violenta mareggiata. Se rimane ancora un p\u00f2 d&#8217;aria, si pu\u00f2 esplorare la laguna sabbiosa che si estende proprio dietro Yolanda Reef e la sella tra i due torrioni madreporici abitati da trigoni a macchie blu, pesci scorpione, pesci pietra, pesci napoleone e pesci coccodrillo a testa piatta.<\/p>","protected":false},"excerpt":{"rendered":"<p>Il Parco Nazionale di Ras Mohamed \u00e8 una penisola che separa il Golfo di Aqaba dal Golfo di Suez. Grazie alla sua posizione geografica, i subacquei trovano quasi sempre forti correnti durante tutto l&#8217;anno, le quali attraggono pesci di grandi dimesioni. Bellissime spiagge, straordinari reef di corallo ed entusiasmanti siti di immersione rendono il Parco [&hellip;]<\/p>\n","protected":false},"author":2,"featured_media":0,"parent":1370,"menu_order":3,"comment_status":"closed","ping_status":"open","template":"","meta":{"footnotes":"","_links_to":"","_links_to_target":""},"_links":{"self":[{"href":"https:\/\/www.dive-club.com\/diveclub\/wp-json\/wp\/v2\/pages\/1381"}],"collection":[{"href":"https:\/\/www.dive-club.com\/diveclub\/wp-json\/wp\/v2\/pages"}],"about":[{"href":"https:\/\/www.dive-club.com\/diveclub\/wp-json\/wp\/v2\/types\/page"}],"author":[{"embeddable":true,"href":"https:\/\/www.dive-club.com\/diveclub\/wp-json\/wp\/v2\/users\/2"}],"replies":[{"embeddable":true,"href":"https:\/\/www.dive-club.com\/diveclub\/wp-json\/wp\/v2\/comments?post=1381"}],"version-history":[{"count":3,"href":"https:\/\/www.dive-club.com\/diveclub\/wp-json\/wp\/v2\/pages\/1381\/revisions"}],"predecessor-version":[{"id":2903,"href":"https:\/\/www.dive-club.com\/diveclub\/wp-json\/wp\/v2\/pages\/1381\/revisions\/2903"}],"up":[{"embeddable":true,"href":"https:\/\/www.dive-club.com\/diveclub\/wp-json\/wp\/v2\/pages\/1370"}],"wp:attachment":[{"href":"https:\/\/www.dive-club.com\/diveclub\/wp-json\/wp\/v2\/media?parent=1381"}],"curies":[{"name":"wp","href":"https:\/\/api.w.org\/{rel}","templated":true}]}}