{"id":1383,"date":"2013-02-28T07:33:33","date_gmt":"2013-02-28T07:33:33","guid":{"rendered":"http:\/\/www.dive-club.com\/?page_id=1383"},"modified":"2013-04-09T14:15:45","modified_gmt":"2013-04-09T14:15:45","slug":"lo-stretto-di-tiran","status":"publish","type":"page","link":"https:\/\/www.dive-club.com\/diveclub\/i-siti-di-immersione\/lo-stretto-di-tiran\/?lang=it","title":{"rendered":"LO STRETTO DI TIRAN"},"content":{"rendered":"<span class=\"aligncenter\"><span class=\"frame\"><a href=\"http:\/\/www.dive-club.com\/diveclub\/wp-content\/uploads\/2013\/02\/STRAITS-OF-TIRAN.jpg\" title=\"\"  rel=\"prettyPhoto[rt_theme_thumb]\" class=\"imgeffect plus\"><img decoding=\"async\" src=\"http:\/\/www.dive-club.com\/diveclub\/wp-content\/uploads\/2013\/02\/STRAITS-OF-TIRAN-620x350.jpg\" alt=\"\"  class=\"align\" \/><\/a><\/span><\/span>\n<p style=\"text-align: justify;\">Lo stretto di Tiran, situato all&#8217;inizio del Golfo di Aqaba, rappresenta uno dei posti pi\u00f9 belli di questa area.\u00a0 Al centro di questo canale si trovano quattro banchi di corallo battezzati con i nomi dei geografi inglesi che nel XIX secolo disegnarono la prima carta nautica della regione: Jackson reef, Woodhouse reef, Thomas reef e Gordon reef.<\/p>\n<p style=\"text-align: justify;\">Le forti correnti sono la caratteristica dello stretto di Tiran e attirano barracuda, carangidi, tonni e squali. I reefs sono dei veri giardini di corallo abitati da coloratissimi pesci.<\/p>\n<p style=\"text-align: justify;\">In corrispondenza con lo stretto di Tiran, il Golfo di Aqaba passa da una larghezza di circa 19.3km a 3.9km. La profondit\u00e0 risale da 1270m a 71m nel Passagio Grafton (per le navi con rotta nord) e 250m nel Passaggio Enterprise (per le navi con rotta sud).<\/p>\n<div class=\"line\"><span class=\"line\">\u00a0<\/span><\/div>\n<h4>Jackson<\/h4>\n<span class=\"frame alignleft\"><a href=\"http:\/\/www.dive-club.com\/diveclub\/wp-content\/uploads\/2013\/02\/Jackson.jpg\" title=\"\"  rel=\"prettyPhoto[rt_theme_thumb]\" class=\"imgeffect plus\"><img decoding=\"async\" src=\"http:\/\/www.dive-club.com\/diveclub\/wp-content\/uploads\/2013\/02\/Jackson-150x150.jpg\" alt=\"\"  class=\"align\" \/><\/a><\/span>\n<p style=\"text-align: justify;\">E&#8217; il piu settentrionale dei reef di Tiran ed \u00e8 caratterizzato dalla presenza di un relitto, parzialmente demolito nel 1966, della nave mercantile cipriota Lara che vi naufrag\u00f2 nel dicembre 1981. Le immersioni qui di solito cominciano dalla zona meridionale, protetta dal vento e dalle onde, dove si trovano alcuni punti di ormeggio fissi. La parete meridionale del reef \u00e8 solcata nella parte superiore da alcuni canaloni sabbiosi e scende ripidamente sul fondale sabbioso a 45metri dove si trova una colonia di anguille giardiniere. Dirigendosi verso ovest si potranno ammirare alcune gorgonie e uno splendido anemone rosso a 28metri. Si giunge poi a un pianoro che prosegue con una sella e si collega a Woodhouse Reef. L&#8217;angolo sud-ovest, dove vi son numerosissimi coralli di fuoco, \u00e8 sottoposta all&#8217;azione di correnti estremamente violente. Se le condizioni lo permettono, \u00e8 possibile effettuare un drift dive sulla parete orientale del reef. Qui, a 15 metri di profondit\u00e0, c&#8217;\u00e8 un pianoro sabbioso che sprofonda nel blu verso nord. In questa zona si possono facilmente osservare tartarughe e grandi pesci pelagici: squali di scogliera grigi e a punte bianche e squali martello frequenti soprattutto da luglio a settembre e osservabili nel blu sul versante settentrionale del reef, in corrispondenza del relitto del Lara.<\/p>\n<div class=\"line\"><span class=\"line\">\u00a0<\/span><\/div>\n<h4>Kormoran<\/h4>\n<span class=\"frame alignleft\"><a href=\"http:\/\/www.dive-club.com\/diveclub\/wp-content\/uploads\/2013\/02\/Kormoran.jpg\" title=\"\"  rel=\"prettyPhoto[rt_theme_thumb]\" class=\"imgeffect plus\"><img decoding=\"async\" src=\"http:\/\/www.dive-club.com\/diveclub\/wp-content\/uploads\/2013\/02\/Kormoran-150x150.jpg\" alt=\"\"  class=\"align\" \/><\/a><\/span>\n<p style=\"text-align: justify;\">Questo sito di immersione era solito avere il relitto della nave Kormoran affondata nel 1984 in acque poco profonde max 12metri. Ma ora, ci sono solo poche cose rimaste perch\u00e8 la maggior parte del relitto \u00e8 stata rimossa. Si possono ammirare numerosi giardini di corallo circondati da pesci chirurgo Sohal e da triglie a pinne gialla. L&#8217;immersione qui si pu\u00f2 svolgere solo quando il mare \u00e8 veramente calmo per avere buona visibilit\u00e0.<\/p>\n<div class=\"line\"><span class=\"line\">\u00a0<\/span><\/div>\n<h4>Laguna Reef<\/h4>\n<span class=\"frame alignleft\"><a href=\"http:\/\/www.dive-club.com\/diveclub\/wp-content\/uploads\/2013\/02\/Laguna-Reef.jpg\" title=\"\"  rel=\"prettyPhoto[rt_theme_thumb]\" class=\"imgeffect plus\"><img decoding=\"async\" src=\"http:\/\/www.dive-club.com\/diveclub\/wp-content\/uploads\/2013\/02\/Laguna-Reef-150x150.jpg\" alt=\"\"  class=\"align\" \/><\/a><\/span>\n<p style=\"text-align: justify;\">Il versante occidentale dell&#8217;isola di Tiran \u00e8 bordato da una formazione madreporica che racchiude al suo interno una splendida laguna corallina la cui profondit\u00e0 media \u00e8&#8217; 10-12metri, chiamata dai subacquei Laguna Reef. Un muro di corallo trasversale la divide in due parti \u2013 Laguna Nord e Laguna Sud \u2013 e sono entrambe segnalate da un faro. La Laguna Sud, pi\u00f9 grande ed estesa delle due, \u00e8 il miglior punto di ancoraggio della regione e offre un riparo sicuro con qualsiasi condizione di mare. Il versante esterno di Laguna Reef \u00e8 un interessante sito di immersione. Questa area \u00e8 fortemente influenzata da correnti di marea, le quali stabiliscono la direzione dell&#8217; immersione se verso sud o verso nord, preferibilmente di pomeriggio. A sud del faro di Laguna Sud, si estende un pianoro con grandi coralli tabulari che si restringe progressivamente verso nord trasformandosi in una ripida parete ricca di fauna di barriera che nuota tra le numerose specie di coralli duri e molli e alcune gorgonie. Nei pressi di Laguna Nord si trova un altro pianoro con tanti coralli e tabulari e coralli di fuoco.<\/p>\n<div class=\"line\"><span class=\"line\">\u00a0<\/span><\/div>\n<h4>Woodhouse Reef<\/h4>\n<span class=\"frame alignleft\"><a href=\"http:\/\/www.dive-club.com\/diveclub\/wp-content\/uploads\/2013\/02\/Woodhouse-Reef.jpg\" title=\"\"  rel=\"prettyPhoto[rt_theme_thumb]\" class=\"imgeffect plus\"><img decoding=\"async\" src=\"http:\/\/www.dive-club.com\/diveclub\/wp-content\/uploads\/2013\/02\/Woodhouse-Reef-150x150.jpg\" alt=\"\"  class=\"align\" \/><\/a><\/span>\n<p style=\"text-align: justify;\">Ha una forma stretta e allungata che non offre alcun tipo di riparo alle imbarcazioni ed \u00e8 sprovvisto di ancoraggi. Pertanto le immersioni in questo sito sono obbligatoriamente in corrente. La parte pi\u00f9 interessante del reef \u00e8 la met\u00e0 settentrionale ad est caratterizzata da un canyon che si apre a circa 30m di profondit\u00e0 e che continua parallelo fino ad un pianoro sabbioso. Il pianoro sabbioso si allarga verso nord a 14metri e conduce alla sella che lo collega a Jackson Reef. \u00a0 Si \u00a0 potranno facilmente ammirare banchi di Carangidi, tartarughe, squali (grigi di scogliera, a punte bianche, leopardo e Martello) e numerosissimi coralli, molli e duri, tra cui quello nero (genere Antipathes) localizzati ad una profondit\u00e0 di 22-26m. E&#8217; raccomandabile finire l&#8217;immersione prima della sella soprattutto quando il mare \u00e8 agitato.<\/p>\n<div class=\"line\"><span class=\"line\">\u00a0<\/span><\/div>\n<h4>Thomas Reef<\/h4>\n<span class=\"frame alignleft\"><a href=\"http:\/\/www.dive-club.com\/diveclub\/wp-content\/uploads\/2013\/02\/Thomas-Reef.jpg\" title=\"\"  rel=\"prettyPhoto[rt_theme_thumb]\" class=\"imgeffect plus\"><img decoding=\"async\" src=\"http:\/\/www.dive-club.com\/diveclub\/wp-content\/uploads\/2013\/02\/Thomas-Reef-150x150.jpg\" alt=\"\"  class=\"align\" \/><\/a><\/span>\n<p style=\"text-align: justify;\">La mancanza di punti di ancoraggio obbliga ad effettuare immersioni in corrente. L&#8217;angolo meridionale del reef costituisce il punto classico di partenza dell&#8217;itinerario subacqueo che continua lungo il versante est, ricco di coralli multicolore, dove la parete discende fino ad un pianoro sabbioso che inizia a circa 25m di profondit\u00e0 in leggera pendenza. Sulla parete si potranno ammirare grandi Alcionacei, imponenti gorgonie, coralli a frusta, coralli neri e altri Antipari dalla forma a spirale. Passata una doppia file di gorgonie, a 35m si apre uno splendido ma assai profondo canyon che si sviluppa con andamento parallelo al reef ed \u00e8 attraversato da 3 imponenti arcate. All&#8217;angolo orientale del reef si pu\u00f2 incontrare una corrente contraria assai forte. Se si riesce a passare questo punto, si pu\u00f2 compiere un giro completo attorno al reef. Questo ti permette di esplorare la parete settentrionale caratterizzata da alcuni ripari e canaloni, e quella ovest caratterizzata da numerosi ripari e grotte. Questo reef \u00e8 abitato da una ricca fauna costituita da tartarughe, pesci di barriera e pesci pelagici.<\/p>\n<div class=\"line\"><span class=\"line\">\u00a0<\/span><\/div>\n<h4>Gordon Reef<\/h4>\n<span class=\"frame alignleft\"><a href=\"http:\/\/www.dive-club.com\/diveclub\/wp-content\/uploads\/2013\/02\/Gordon-Reef.jpg\" title=\"\"  rel=\"prettyPhoto[rt_theme_thumb]\" class=\"imgeffect plus\"><img decoding=\"async\" src=\"http:\/\/www.dive-club.com\/diveclub\/wp-content\/uploads\/2013\/02\/Gordon-Reef-150x150.jpg\" alt=\"\"  class=\"align\" \/><\/a><\/span>\n<p style=\"text-align: justify;\">E&#8217; caratterizzato dalla presenza del relitto deil Loullia incagliatosi sul suo versante settentrionale nel 1981. La presenza di ancoraggi fissi sul versante sud e un ampio pianoro a ventaglio situato tra i 10 e 24 metri, rendono questo punto di immersione pi\u00f9 tranquillo dei precedenti. Si parte dal punto di ancoraggio e ci si dirige verso est e poi verso nord lungo il versante orientale del reef. A met\u00e0 strada si possono vedere i barili metallici a una profondit\u00e0 compresa tra i 10 e i 20metri. Da qui si pu\u00f2 sia ritornare al punto di partenza sia effettuare un&#8217;immersione in corrente procedendo verso nord; in questo caso si incontrer\u00e0 un piccolo pianoro sabbioso nel quale vivono alcune anguille giardiniere. Al Gordon Reef si ha l&#8217;opportunit\u00e0 di osservare varie specie di coralli, piccoli nudibrachi e, con un po&#8217; di fortuna, squali di scogliera a punte bianche, squali martello e aquile di mare.<\/p>","protected":false},"excerpt":{"rendered":"<p>Lo stretto di Tiran, situato all&#8217;inizio del Golfo di Aqaba, rappresenta uno dei posti pi\u00f9 belli di questa area.\u00a0 Al centro di questo canale si trovano quattro banchi di corallo battezzati con i nomi dei geografi inglesi che nel XIX secolo disegnarono la prima carta nautica della regione: Jackson reef, Woodhouse reef, Thomas reef e [&hellip;]<\/p>\n","protected":false},"author":2,"featured_media":0,"parent":1370,"menu_order":4,"comment_status":"closed","ping_status":"open","template":"","meta":{"footnotes":"","_links_to":"","_links_to_target":""},"_links":{"self":[{"href":"https:\/\/www.dive-club.com\/diveclub\/wp-json\/wp\/v2\/pages\/1383"}],"collection":[{"href":"https:\/\/www.dive-club.com\/diveclub\/wp-json\/wp\/v2\/pages"}],"about":[{"href":"https:\/\/www.dive-club.com\/diveclub\/wp-json\/wp\/v2\/types\/page"}],"author":[{"embeddable":true,"href":"https:\/\/www.dive-club.com\/diveclub\/wp-json\/wp\/v2\/users\/2"}],"replies":[{"embeddable":true,"href":"https:\/\/www.dive-club.com\/diveclub\/wp-json\/wp\/v2\/comments?post=1383"}],"version-history":[{"count":4,"href":"https:\/\/www.dive-club.com\/diveclub\/wp-json\/wp\/v2\/pages\/1383\/revisions"}],"predecessor-version":[{"id":2905,"href":"https:\/\/www.dive-club.com\/diveclub\/wp-json\/wp\/v2\/pages\/1383\/revisions\/2905"}],"up":[{"embeddable":true,"href":"https:\/\/www.dive-club.com\/diveclub\/wp-json\/wp\/v2\/pages\/1370"}],"wp:attachment":[{"href":"https:\/\/www.dive-club.com\/diveclub\/wp-json\/wp\/v2\/media?parent=1383"}],"curies":[{"name":"wp","href":"https:\/\/api.w.org\/{rel}","templated":true}]}}