{"id":1386,"date":"2013-02-28T07:36:41","date_gmt":"2013-02-28T07:36:41","guid":{"rendered":"http:\/\/www.dive-club.com\/?page_id=1386"},"modified":"2013-04-09T14:15:40","modified_gmt":"2013-04-09T14:15:40","slug":"i-siti-di-immersione-di-shaab-mahmoud","status":"publish","type":"page","link":"https:\/\/www.dive-club.com\/diveclub\/i-siti-di-immersione\/i-siti-di-immersione-di-shaab-mahmoud\/?lang=it","title":{"rendered":"I siti di Immersione di Shaab Mahmoud"},"content":{"rendered":"<span class=\"aligncenter\"><span class=\"frame\"><a href=\"http:\/\/www.dive-club.com\/diveclub\/wp-content\/uploads\/2013\/02\/Dive-Site-Shaab-Mahmoud.jpg\" title=\"\"  rel=\"prettyPhoto[rt_theme_thumb]\" class=\"imgeffect plus\"><img decoding=\"async\" src=\"http:\/\/www.dive-club.com\/diveclub\/wp-content\/uploads\/2013\/02\/Dive-Site-Shaab-Mahmoud-620x350.jpg\" alt=\"\"  class=\"align\" \/><\/a><\/span><\/span>\n<h4>The Alternatives<\/h4>\n<span class=\"frame alignleft\"><a href=\"http:\/\/www.dive-club.com\/diveclub\/wp-content\/uploads\/2013\/02\/The-Alternatives.jpg\" title=\"\"  rel=\"prettyPhoto[rt_theme_thumb]\" class=\"imgeffect plus\"><img decoding=\"async\" src=\"http:\/\/www.dive-club.com\/diveclub\/wp-content\/uploads\/2013\/02\/The-Alternatives-150x150.jpg\" alt=\"\"  class=\"align\" \/><\/a><\/span>\n<p style=\"text-align: justify;\">Tre miglia ad ovest di Ras Mohamed, una serie di torrioni madreporici affiornati, allineati in direzione est-ovest, si estende per circa 1.5 miglia a sud di Sha&#8217;ab El-Utat. Essendo ben riparato, questo luogo offre la possibilit\u00e0 di fare immersioni alternative quando le condizioni del mare sono proibitive. La classica immersione si snoda attorno ai due torrioni mediani che sono allineati al punto di ormeggio fisso. Per la sua posizione il sito risente delle correnti di marea che influenzano la visibilit\u00e0, che risutla ridotta quando la corrente arriva da sudspecialmente se accompagnata da vento e onde. Se, il mare \u00e8 calmo e la corrente \u00e8 assente o proviene da nord, si pu\u00f2 godere di questo sito Alternatives ricco di fauna dove si possono ammirare numerosi tipi di corallo, grosse cernie, trigoni a macchie blu, calamari, nudibranchi e qualche squalo leopardo.<\/p>\n<div class=\"line\"><span class=\"line\">\u00a0<\/span><\/div>\n<h4>DunRaven wreck<\/h4>\n<span class=\"frame alignleft\"><a href=\"http:\/\/www.dive-club.com\/diveclub\/wp-content\/uploads\/2013\/02\/DunRaven-wreck.jpg\" title=\"\"  rel=\"prettyPhoto[rt_theme_thumb]\" class=\"imgeffect plus\"><img decoding=\"async\" src=\"http:\/\/www.dive-club.com\/diveclub\/wp-content\/uploads\/2013\/02\/DunRaven-wreck-150x150.jpg\" alt=\"\"  class=\"align\" \/><\/a><\/span>\n<p style=\"text-align: justify;\">Un piccolo reef affiornate, situato a 6.9 miglia ad ovest di Ras Mohamed con un piccolo faro metallico, indica l&#8217;estremit\u00e0 meridionale di Sha&#8217;ab Mahmud. La nave mercantile inglese Dunraven vi naufrag\u00f2 nel 1876 e giace capovolta a 15-30 metri di profondit\u00e0. Dunraven era il soggetto di un memorabile documentario della BBC del 1979 e ora rappresenta una delle mete classiche dei subacquei.Poich\u00e8 il carico di legname e balle di cotone and\u00f2 disperso durante il naufragio, nel corso del quale la nave prese fuoco, si presenta come una grande cavit\u00e0 quasi vuota alla quale si accede attraverso tre aperture situate a poppa, al centro e a prua. L&#8217;immersione inizia dalla poppa che \u00e8 la parte pi\u00f9 profonda. Dopo una decina di metri, si pu\u00f2 entrare all&#8217;interno dello scafo popolato da grosse cernie, pesci leone, pesci vetro e coloratissimi alcionacei. E&#8217; meglio uscire attraverso l&#8217;apertura centrale situata in corrispondenza della sala macchine in modo da esplorare l&#8217;esterno della prua e il giardino di corallo circostante.<\/p>\n<div class=\"line\"><span class=\"line\">\u00a0<\/span><\/div>\n<h4>Small Crack<\/h4>\n<span class=\"frame alignleft\"><a href=\"http:\/\/www.dive-club.com\/diveclub\/wp-content\/uploads\/2013\/02\/Small-Crack.jpg\" title=\"\"  rel=\"prettyPhoto[rt_theme_thumb]\" class=\"imgeffect plus\"><img decoding=\"async\" src=\"http:\/\/www.dive-club.com\/diveclub\/wp-content\/uploads\/2013\/02\/Small-Crack-150x150.jpg\" alt=\"\"  class=\"align\" \/><\/a><\/span>\n<p style=\"text-align: justify;\">Small Crack \u00e8 il canale pi\u00f9 meridionale di Sha&#8217;ab Mahmud. Il suo asse centrale \u00e8 suddiviso da una grossa formazione madreporica in due canali secondari con una profondit\u00e0 compresa tra 5 e 8 metri e percorsi da correnti di marea a volte violente. Quando la marea \u00e8 crescente e la corrente generata si dirige verso nord, si \u00e8 spinti dalla laguna verso il mare aperto. Se la marea \u00e8 calante, la situazione si inverte e la corrente porta all&#8217;interno della laguna: \u00e8 preferibile effettuare l&#8217;immersione in questa condizione in modo da essere favoriti nel ritorno in barca, ormeggiata all&#8217;interno della laguna. Evidentemente un gommone sarebbe l&#8217;ideale per immergersi in Small Crack. Sul versante esterno del reef, che discende su un fondale sabbioso a circa 20 metri, si possono ammirare delle gorgonie, alcionacei e grandi corallo tavola. Spesso si ammirano tartarughe, squali leopardo e squali di scogliera a punte bianche. Durante la stagione estiva si incontrano banchi di barracuda e carangidi e, all&#8217;imboccatura del canale, predominano i coralli di fuoco.<\/p>","protected":false},"excerpt":{"rendered":"<p>The Alternatives Tre miglia ad ovest di Ras Mohamed, una serie di torrioni madreporici affiornati, allineati in direzione est-ovest, si estende per circa 1.5 miglia a sud di Sha&#8217;ab El-Utat. Essendo ben riparato, questo luogo offre la possibilit\u00e0 di fare immersioni alternative quando le condizioni del mare sono proibitive. La classica immersione si snoda attorno [&hellip;]<\/p>\n","protected":false},"author":2,"featured_media":0,"parent":1370,"menu_order":5,"comment_status":"closed","ping_status":"open","template":"","meta":{"footnotes":"","_links_to":"","_links_to_target":""},"_links":{"self":[{"href":"https:\/\/www.dive-club.com\/diveclub\/wp-json\/wp\/v2\/pages\/1386"}],"collection":[{"href":"https:\/\/www.dive-club.com\/diveclub\/wp-json\/wp\/v2\/pages"}],"about":[{"href":"https:\/\/www.dive-club.com\/diveclub\/wp-json\/wp\/v2\/types\/page"}],"author":[{"embeddable":true,"href":"https:\/\/www.dive-club.com\/diveclub\/wp-json\/wp\/v2\/users\/2"}],"replies":[{"embeddable":true,"href":"https:\/\/www.dive-club.com\/diveclub\/wp-json\/wp\/v2\/comments?post=1386"}],"version-history":[{"count":3,"href":"https:\/\/www.dive-club.com\/diveclub\/wp-json\/wp\/v2\/pages\/1386\/revisions"}],"predecessor-version":[{"id":2904,"href":"https:\/\/www.dive-club.com\/diveclub\/wp-json\/wp\/v2\/pages\/1386\/revisions\/2904"}],"up":[{"embeddable":true,"href":"https:\/\/www.dive-club.com\/diveclub\/wp-json\/wp\/v2\/pages\/1370"}],"wp:attachment":[{"href":"https:\/\/www.dive-club.com\/diveclub\/wp-json\/wp\/v2\/media?parent=1386"}],"curies":[{"name":"wp","href":"https:\/\/api.w.org\/{rel}","templated":true}]}}