{"id":1393,"date":"2013-02-28T07:48:34","date_gmt":"2013-02-28T07:48:34","guid":{"rendered":"http:\/\/www.dive-club.com\/?page_id=1393"},"modified":"2013-04-09T14:10:26","modified_gmt":"2013-04-09T14:10:26","slug":"angelina-ii-dettagli-di-viaggio","status":"publish","type":"page","link":"https:\/\/www.dive-club.com\/diveclub\/safari-con-angelina-ii\/angelina-ii-dettagli-di-viaggio\/?lang=it","title":{"rendered":"ANGELINA II &#8211; Dettagli di viaggio"},"content":{"rendered":"<h4>DETTAGLI DI VIAGGIO<\/h4>\n<p style=\"text-align: justify;\">Subito dopo l&#8217;arrivo e la sistemazione in cabina, viene organizzato un incontro di benvenuto in cui vengono forniti tutti i dettagli di viaggio come: il piano delle immersioni, i siti da visitare, vengono suddivisi i gruppi di subacquei a seconda del loro livello di esperienza. Vengono fornite informazioni su come usare i servizi della barca, sull&#8217;ambiente e sulla sicurezza. Durante questo incontro sar\u00e0 pi\u00f9 semplice familiarizzare con il resto del gruppo presente e rilassarsi prima di cominciare questa avventura a bordo.<\/p>\n<p style=\"text-align: justify;\">La mattina sarai svegliato da una campana. La prima immersione viene svolta prima della colazione o meglio prima della doccia mattutina&#8230;ma una ricca colazione sar\u00e0 li pronta ad aspettarti in superficie! Hai il tempo di rilassarti un pochino al sole e subito dopo la seconda immersione, avrai il piacere di gustare un delizioso pranzo. Nel primo pomeriggio si salter\u00e0 per la terza immersione, dopo di che una ricca merenda sar\u00e0 preparata a base di t\u00e8 e torte. L&#8217;immersione nottura sar\u00e0 disponibile su richiesta.<\/p>\n<div class=\"photo_gallery\"><ul> <li><span class=\"frame\"><a href=\"http:\/\/www.dive-club.com\/diveclub\/wp-content\/uploads\/2013\/02\/ANGELINA-II-4.jpg \" title=\"sample image\"  rel=\"prettyPhoto[rt_photo_gallery]\" class=\"imgeffect plus\"><img decoding=\"async\" src=\"http:\/\/www.dive-club.com\/diveclub\/wp-content\/uploads\/2013\/02\/ANGELINA-II-4-135x135.jpg\" alt=\"\" \/><\/a><\/span><span class=\"p_caption\" style=\"width:135px\"><\/span><\/li> <li><span class=\"frame\"><a href=\"http:\/\/www.dive-club.com\/diveclub\/wp-content\/uploads\/2013\/02\/ANGELINA-II-1.jpg \" title=\"sample image\"  rel=\"prettyPhoto[rt_photo_gallery]\" class=\"imgeffect plus\"><img decoding=\"async\" src=\"http:\/\/www.dive-club.com\/diveclub\/wp-content\/uploads\/2013\/02\/ANGELINA-II-1-135x135.jpg\" alt=\"\" \/><\/a><\/span><span class=\"p_caption\" style=\"width:135px\"><\/span><\/li> <li><span class=\"frame\"><a href=\"http:\/\/www.dive-club.com\/diveclub\/wp-content\/uploads\/2013\/02\/ANGELINA-II-2.jpg \" title=\"sample image\"  rel=\"prettyPhoto[rt_photo_gallery]\" class=\"imgeffect plus\"><img decoding=\"async\" src=\"http:\/\/www.dive-club.com\/diveclub\/wp-content\/uploads\/2013\/02\/ANGELINA-II-2-135x135.jpg\" alt=\"\" \/><\/a><\/span><span class=\"p_caption\" style=\"width:135px\"><\/span><\/li> <li><span class=\"frame\"><a href=\"http:\/\/www.dive-club.com\/diveclub\/wp-content\/uploads\/2013\/02\/ANGELINA-II-3.jpg \" title=\"sample image\"  rel=\"prettyPhoto[rt_photo_gallery]\" class=\"imgeffect plus\"><img decoding=\"async\" src=\"http:\/\/www.dive-club.com\/diveclub\/wp-content\/uploads\/2013\/02\/ANGELINA-II-3-135x135.jpg\" alt=\"\" \/><\/a><\/span><span class=\"p_caption\" style=\"width:135px\"><\/span><\/li> <\/ul><div class=\"clear\"><\/div><\/div>\n<p style=\"text-align: justify;\">Il pontile diving misura 4.8 x 4 metri, pi\u00f9 che confortevole per tutti i subacquei che sistemano l&#8217;attrezzatura nello stesso momento. Prima di ogni immersione, l&#8217;istruttore dar\u00e0 delle informazioni sul sito che andrai a visitare e lo far\u00e0 nel pontile superiore in modo che tu abbia una panoramica del luogo. La spiegazione avverr\u00e0 con l&#8217;aiuto di una mappa e di una guida subacquea in modo da chiarire la direzione, la profondit\u00e0 e il tempo di immersione previsto.<\/p>\n<p style=\"text-align: justify;\">\u00a0A disposizione dei nostri ospiti, c&#8217; una libreria di video e di libri sul Mar Rosso, i siti di immersione, pesci e coralli e alcuni libri di lettura per trascorrere paicevoli momenti. Ci sono anche molti film per intrattenimento con sistema audio per cassette e cd. Caff\u00e8 e t\u00e8 sono disponibili durante tutto il viaggio.<\/p>","protected":false},"excerpt":{"rendered":"<p>DETTAGLI DI VIAGGIO Subito dopo l&#8217;arrivo e la sistemazione in cabina, viene organizzato un incontro di benvenuto in cui vengono forniti tutti i dettagli di viaggio come: il piano delle immersioni, i siti da visitare, vengono suddivisi i gruppi di subacquei a seconda del loro livello di esperienza. Vengono fornite informazioni su come usare i [&hellip;]<\/p>\n","protected":false},"author":2,"featured_media":0,"parent":1391,"menu_order":0,"comment_status":"closed","ping_status":"open","template":"","meta":{"footnotes":"","_links_to":"","_links_to_target":""},"_links":{"self":[{"href":"https:\/\/www.dive-club.com\/diveclub\/wp-json\/wp\/v2\/pages\/1393"}],"collection":[{"href":"https:\/\/www.dive-club.com\/diveclub\/wp-json\/wp\/v2\/pages"}],"about":[{"href":"https:\/\/www.dive-club.com\/diveclub\/wp-json\/wp\/v2\/types\/page"}],"author":[{"embeddable":true,"href":"https:\/\/www.dive-club.com\/diveclub\/wp-json\/wp\/v2\/users\/2"}],"replies":[{"embeddable":true,"href":"https:\/\/www.dive-club.com\/diveclub\/wp-json\/wp\/v2\/comments?post=1393"}],"version-history":[{"count":3,"href":"https:\/\/www.dive-club.com\/diveclub\/wp-json\/wp\/v2\/pages\/1393\/revisions"}],"predecessor-version":[{"id":2896,"href":"https:\/\/www.dive-club.com\/diveclub\/wp-json\/wp\/v2\/pages\/1393\/revisions\/2896"}],"up":[{"embeddable":true,"href":"https:\/\/www.dive-club.com\/diveclub\/wp-json\/wp\/v2\/pages\/1391"}],"wp:attachment":[{"href":"https:\/\/www.dive-club.com\/diveclub\/wp-json\/wp\/v2\/media?parent=1393"}],"curies":[{"name":"wp","href":"https:\/\/api.w.org\/{rel}","templated":true}]}}