{"id":1414,"date":"2013-03-01T07:37:42","date_gmt":"2013-03-01T07:37:42","guid":{"rendered":"http:\/\/www.dive-club.com\/?page_id=1414"},"modified":"2020-01-23T05:34:51","modified_gmt":"2020-01-23T05:34:51","slug":"il-corso-nitrox","status":"publish","type":"page","link":"https:\/\/www.dive-club.com\/diveclub\/immersioni\/il-corso-nitrox\/?lang=it","title":{"rendered":"Il Corso Nitrox"},"content":{"rendered":"<span class=\"aligncenter\"><span class=\"frame\"><a href=\"http:\/\/www.dive-club.com\/diveclub\/wp-content\/uploads\/2013\/02\/Nitrox-Diving.gif\" title=\"\"  rel=\"prettyPhoto[rt_theme_thumb]\" class=\"imgeffect plus\"><img decoding=\"async\" src=\"http:\/\/www.dive-club.com\/diveclub\/wp-content\/uploads\/2013\/02\/Nitrox-Diving.gif\" alt=\"\"  class=\"align\" \/><\/a><\/span><\/span>\n<h5>REQUISITI:<\/h5>\n<p style=\"text-align: justify;\">Nitrox significa aria arricchita e rappresenta la nuova dimensione nelle immersioni ricreative.<\/p>\n<p style=\"text-align: justify;\">Nitrox \u00e8 il nuovo strumento per estendere ai subacquei i limiti di tempo delle immersioni senza decompressione. Rimpiazza con l&#8217;ossigeno una parte dell&#8217;azoto presente nell&#8217;aria compressa, cos\u00ec puoi assorbire meno azoto durante le immersioni.<\/p>\n<p style=\"text-align: justify;\">Questo rende le immersioni sicure senza alcun limite.<\/p>\n<p><strong>La durata del corso \u00e8 di 1 giorno.<\/strong><\/p>\n<p><strong>Un esempio dei benefici:<\/strong><\/p>\n<ul>\n<li>aria normale = 21% ossigeno &#8211; 79% azoto profondit\u00e0: 18 metri limite senza decompressione: 56 minuti<\/li>\n<li>aria arricchita = 32% ossigeno &#8211; 68% azoto profondit\u00e0: 18 metri limite senza decompressione: 95 minuti<\/li>\n<li>aria arricchita = 36% ossigeno &#8211; 64% azoto profondit\u00e0: 18 metri limite senza decompressione: 125 minuti<\/li>\n<\/ul>\n<p style=\"text-align: justify;\">I nostri corsi seguono gli standard della PADI per la specialit\u00e0 aria arricchita. Il noleggio delle bombole Nitrox \u00e8 disponibile per i subacquei brevettati Nitrox per i pacchetti immersioni giornalieri, per le immersioni sui relitti e per i safari.<\/p>\n<h5>I DETTAGLI DEL CORSO<\/h5>\n<p style=\"text-align: justify;\"><strong>Il Corso Padi Enriched Air Nitrox <\/strong>permette di immergersi con il Nitrox fino ad un max di 40% di ossigeno, estendendo il tempo di immersione.<\/p>\n<p style=\"text-align: justify;\">I corsi possono essere svolti anche durante le erscursioni al relitto del Thistlegorm;<\/p>\n<p style=\"text-align: justify;\">Un video fornir\u00e0 una spiegazione completa di cosa \u00e8 il Nitrox e l&#8217;istruttore sar\u00e0 pronto a rispondere a qualsiasi domanda. Alla fine del corso ci sar\u00e0 un esame da fare con 50 domande a risposta multipla e superato questo, si sar\u00e0 qualificati per le immersioni con il Nitrox.<\/p>\n<h4>THISTLEGORM<\/h4>\n<p style=\"text-align: justify;\">Thistlegorm \u00e8 uno dei migliori e dei pi\u00f9 recenti relitti presenti nel Mar Rosso e fare le immersioni qui con il Nitrox apre sicuramente una nuova dimensione.<\/p>\n<p style=\"text-align: justify;\">Essendo situato a 30 metri, la profondit\u00e0 e i tempi sono critici per le immersioni; il Nitrox toglie ogni preoccupazione in merito. Le nostre guide, di solito, usano il Nitrox per le immersioni al Thistlegorm.<\/p>\n<p style=\"text-align: justify;\">La prima immersione, con il Nitrox al 32%, viene svolta all&#8217;esterno del relitto, nella parte pi\u00f9 profonda dove si ha una meravigliosa panoramica della nave per circa 45-50 minuti, incrementando cos\u00ec il tempo di immersione da 15 a 20 minuti rispetto alle normali bombole 12 litri aria.<\/p>\n<p style=\"text-align: justify;\">Il tempo di intervallo in superficie \u00e8 di un&#8217;ora e poi si salta per la seconda immersione con una bombola Nitrox 36% che permette di avere il tempo necessario per visitare l&#8217;interno del relitto e vedere le jeep, le motociclette, gli stivali, le bombole e le carabine.<\/p>\n<p style=\"text-align: justify;\">Usando il Nitrox, non si avr\u00e0 alcuna preoccupazione sull&#8217;aria rimanente e sui tempi di immersione.<\/p>\n<p>PREZZO: \u20ac 50.00<\/p>\n<p>\u20ac80.00 costo di certificazione e manuale<\/p>\n<p>&nbsp;<\/p>\n<p>DICHIARAZIONE MEDICA:<\/p>\n<p style=\"text-align: justify;\">Se il partecipante risponde in modo affermativo a una delle domande presenti nell&#8217;anamnesi medica, \u00e8 consigliabile consultare il proprio medico prima di intraprendere l&#8217;attivit\u00e0 subacquea.<\/p>\n<p>CLICCA QUI PER SCARICARE LA\u00a0 <a>DICHIARAZIONE MEDICA<\/a><\/p>","protected":false},"excerpt":{"rendered":"<p>REQUISITI: Nitrox significa aria arricchita e rappresenta la nuova dimensione nelle immersioni ricreative. Nitrox \u00e8 il nuovo strumento per estendere ai subacquei i limiti di tempo delle immersioni senza decompressione. Rimpiazza con l&#8217;ossigeno una parte dell&#8217;azoto presente nell&#8217;aria compressa, cos\u00ec puoi assorbire meno azoto durante le immersioni. Questo rende le immersioni sicure senza alcun limite. [&hellip;]<\/p>\n","protected":false},"author":2,"featured_media":0,"parent":1131,"menu_order":0,"comment_status":"closed","ping_status":"open","template":"","meta":{"footnotes":"","_links_to":"","_links_to_target":""},"_links":{"self":[{"href":"https:\/\/www.dive-club.com\/diveclub\/wp-json\/wp\/v2\/pages\/1414"}],"collection":[{"href":"https:\/\/www.dive-club.com\/diveclub\/wp-json\/wp\/v2\/pages"}],"about":[{"href":"https:\/\/www.dive-club.com\/diveclub\/wp-json\/wp\/v2\/types\/page"}],"author":[{"embeddable":true,"href":"https:\/\/www.dive-club.com\/diveclub\/wp-json\/wp\/v2\/users\/2"}],"replies":[{"embeddable":true,"href":"https:\/\/www.dive-club.com\/diveclub\/wp-json\/wp\/v2\/comments?post=1414"}],"version-history":[{"count":5,"href":"https:\/\/www.dive-club.com\/diveclub\/wp-json\/wp\/v2\/pages\/1414\/revisions"}],"predecessor-version":[{"id":3972,"href":"https:\/\/www.dive-club.com\/diveclub\/wp-json\/wp\/v2\/pages\/1414\/revisions\/3972"}],"up":[{"embeddable":true,"href":"https:\/\/www.dive-club.com\/diveclub\/wp-json\/wp\/v2\/pages\/1131"}],"wp:attachment":[{"href":"https:\/\/www.dive-club.com\/diveclub\/wp-json\/wp\/v2\/media?parent=1414"}],"curies":[{"name":"wp","href":"https:\/\/api.w.org\/{rel}","templated":true}]}}