{"id":857,"date":"2013-02-23T22:38:07","date_gmt":"2013-02-23T22:38:07","guid":{"rendered":"http:\/\/www.dive-club.com\/?page_id=857"},"modified":"2020-01-26T07:34:28","modified_gmt":"2020-01-26T07:34:28","slug":"su-di-noi","status":"publish","type":"page","link":"https:\/\/www.dive-club.com\/diveclub\/su-di-noi\/?lang=it","title":{"rendered":"SU DI NOI"},"content":{"rendered":"<p><a href=\"http:\/\/www.dive-club.com\/diveclub\/wp-content\/uploads\/2013\/02\/dive-club-hsb.jpg\"><img loading=\"lazy\" decoding=\"async\" class=\"size-large wp-image-4083 aligncenter\" src=\"http:\/\/www.dive-club.com\/diveclub\/wp-content\/uploads\/2013\/02\/dive-club-hsb-1024x768.jpg\" alt=\"\" width=\"620\" height=\"465\" srcset=\"https:\/\/www.dive-club.com\/diveclub\/wp-content\/uploads\/2013\/02\/dive-club-hsb-1024x768.jpg 1024w, https:\/\/www.dive-club.com\/diveclub\/wp-content\/uploads\/2013\/02\/dive-club-hsb-300x225.jpg 300w, https:\/\/www.dive-club.com\/diveclub\/wp-content\/uploads\/2013\/02\/dive-club-hsb-768x576.jpg 768w\" sizes=\"(max-width: 620px) 100vw, 620px\" \/><\/a><\/p>\n<p style=\"text-align: justify;\"><strong>SINAI DIVE CLUB \u00e8 stato fondato a Sharm El Sheikh nel 1987 e, fin da allora, ha continuamente migliorato i propri servizi e le proprie attrezzature.<\/strong><\/p>\n<h3>SU DI NOI&#8230;<\/h3>\n<p style=\"text-align: justify;\">Nel 1990 il Mar Rosso rappresentava una destinazione di immersioni d&#8217;avventura e possedeva pochissime attrezzature e poca competenza tecnica. Oggi, dopo tanti cambiamenti, il Sinai offre ai turisti ogni tipo di svago. Noi vogliamo proporvi la possibilit\u00e0 di scoprire il fantastico mondo subacqueo in modo sicuro e confortevole combinato al divertimento.<\/p>\n<h3>SINAI DIVE CLUB<\/h3>\n<p style=\"text-align: justify;\">\u00e8 uno dei &#8220;pionieri di Sharm&#8221;, con pi\u00f9 di 25 anni di anni esperienza nell&#8217;industria delle immersioni in Sharm El Sheikh. Una squadra di professionisti, con esperienza, amore ed entusiasmo del Sinai, supportano il Sinai Dive Club aiutandolo a provvedere a tutte le esigenze dei nostri clienti.<\/p>\n<h3>SINAI DIVE CLUB<\/h3>\n<p style=\"text-align: justify;\">Nato presso l&#8217;Hilton Fayrouz Village sin dalla sua apertura nel lontano 1987 e rilocato presso il Novotel Palm &amp; Beach dal Luglio 2010 e presso l&#8217;Hilton Sharks Bay aperto nel 2002, ha incrementato le possibilit\u00e0 che il Sinai offre attraverso i suoi ambienti naturali sia per subacquei che non durante tutto l&#8217;anno.<\/p>\n<p style=\"text-align: justify;\">Goditi la variet\u00e0 delle esperienze subacquee disponibili che non ha eguali, e che, per questo, viene definita la &#8216;Mecca&#8217; del mondo subacqueo della zona meridionale della Penisola del Sinai. Per una vacanza all&#8217;insegna delle immersioni, in uno dei luoghi pi\u00f9 famosi e preferiti dai subacquei, il SINAI DIVE CLUB \u00e8 qui per offrire un servizio che ti far\u00e0 desiderare di tornare e, per darti un&#8217;assistenza amichevole ma efficace facendoti trascorrere la pi\u00f9 indimenticabile delle vacanze.<\/p>\n<p>&nbsp;<\/p>","protected":false},"excerpt":{"rendered":"<p>SINAI DIVE CLUB \u00e8 stato fondato a Sharm El Sheikh nel 1987 e, fin da allora, ha continuamente migliorato i propri servizi e le proprie attrezzature. SU DI NOI&#8230; Nel 1990 il Mar Rosso rappresentava una destinazione di immersioni d&#8217;avventura e possedeva pochissime attrezzature e poca competenza tecnica. Oggi, dopo tanti cambiamenti, il Sinai offre [&hellip;]<\/p>\n","protected":false},"author":2,"featured_media":0,"parent":0,"menu_order":1,"comment_status":"closed","ping_status":"open","template":"","meta":{"footnotes":"","_links_to":"","_links_to_target":""},"_links":{"self":[{"href":"https:\/\/www.dive-club.com\/diveclub\/wp-json\/wp\/v2\/pages\/857"}],"collection":[{"href":"https:\/\/www.dive-club.com\/diveclub\/wp-json\/wp\/v2\/pages"}],"about":[{"href":"https:\/\/www.dive-club.com\/diveclub\/wp-json\/wp\/v2\/types\/page"}],"author":[{"embeddable":true,"href":"https:\/\/www.dive-club.com\/diveclub\/wp-json\/wp\/v2\/users\/2"}],"replies":[{"embeddable":true,"href":"https:\/\/www.dive-club.com\/diveclub\/wp-json\/wp\/v2\/comments?post=857"}],"version-history":[{"count":7,"href":"https:\/\/www.dive-club.com\/diveclub\/wp-json\/wp\/v2\/pages\/857\/revisions"}],"predecessor-version":[{"id":4094,"href":"https:\/\/www.dive-club.com\/diveclub\/wp-json\/wp\/v2\/pages\/857\/revisions\/4094"}],"wp:attachment":[{"href":"https:\/\/www.dive-club.com\/diveclub\/wp-json\/wp\/v2\/media?parent=857"}],"curies":[{"name":"wp","href":"https:\/\/api.w.org\/{rel}","templated":true}]}}