{"id":899,"date":"2013-02-24T13:34:46","date_gmt":"2013-02-24T13:34:46","guid":{"rendered":"http:\/\/www.dive-club.com\/?page_id=899"},"modified":"2018-12-12T17:02:24","modified_gmt":"2018-12-12T17:02:24","slug":"red-sea-scuba-diving-links","status":"publish","type":"page","link":"https:\/\/www.dive-club.com\/diveclub\/ueber-uns\/red-sea-scuba-diving-links\/?lang=de","title":{"rendered":"Red Sea &#038; Scuba Diving Links"},"content":{"rendered":"<h4>Scuba Training Organizations<\/h4>\n<p><a href=\"http:\/\/www.padi.com\" target=\"_blank\" rel=\"noopener\">PADI<\/a>\u00a0Professional Association of Diving Instructors <a href=\"http:\/\/www.ssiusa.com\" target=\"_blank\" rel=\"noopener\">SSI<\/a>\u00a0Scuba Schools International <a href=\"http:\/\/www.ssieu.com\" target=\"_blank\" rel=\"noopener\">SSI Europe<\/a>\u00a0Scuba Schools International &#8211; Europe <a href=\"http:\/\/www.bsac.com\" target=\"_blank\" rel=\"noopener\">BSAC<\/a>\u00a0British Sub Aqua Club <a href=\"http:\/\/www.iddworld.com\" target=\"_blank\" rel=\"noopener\">IDD<\/a>\u00a0Instructor Dive Development <a href=\"http:\/\/www.iantd.com\" target=\"_blank\" rel=\"noopener\">IANTD<\/a>Int. Association of Nitrox and Technical Divers <a href=\"http:\/\/www.tdisdi.com\" target=\"_blank\" rel=\"noopener\">TDI<\/a>\u00a0Technical Diving International <a href=\"http:\/\/www.cmas2000.org\" target=\"_blank\" rel=\"noopener\">CMAS<\/a>\u00a0Conf\u00e9d\u00e9ration Mondiale Activit\u00e9s Subaquatiques <a href=\"http:\/\/www.naui.org\" target=\"_blank\" rel=\"noopener\">NAUI<\/a>\u00a0National Association of Underwater Instructors <a href=\"http:\/\/www.ffessm.fr\" target=\"_blank\" rel=\"noopener\">FFESSM<\/a>\u00a0F\u00e9d. Fran\u00e7aise d&#8217;Etudes et de Sports Sous-Marins<\/p>\n<h4>Directories<\/h4>\n<p><a title=\"Scuba Diving Directory\" href=\"http:\/\/www.scubadiving-directory.com\/\" target=\"_blank\" rel=\"noopener\">Scuba Diving Directory<\/a>\u00a0&#8211; Your Portal to Scuba Diving Worldwide <a href=\"http:\/\/www.divesitedirectory.com\/\" target=\"_blank\" rel=\"noopener\">Dive Site Directory<\/a>\u00a0&#8211; Worldwide Divesite Information <a href=\"http:\/\/www.sportsvl.com\/\" target=\"_blank\" rel=\"noopener\">Virtual Library of Sport<\/a> <a href=\"http:\/\/www.112buceo.com\/\" target=\"_blank\" rel=\"noopener\">112Buceo.com<\/a>\u00a0&#8211; Directorio de buceo profesional y recreativo <a href=\"http:\/\/www.addme.com\/\">AddMe &#8211; Search Engine Optimization<\/a><\/p>\n<h4>Egypt &amp; Red Sea<\/h4>\n<p><a href=\"http:\/\/www.country-info.com\/facts\/Egypt.htm\" target=\"_blank\" rel=\"noopener\">Egypt<\/a>\u00a0Country Information <a href=\"http:\/\/www.egypttoday.com\/\" target=\"_blank\" rel=\"noopener\">Egypt Today<\/a>\u00a0The Magazine of Egypt <a href=\"http:\/\/www.touregypt.net\/\" target=\"_blank\" rel=\"noopener\">Tour Egypt Guide<\/a>\u00a0to Ancient &amp; Modern Egypt <a href=\"http:\/\/www.red-sea.com\/\" target=\"_blank\" rel=\"noopener\">Red Sea<\/a>\u00a0Guide and Search Engine <a href=\"http:\/\/www.underwaterphotographie.com\/\" target=\"_blank\" rel=\"noopener\">The World of the Underwater Photography<\/a> <a href=\"http:\/\/www.sharmguide.com\/\" target=\"_blank\" rel=\"noopener\">Sharm el-Sheikh Guide<\/a> <a href=\"http:\/\/www.ssthistlegorm.com\/\" target=\"_blank\" rel=\"noopener\">SS Thistlegorm<\/a>\u00a0History of the famous wreck \u00a0<a href=\"http:\/\/www.touregypt.net\/\">Egypt Travel Guide<\/a><\/p>","protected":false},"excerpt":{"rendered":"<p>Scuba Training Organizations PADI\u00a0Professional Association of Diving Instructors SSI\u00a0Scuba Schools International SSI Europe\u00a0Scuba Schools International &#8211; Europe BSAC\u00a0British Sub Aqua Club IDD\u00a0Instructor Dive Development IANTDInt. Association of Nitrox and Technical Divers TDI\u00a0Technical Diving International CMAS\u00a0Conf\u00e9d\u00e9ration Mondiale Activit\u00e9s Subaquatiques NAUI\u00a0National Association of Underwater Instructors FFESSM\u00a0F\u00e9d. Fran\u00e7aise d&#8217;Etudes et de Sports Sous-Marins Directories Scuba Diving Directory\u00a0&#8211; Your [&hellip;]<\/p>\n","protected":false},"author":2,"featured_media":0,"parent":855,"menu_order":4,"comment_status":"closed","ping_status":"closed","template":"","meta":{"footnotes":"","_links_to":"","_links_to_target":""},"_links":{"self":[{"href":"https:\/\/www.dive-club.com\/diveclub\/wp-json\/wp\/v2\/pages\/899"}],"collection":[{"href":"https:\/\/www.dive-club.com\/diveclub\/wp-json\/wp\/v2\/pages"}],"about":[{"href":"https:\/\/www.dive-club.com\/diveclub\/wp-json\/wp\/v2\/types\/page"}],"author":[{"embeddable":true,"href":"https:\/\/www.dive-club.com\/diveclub\/wp-json\/wp\/v2\/users\/2"}],"replies":[{"embeddable":true,"href":"https:\/\/www.dive-club.com\/diveclub\/wp-json\/wp\/v2\/comments?post=899"}],"version-history":[{"count":3,"href":"https:\/\/www.dive-club.com\/diveclub\/wp-json\/wp\/v2\/pages\/899\/revisions"}],"predecessor-version":[{"id":3784,"href":"https:\/\/www.dive-club.com\/diveclub\/wp-json\/wp\/v2\/pages\/899\/revisions\/3784"}],"up":[{"embeddable":true,"href":"https:\/\/www.dive-club.com\/diveclub\/wp-json\/wp\/v2\/pages\/855"}],"wp:attachment":[{"href":"https:\/\/www.dive-club.com\/diveclub\/wp-json\/wp\/v2\/media?parent=899"}],"curies":[{"name":"wp","href":"https:\/\/api.w.org\/{rel}","templated":true}]}}