{"id":906,"date":"2013-02-24T16:20:11","date_gmt":"2013-02-24T16:20:11","guid":{"rendered":"http:\/\/www.dive-club.com\/?page_id=906"},"modified":"2020-01-24T10:25:11","modified_gmt":"2020-01-24T10:25:11","slug":"die-padi-bubblemaker-erfahrung","status":"publish","type":"page","link":"https:\/\/www.dive-club.com\/diveclub\/schnuppertauchen\/die-padi-bubblemaker-erfahrung\/?lang=de","title":{"rendered":"Die PADI Bubblemaker Erfahrung"},"content":{"rendered":"<h4>Die PADI Bubblemaker Erfahrung<\/h4>\n<p>Dies ist eine tolle Gelegenheit f\u00fcr Kinder, im Schwimmbad oder begrenzten Freiwasser in weniger als 2 Meter\/6 Fuss Tiefe das Ger\u00e4tetauchen zu erleben. Es macht Spass, ist einfach und sicher.<\/p>\n<span class=\"aligncenter\"><span class=\"frame\"><a href=\"http:\/\/www.dive-club.com\/diveclub\/wp-content\/uploads\/2013\/02\/image30.jpg\" title=\"\"  rel=\"prettyPhoto[rt_theme_thumb]\" class=\"imgeffect plus\"><img decoding=\"async\" src=\"http:\/\/www.dive-club.com\/diveclub\/wp-content\/uploads\/2013\/02\/image30-550x330.jpg\" alt=\"\"  class=\"align\" \/><\/a><\/span><\/span>\n<h5>Der Spassfaktor<\/h5>\n<ul class=\"check\">\n<li>Kinder haben Anteil am Taucherlebnis der ganzen Familie oder werden sogar zu Trendsettern! Die Kinder sollten sich im Wasser wohl f\u00fchlen, m\u00fcssen aber keine ausgezeichneten Schwimmer sein. Bei Kindern liegt die Tiefenbegrenzung bei lediglich 2 Metern\/6 Fuss.\n<div>Unterrichtseinheiten dauern \u00fcblicherweise eine Stunde (Einweisung, Anlegen der Tauchausr\u00fcstung und eine Menge Spass inklusive)<\/div>\n<div>Auch im Freiwasser m\u00f6glich (maximale\u00a0 Tiefenbegrenzung 2 Meter\/6 Fuss)<\/div>\n<\/li>\n<\/ul>\n<blockquote class=\"pullquote alignright\"><p><span class=\"htext\">COST: \u20ac 80.00<\/span> Includes all needed equipment. To participate to a Bubblemaker dive, you must be at least 8 years old. MEDICAL FORM: If applicant signs yes to any of the medical history questions, please consult your physician for approval. <a href=\"\/MEDICAL_STATEMENT.pdf\">CLICK HERE TO DOWNLOAD THE MEDICAL STATEMENT<\/a><\/p><\/blockquote>\n<h5>Programminhalte<\/h5>\n<p>Kinder haben die M\u00f6glichkeit, das Ger\u00e4tetauchen unter der direkten Aufsicht und Obhut eines PADI Tauchlehrers auszuprobieren.<\/p>\n<div>Das erste Mal unter Wasser zu atmen.<\/div>\n<div><\/div>\n<div>Mehr \u00fcber Tauchausr\u00fcstung und ihren Gebrauch zu lernen, die speziell f\u00fcr Kinder gemacht wurde &#8211; nicht f\u00fcr Erwachsene.<\/div>\n<h5>Deine verwendete Tauchausr\u00fcstung<\/h5>\n<p>Kinder verwenden die elementare Tauchausruestung. Die ihrer Gr\u00f6sse und Statur angemessen ist.<\/p>\n<p>Im PADI Bubblemaker Kurs lernst du den Umgang mit der Grundtauchausruestung.<\/p>\n<p>Waerend des Kurses wirst du folgende Tauchausruestung kennenlernen: Maske, Schnorchel und Flossen, Tarierweste und Lungenautomat, alternative Luftversorgung, Bleigewichte und Flasche.<\/p>\n<h6>Teilnahmevoraussetzungen<\/h6>\n<p>Das PADI Bubblemaker-Programm ist f\u00fcr Kinder ab 8 Jahren und \u00e4lter.<\/p>\n<div>Keine vorhergehende Ausbildung ist notwendig.<\/div>\n<div>Kursteilnehmer muessen schwimmen koennen.<\/div>","protected":false},"excerpt":{"rendered":"<p>Die PADI Bubblemaker Erfahrung Dies ist eine tolle Gelegenheit f\u00fcr Kinder, im Schwimmbad oder begrenzten Freiwasser in weniger als 2 Meter\/6 Fuss Tiefe das Ger\u00e4tetauchen zu erleben. Es macht Spass, ist einfach und sicher. Der Spassfaktor Kinder haben Anteil am Taucherlebnis der ganzen Familie oder werden sogar zu Trendsettern! Die Kinder sollten sich im Wasser [&hellip;]<\/p>\n","protected":false},"author":2,"featured_media":0,"parent":902,"menu_order":0,"comment_status":"closed","ping_status":"closed","template":"","meta":{"footnotes":"","_links_to":"","_links_to_target":""},"_links":{"self":[{"href":"https:\/\/www.dive-club.com\/diveclub\/wp-json\/wp\/v2\/pages\/906"}],"collection":[{"href":"https:\/\/www.dive-club.com\/diveclub\/wp-json\/wp\/v2\/pages"}],"about":[{"href":"https:\/\/www.dive-club.com\/diveclub\/wp-json\/wp\/v2\/types\/page"}],"author":[{"embeddable":true,"href":"https:\/\/www.dive-club.com\/diveclub\/wp-json\/wp\/v2\/users\/2"}],"replies":[{"embeddable":true,"href":"https:\/\/www.dive-club.com\/diveclub\/wp-json\/wp\/v2\/comments?post=906"}],"version-history":[{"count":4,"href":"https:\/\/www.dive-club.com\/diveclub\/wp-json\/wp\/v2\/pages\/906\/revisions"}],"predecessor-version":[{"id":4044,"href":"https:\/\/www.dive-club.com\/diveclub\/wp-json\/wp\/v2\/pages\/906\/revisions\/4044"}],"up":[{"embeddable":true,"href":"https:\/\/www.dive-club.com\/diveclub\/wp-json\/wp\/v2\/pages\/902"}],"wp:attachment":[{"href":"https:\/\/www.dive-club.com\/diveclub\/wp-json\/wp\/v2\/media?parent=906"}],"curies":[{"name":"wp","href":"https:\/\/api.w.org\/{rel}","templated":true}]}}