{"id":918,"date":"2013-02-24T19:18:07","date_gmt":"2013-02-24T19:18:07","guid":{"rendered":"http:\/\/www.dive-club.com\/?page_id=918"},"modified":"2020-01-24T09:45:31","modified_gmt":"2020-01-24T09:45:31","slug":"padi-scuba-diver","status":"publish","type":"page","link":"https:\/\/www.dive-club.com\/diveclub\/zertifizierung\/padi-scuba-diver\/?lang=de","title":{"rendered":"PADI Scuba Diver"},"content":{"rendered":"<h4>Wartest du schon lange darauf, um ein zertifizierter Taucher zu werden, hast aber nicht genug Zeit f\u00fcr den Kurs?<\/h4>\n<span class=\"aligncenter\"><span class=\"frame\"><a href=\"http:\/\/www.dive-club.com\/diveclub\/wp-content\/uploads\/2013\/02\/Scuba-Diver.jpg\" title=\"\"  rel=\"prettyPhoto[rt_theme_thumb]\" class=\"imgeffect plus\"><img decoding=\"async\" src=\"http:\/\/www.dive-club.com\/diveclub\/wp-content\/uploads\/2013\/02\/Scuba-Diver-620x350.jpg\" alt=\"\"  class=\"align\" \/><\/a><\/span><\/span>\n<p><strong>PADI Scuba Diver Kurs<\/strong><\/p>\n<p>Dann ist die PADI Ausbildung zum Scuba Diver mit Ausstellung eines Taucherbrevets vielleicht das Richtige f\u00fcr dich. Dieser Kurs dauert nicht so lang wie der PADI Open Water Diver Kurs, weil er nur die ersten drei von f\u00fcnf Modulen zur Tauchtherorie enth\u00e4lt, sowie die ersten drei von f\u00fcnf Tauchg\u00e4ngen im begrenzten Freiwasser und die ersten beiden von vier Freiwassertauchg\u00e4ngen. Nat\u00fcrlich erh\u00e4ltst du dadurch eine eingeschr\u00e4nkt nutzbare Zertifizierung, aber wenn du sowieso nur mit einem Tauchf\u00fchrer tauchen gehen m\u00f6chtest oder du nur wenig Zeit f\u00fcr ein Tauchbrevet aufwenden kannst, dann ist der PADI Scuba Diver Kurs die richtige Wahl f\u00fcr dich.<\/p>\n<p>Mit diesem Kurs kannst du bereits jede Menge Taucherfahrungen sammeln. Er stellt ausserdem ein gutes Aufw\u00e4rmtraining f\u00fcr den Open Water Kurs dar, wenn dieser dein endg\u00fcltiges Ziel sein sollte. PADI Scuba Diver sind dazu qualifiziert:<\/p>\n<div>Nur unter Aufsicht eines PADI Divemasters, Assistant Instructors oder eines Instructors bis zu einer Tiefe von maximal 12 Metern zu tauchen .<\/div>\n<div>Flaschenf\u00fcllungen zu erhalten,\u00a0Tauchausruestung auszuleihen oder zu erwerben und an anderen Tauchaktivit\u00e4ten teilzunehmen, solange eine direkte Aufsicht gegeben ist<\/div>\n<div>Ihre Tauchausbildung sp\u00e4ter fortzusetzen und den PADI\u00a0Open Water Diver Kurs sowie andere Specialty Kurse wie Project AWARE und Ausruestung zu absolvieren.<\/div>\n<div><\/div>\n<p><strong>Der Spassfaktor<\/strong><\/p>\n<p>Der Scuba Diver Kurs \u00f6ffnet die T\u00fcren zur Unterwasserwelt f\u00fcr all diejenigen, die bisher davon ausgingen, dass ein Tauchkurs zu langwierig oder zu schwierig sei.<\/p>\n<div>Du kannst deine Zertifizierung jederzeit zum\u00a0Open Water Diver h\u00f6herstufen! Der daf\u00fcr ben\u00f6tigte Zeitaufwand ist sogar noch geringer als die Kursdauer des Scuba Diver Kurses und du erh\u00e4ltst das Brevet des\u00a0Open Water Divers, das dir erlaubt, unabh\u00e4ngig zu tauchen. Diese Hochstufung kannst du unternehmen, wenn du die Zeit daf\u00fcr aufbringen kannst oder wann immer du Lust dazu hast.<\/div>\n<div><\/div>\n<p><strong>Lerninhalte<\/strong><\/p>\n<p>Die Tauchtheorie vermittelt dir die Grundlagen des Tauchens und du \u00fcbst verschiedene Tauchfertigkeiten im Schwimmbad, die du dann im Freiwasser umsetzt. Ausserdem lernst du die Unterwasserwelt aus n\u00e4chster N\u00e4he kennen, die dich von nun an dazu bringen wird, immer wieder dorthin zur\u00fcckzukehren und dort immer l\u00e4nger zu verweilen!<\/p>\n<p><strong>Deine verwendete Tauchausr\u00fcstung<\/strong><\/p>\n<p>Im PADI Scuba Diver Kurs lernst du den Umgang mit der Grundtauchausruestung.<\/p>\n<p>Waerend des Kurses wirst du folgende Tauchausruestung kennenlernen: Maske, Schnorchel und Flossen, Tarierweste und Lungenautomat, alternative Luftversorgung, Bleigewichte und Flasche.<\/p>\n<p><strong>Du ben\u00f6tigst folgende Lernmaterialien<\/strong><\/p>\n<p>Zur Teilnahme am Open Water Diver Kurs benoetigst du ein PADI Open Water Diver Manual.<\/p>\n<p>Die PADI Scuba Diver Kursunterlagen decken nicht nur alles Notwendige \u00fcber die Grundlagen des Ger\u00e4tetauchens ab, sondern auch \u00fcber die Fachausdr\u00fccke und Sicherheitsvorkehrungen. F\u00fcr jeden Lerninhalt gibt es einen Abschnitt, ausserdem siehst du dir das entsprechende Video an, in dem die \u00dcbungen demonstriert werden. Dann springst du ins Schwimmbad (oder in Wasser mit Schwimmbad-\u00e4hnlichen Verh\u00e4ltnissen), um die \u00dcbungen mit deinem Tauchlehrer zu \u00fcben. Sp\u00e4ter, als brevetierter Taucher, verwendest du diese Unterlagen als Nachschlagewerk f\u00fcr weitere Tauchabenteuer und um das Gelernte nochmals einzusehen.<\/p>\n<p><strong>Teilnahmevoraussetzungen<\/strong><\/p>\n<p>Um dich f\u00fcr den PADI Scuba Diver Kurs oder Junior Scuba Water Diver Kurs anzumelden, musst du:<\/p>\n<div>Mindestens 10 Jahre oder \u00e4lter sein (f\u00fcr PADI eLearning mindestens 13 Jahre aufgrund internationaler Internetbestimmungen).<\/div>\n<div>Kursteilnehmer muessen in der Lage sein eine Strecke von mind. 200 Meter zu schwimmen.<\/div>\n<p>&nbsp;<\/p>\n<h3>Preis: \u20ac250<\/h3>\n<p>Inkl. kompletter Tauchausruestung. Im Anschluss 50% Rabatt auf Equipmentmiete.<\/p>\n<p>\u20ac80.00 PADI Zertifikat und Lehrbuch incl. Tauchtabelle<\/p>\n<h3>MEDIZINISCHE FORM:<\/h3>\n<p>Wenn der Antragsteller JA zu einer der Fragen unterschreibt, dann besser sich an die zustaendigen Aerzte zu wenden.<\/p>\n<p>CLICK HERE TO DOWNLOAD THE\u00a0<a href=\"http:\/\/www.dive-club.com\/MedicalStatement-Ger.pdf\">MEDICAL STATEMENT<\/a><\/p>","protected":false},"excerpt":{"rendered":"<p>Wartest du schon lange darauf, um ein zertifizierter Taucher zu werden, hast aber nicht genug Zeit f\u00fcr den Kurs? PADI Scuba Diver Kurs Dann ist die PADI Ausbildung zum Scuba Diver mit Ausstellung eines Taucherbrevets vielleicht das Richtige f\u00fcr dich. Dieser Kurs dauert nicht so lang wie der PADI Open Water Diver Kurs, weil er [&hellip;]<\/p>\n","protected":false},"author":2,"featured_media":0,"parent":916,"menu_order":0,"comment_status":"closed","ping_status":"open","template":"","meta":{"footnotes":"","_links_to":"","_links_to_target":""},"_links":{"self":[{"href":"https:\/\/www.dive-club.com\/diveclub\/wp-json\/wp\/v2\/pages\/918"}],"collection":[{"href":"https:\/\/www.dive-club.com\/diveclub\/wp-json\/wp\/v2\/pages"}],"about":[{"href":"https:\/\/www.dive-club.com\/diveclub\/wp-json\/wp\/v2\/types\/page"}],"author":[{"embeddable":true,"href":"https:\/\/www.dive-club.com\/diveclub\/wp-json\/wp\/v2\/users\/2"}],"replies":[{"embeddable":true,"href":"https:\/\/www.dive-club.com\/diveclub\/wp-json\/wp\/v2\/comments?post=918"}],"version-history":[{"count":6,"href":"https:\/\/www.dive-club.com\/diveclub\/wp-json\/wp\/v2\/pages\/918\/revisions"}],"predecessor-version":[{"id":4023,"href":"https:\/\/www.dive-club.com\/diveclub\/wp-json\/wp\/v2\/pages\/918\/revisions\/4023"}],"up":[{"embeddable":true,"href":"https:\/\/www.dive-club.com\/diveclub\/wp-json\/wp\/v2\/pages\/916"}],"wp:attachment":[{"href":"https:\/\/www.dive-club.com\/diveclub\/wp-json\/wp\/v2\/media?parent=918"}],"curies":[{"name":"wp","href":"https:\/\/api.w.org\/{rel}","templated":true}]}}