{"id":921,"date":"2013-02-24T20:10:36","date_gmt":"2013-02-24T20:10:36","guid":{"rendered":"http:\/\/www.dive-club.com\/?page_id=921"},"modified":"2020-01-24T08:50:02","modified_gmt":"2020-01-24T08:50:02","slug":"open-water-diver-course","status":"publish","type":"page","link":"https:\/\/www.dive-club.com\/diveclub\/zertifizierung\/open-water-diver-course\/?lang=de","title":{"rendered":"Open Water Diver Course"},"content":{"rendered":"<p><strong>Werde ein brevetierter Taucher in nur 3 bis 4 Tagen !\u00a0Nimm am Tauchunterricht\u00a0 mit dem PADI Open Water Diver Kurs teil !<\/strong><\/p>\n<span class=\"aligncenter\"><span class=\"frame\"><a href=\"http:\/\/www.dive-club.com\/diveclub\/wp-content\/uploads\/2013\/02\/Scuba-Diver.jpg\" title=\"\"  rel=\"prettyPhoto[rt_theme_thumb]\" class=\"imgeffect plus\"><img decoding=\"async\" src=\"http:\/\/www.dive-club.com\/diveclub\/wp-content\/uploads\/2013\/02\/Scuba-Diver-620x350.jpg\" alt=\"\"  class=\"align\" \/><\/a><\/span><\/span>\n<p><strong>PADI Open Water Diver<\/strong><\/p>\n<p>Hol dir dein PADI Tauchbrevet. Wenn du schon immer tauchen lernen wolltest, auf der Suche nach neuen Abenteuern bist und die sagenhafte Unterwasserwelt kennenlernen willst: hier beginnt dein Tauchabenteuer.<br \/>\nDer PADI Open Water Diver Kurs ist der bekannteste Tauchkurs weltweit und hat bereits Millionen Menschen in das abenteuerreiche Lebensgef\u00fchl Tauchen eingef\u00fchrt.<\/p>\n<p><strong>Der Spassfaktor<\/strong><\/p>\n<p>Spass an diesem Kurs macht\u2026 naja, eigentlich alles, denn Tauchen lernen ist einfach unglaublich. Du wirst das erste Mal\u00a0unter Wasser atmen (was du garantiert nicht vergisst) und lernst alles Notwendige, um ein Taucher mit anerkanntem Tauchschein zu werden. W\u00e4hrend des Kurses machst du unter der Aufsicht deines PADI Tauchlehrers mindestens f\u00fcnf Tauchg\u00e4nge im Schwimmbad und vier Tauchg\u00e4nge an Tauchpl\u00e4tzen vor Ort.<\/p>\n<p><strong>Lerninhalte<\/strong><\/p>\n<div>Du lernst, wie viel Spass Tauchen macht<\/div>\n<div>\u00dcberlegungen zur Tauchausr\u00fcstung f\u00fcr deine Tauchumgebung vor Ort<\/div>\n<div>Planung und Durchf\u00fchrung von Tauchg\u00e4ngen<\/div>\n<div>Vorbeugung und Entscheidung von Problemen<\/div>\n<p>Der\u00a0<strong>PADI Open Water Diver Kurs<\/strong>\u00a0ist in drei Abschnitte aufgeteilt:<\/p>\n<div>Wissensvermittlung (5 x Theoriemodule im Schulungsraum), um die Grundlagen des Ger\u00e4tetauchens zu verstehen.<\/div>\n<div>Tauchgaenge im begrenzten Freiwasser ( 5 x Module im Schwimmbad ) \u00a0 um grundlegende Tauchfertigkeiten zu erlernen.<\/div>\n<div>Tauchgaenge im Freiwasser, um die erlernten \u00dcbungen zu wiederholen und die Unterwasserwelt zu entdecken!<\/div>\n<p><strong>Deine verwendete Tauchausr\u00fcstung<\/strong><\/p>\n<p>Im PADI Open Water Diver Kurs lernst du den Umgang mit der Grundtauchausruestung.<\/p>\n<p>Waerend des Kurses wirst du folgende Tauchausruestung kennenlernen. Maske, Schnorchel und Flossen, Tarierweste und Lungenautomat, alternative Luftversorgung, Bleigewichte und Flasche.<\/p>\n<p><strong>Du ben\u00f6tigst folgende Lernmaterialien<\/strong><\/p>\n<p>Zur Teilnahme am Open Water Diver Kurs benoetigst Du ein PADI Open Water Diver Manual.<\/p>\n<p>Die PADI Open Water Diver Kursunterlagen decken nicht nur alles Notwendige \u00fcber die Grundlagen des Ger\u00e4tetauchens ab, sondern auch \u00fcber die Fachausdr\u00fccke und Sicherheitsvorkehrungen. F\u00fcr jeden Lerninhalt gibt es einen Abschnitt, ausserdem siehst du dir das entsprechende Video an, in dem die \u00dcbungen demonstriert werden. Dann springst du ins Schwimmbad (oder in Wasser mit Schwimmbad-\u00e4hnlichen Verh\u00e4ltnissen), um die \u00dcbungen mit deinem Tauchlehrer zu \u00fcben. Sp\u00e4ter, als brevetierter Taucher, verwendest du diese Unterlagen als Nachschlagewerk f\u00fcr weitere Tauchabenteuer und um das Gelernte nochmals einzusehen.<\/p>\n<p><strong>Teilnahmevoraussetzungen<\/strong><\/p>\n<p>Um dich f\u00fcr den PADI Open Diver Kurs oder Junior Open Water Diver Kurs anzumelden, musst du:<\/p>\n<div>Mindestens 10 Jahre oder \u00e4lter sein (f\u00fcr PADI eLearning mindestens 13 Jahre aufgrund internationaler Internetbestimmungen).<\/div>\n<div>Kursteilnehmer muessen in der Lage sein eine Strecke von mind. 200 Meter zu schwimmen.<\/div>\n<p>&nbsp;<\/p>\n<h3>Preis: \u20ac350.00<\/h3>\n<p>Inklusive kompletter Tauchausruestung. Anschl. 50 % Rabatt auf Equipmentmiete<\/p>\n<p><strong>Open Water Trainingstauchgaenge:<\/strong><\/p>\n<p>\u20ac60.00 pro Tauchgang incl. Ausruestung<\/p>\n<p>\u20ac80.00 PADI Zertifikat und Lehrbuch incl. Tauchtabelle<\/p>\n<h3>MEDIZINISCHE FORM:<\/h3>\n<p>Wenn der Antragsteller JA zu einer der Fragen unterschreibt, dann besser sich an die zustaendigen Aerzte zu wenden.<\/p>\n<p>CLICK HERE TO DOWNLOAD THE\u00a0<a href=\"http:\/\/www.dive-club.com\/MedicalStatement-Ger.pdf\">MEDICAL STATEMENT<\/a><\/p>\n<p>&nbsp;<\/p>\n<h5><\/h5>","protected":false},"excerpt":{"rendered":"<p>Werde ein brevetierter Taucher in nur 3 bis 4 Tagen !\u00a0Nimm am Tauchunterricht\u00a0 mit dem PADI Open Water Diver Kurs teil ! PADI Open Water Diver Hol dir dein PADI Tauchbrevet. Wenn du schon immer tauchen lernen wolltest, auf der Suche nach neuen Abenteuern bist und die sagenhafte Unterwasserwelt kennenlernen willst: hier beginnt dein Tauchabenteuer. [&hellip;]<\/p>\n","protected":false},"author":2,"featured_media":0,"parent":916,"menu_order":1,"comment_status":"closed","ping_status":"open","template":"","meta":{"footnotes":"","_links_to":"","_links_to_target":""},"_links":{"self":[{"href":"https:\/\/www.dive-club.com\/diveclub\/wp-json\/wp\/v2\/pages\/921"}],"collection":[{"href":"https:\/\/www.dive-club.com\/diveclub\/wp-json\/wp\/v2\/pages"}],"about":[{"href":"https:\/\/www.dive-club.com\/diveclub\/wp-json\/wp\/v2\/types\/page"}],"author":[{"embeddable":true,"href":"https:\/\/www.dive-club.com\/diveclub\/wp-json\/wp\/v2\/users\/2"}],"replies":[{"embeddable":true,"href":"https:\/\/www.dive-club.com\/diveclub\/wp-json\/wp\/v2\/comments?post=921"}],"version-history":[{"count":8,"href":"https:\/\/www.dive-club.com\/diveclub\/wp-json\/wp\/v2\/pages\/921\/revisions"}],"predecessor-version":[{"id":4016,"href":"https:\/\/www.dive-club.com\/diveclub\/wp-json\/wp\/v2\/pages\/921\/revisions\/4016"}],"up":[{"embeddable":true,"href":"https:\/\/www.dive-club.com\/diveclub\/wp-json\/wp\/v2\/pages\/916"}],"wp:attachment":[{"href":"https:\/\/www.dive-club.com\/diveclub\/wp-json\/wp\/v2\/media?parent=921"}],"curies":[{"name":"wp","href":"https:\/\/api.w.org\/{rel}","templated":true}]}}