{"id":923,"date":"2013-02-24T20:23:28","date_gmt":"2013-02-24T20:23:28","guid":{"rendered":"http:\/\/www.dive-club.com\/?page_id=923"},"modified":"2020-01-24T08:52:14","modified_gmt":"2020-01-24T08:52:14","slug":"open-water-e-learning","status":"publish","type":"page","link":"https:\/\/www.dive-club.com\/diveclub\/zertifizierung\/open-water-e-learning\/?lang=de","title":{"rendered":"Open Water E-Learning"},"content":{"rendered":"<h5>Padi Open Water Diver<\/h5>\n<p><strong>MACHE DEINEN PADI TAUCHKURS IM INTERNET<\/strong><\/p>\n<p><strong>Hier kannst du den theoretischen Teil des PADI Open Water Diver Kurses oder des PADI Advanced Open Water Diver Kurses in deinem eigenen Lerntempo abschliessen, von \u00fcberall aus und zu jeder Zeit mit PADI eLearning.<\/strong><\/p>\n<p><span class=\"aligncenter\"><span class=\"frame\"><a href=\"http:\/\/www.dive-club.com\/diveclub\/wp-content\/uploads\/2013\/02\/OPEN-WATER-E-LEARNING-PROGRAM.jpg\" title=\"\"  rel=\"prettyPhoto[rt_theme_thumb]\" class=\"imgeffect plus\"><img decoding=\"async\" src=\"http:\/\/www.dive-club.com\/diveclub\/wp-content\/uploads\/2013\/02\/\" alt=\"\"  class=\"align\" \/><\/a><\/span><\/span><br \/>\n<strong>PADI Open Water Diver Kurs &#8211; eLearning<\/strong><\/p>\n<div>\n<p>Welche Kursinhalte werden behandelt?<br \/>\nDer PADI Open Water Diver Kurs ist mit Abstand der beliebteste Tauchkurs. Millionen von Menschen haben das Tauchen gelernt und das Tauchbrevet als PADI Open Water Diver erhalten. Das Tauchenlernen erfordert einerseits die Aneignung der Tauchtheorie (Sachverhalte, Grundlagen und Konzepte) und motorische Handlungsabl\u00e4ufe (Fertigkeiten, Techniken, Methoden). Der PADI Online Open Water Diver Kurs (in deutscher Sprache im Internet verf\u00fcgbar) vermittelt dir den Abschnitt zur Tauchtheorie, den du wissen musst. Du entwickelst die anderen, praktischen Fertigkeiten beim Tauchen hier in Sharm el Sheikh.<br \/>\n<strong>Wie funktioniert es?<\/strong><br \/>\nNach Anmeldung stellt dir das PADI eLearning System die interaktiven Pr\u00e4sentationen vor, einschliesslich Videos, Graphiken, gesprochener Text und Lekt\u00fcre. Anhand von kurzen Quizzen kannst du deinen Fortschritt messen und Lerninhalte erneut durchgehen und korrigieren, die du vielleicht nicht ganz verstanden hast. Auf diese Weise schreitest du im Programm in deinem eigenen Tempo in effizienter Weise vor.<\/p>\n<p><strong>Wieviel kostet es?<\/strong><br \/>\nDie Geb\u00fchr f\u00fcr den PADI Online Open Water Diver Kurs betr\u00e4gt 120 US$ und ist nicht erstattungsf\u00e4hig. Diese Geb\u00fchr deckt deine Wissensvermittlung ab und gibt dir uneingeschr\u00e4nkten Zugang zu einer elektronischen Version des PADI Open Water Diver Manuals, dem Kursbegleitbuch. Diese Gebuehr ist direkt an PADI zu bezahlen.<\/p>\n<p>( Siehe Kurspreise eLearning unten ).<br \/>\n<strong>Wie viel Zeit hast du, um den eLearning Kurs abzuschliessen?<\/strong><br \/>\nDer eLearning Kurs steht dir ab dem Zeitpunkt der Kursanmeldung f\u00fcr ein Jahr zur Verf\u00fcgung.<\/p>\n<p>&nbsp;<\/p>\n<h3>Preis: \u20ac 250.00<\/h3>\n<p>Inkl. kompletter Tauchausruestung. Im Anschluss 50 % Rabatt auf Equipmentmiete.<\/p>\n<p><strong>Open Water Trainings Tauchgaenge:<\/strong><\/p>\n<p>\u20ac50.00 pro Trainingstauchgang inkl. Equipment<\/p>\n<p>\u20ac35.00 PADI Zertifikat<\/p>\n<p>\u20ac35.00 PADI Lehrbuch und Tauchtabelle<\/p>\n<h3>MEDIZINISCHE FORM:<\/h3>\n<p>Wenn der Antragsteller JA zu einer der Fragen unterschreibt, dann besser sich an die zustaendigen Aerzte zu wenden.<\/p>\n<p>CLICK HERE TO DOWNLOAD THE\u00a0<a href=\"http:\/\/www.dive-club.com\/MedicalStatement-Ger.pdf\">MEDICAL STATEMENT<\/a><\/p>\n<p>&nbsp;<\/p>\n<\/div>\n<div id=\"highlightC\"><\/div>\n<p>.<\/p>","protected":false},"excerpt":{"rendered":"<p>Padi Open Water Diver MACHE DEINEN PADI TAUCHKURS IM INTERNET Hier kannst du den theoretischen Teil des PADI Open Water Diver Kurses oder des PADI Advanced Open Water Diver Kurses in deinem eigenen Lerntempo abschliessen, von \u00fcberall aus und zu jeder Zeit mit PADI eLearning. PADI Open Water Diver Kurs &#8211; eLearning Welche Kursinhalte werden [&hellip;]<\/p>\n","protected":false},"author":2,"featured_media":0,"parent":916,"menu_order":2,"comment_status":"closed","ping_status":"open","template":"","meta":{"footnotes":"","_links_to":"","_links_to_target":""},"_links":{"self":[{"href":"https:\/\/www.dive-club.com\/diveclub\/wp-json\/wp\/v2\/pages\/923"}],"collection":[{"href":"https:\/\/www.dive-club.com\/diveclub\/wp-json\/wp\/v2\/pages"}],"about":[{"href":"https:\/\/www.dive-club.com\/diveclub\/wp-json\/wp\/v2\/types\/page"}],"author":[{"embeddable":true,"href":"https:\/\/www.dive-club.com\/diveclub\/wp-json\/wp\/v2\/users\/2"}],"replies":[{"embeddable":true,"href":"https:\/\/www.dive-club.com\/diveclub\/wp-json\/wp\/v2\/comments?post=923"}],"version-history":[{"count":5,"href":"https:\/\/www.dive-club.com\/diveclub\/wp-json\/wp\/v2\/pages\/923\/revisions"}],"predecessor-version":[{"id":4017,"href":"https:\/\/www.dive-club.com\/diveclub\/wp-json\/wp\/v2\/pages\/923\/revisions\/4017"}],"up":[{"embeddable":true,"href":"https:\/\/www.dive-club.com\/diveclub\/wp-json\/wp\/v2\/pages\/916"}],"wp:attachment":[{"href":"https:\/\/www.dive-club.com\/diveclub\/wp-json\/wp\/v2\/media?parent=923"}],"curies":[{"name":"wp","href":"https:\/\/api.w.org\/{rel}","templated":true}]}}