{"id":933,"date":"2013-02-24T21:59:42","date_gmt":"2013-02-24T21:59:42","guid":{"rendered":"http:\/\/www.dive-club.com\/?page_id=933"},"modified":"2020-01-24T11:03:19","modified_gmt":"2020-01-24T11:03:19","slug":"emergency-first-response-erste-hilfe-kurs-mit-hlw","status":"publish","type":"page","link":"https:\/\/www.dive-club.com\/diveclub\/zertifizierung\/emergency-first-response-erste-hilfe-kurs-mit-hlw\/?lang=de","title":{"rendered":"Emergency First Response &#8211; Erste Hilfe Kurs mit HLW"},"content":{"rendered":"<span class=\"aligncenter\"><span class=\"frame\"><a href=\"http:\/\/www.dive-club.com\/diveclub\/wp-content\/uploads\/2013\/02\/Emergency-First-Responder.jpg\" title=\"\"  rel=\"prettyPhoto[rt_theme_thumb]\" class=\"imgeffect plus\"><img decoding=\"async\" src=\"http:\/\/www.dive-club.com\/diveclub\/wp-content\/uploads\/2013\/02\/Emergency-First-Responder.jpg\" alt=\"\"  class=\"align\" \/><\/a><\/span><\/span>\n<div id=\"container\">\n<div id=\"main\">\n<div id=\"content\">\n<div id=\"contop\">\n<div>\n<p><strong>HLW und Erste Hilfe: Emergency First Response Erst- und Zweitversorgung<\/strong><\/p>\n<p>Erste Hilfe und HLW (Herz-Lungen-Wiederbelebung) sind hervorragende Fertigkeiten f\u00fcr jedermann, der an Abenteuersportarten teilnimmt &#8211; nur f\u00fcr alle F\u00e4lle. Ausserdem erf\u00fcllst du mit diesen Fertigkeiten eine der Voraussetzungen f\u00fcr den\u00a0PADI Rescue Diver Kurs.<\/p>\n<p>Bei\u00a0Emergency First Response handelt es sich um ein PADI Partnerprogramm, das sich darauf spezialisiert hat, diese lebensrettenden Fertigkeiten einem breiten Publikum zu lehren &#8211; das heisst also jedermann, nicht nur Tauchern. Die meisten PADI Tauchlehrer sind gleichzeitig auch Emergency First Response Instuctors!<\/p>\n<p>Im Kurs Emergency First Response lernen die Teilnehmer, richtig auf lebensbedrohende Notf\u00e4lle zu reagieren. Im Mittelpunkt des Kurses steht die Erstversorgung eines Patienten durch eine Kombination der Aneignung von Kenntnissen, der Entwicklung von Fertigkeiten und des \u00dcbens dieser Fertigkeiten in realistischen Szenarien. Auf diese Weise soll sichergestellt werden, dass die Teilnehmer am Ende \u00fcber gen\u00fcgend Selbstvertrauen verf\u00fcgen, um in einem Notfall tats\u00e4chlich Hilfe zu leisten.<\/p>\n<p><strong>Fertigkeiten, die du im EFR Kurs zur Erst- und Zweitversorgung lernst<\/strong><\/p>\n<div>Lebensrettende Sofortmassnahmen f\u00fcr HLW und Mund-zu-Mund Beatmung auf Laienniveau<\/div>\n<div>AED (Automated External Defibrillator) Gebrauch (optional)<\/div>\n<div>Vorbeugung und Versorgung von Schockzust\u00e4nden<\/div>\n<div>Umgang mit Verletzungen der Wirbels\u00e4ule<\/div>\n<div>Gebrauch von Barrieren, um das \u00dcbertragungsrisiko von Krankheiten zu verringern<\/div>\n<div>Grundlegende Fertigkeiten von Erster Hilfe und Erw\u00e4gungen zur Erste Hilfe-Box<\/div>\n<p>&nbsp;<\/p>\n<p><strong>Teilnahmevoraussetzungen<\/strong><\/p>\n<p>Um an Emergency First Response Kursen teilzunehmen, solltest du:<\/p>\n<div>Um andere Personen besorgt sein und ein Interesse daran haben wollen, ihnen in medizinischen Notf\u00e4llen beizustehen<\/div>\n<div><\/div>\n<p><strong>Kursdauer:<\/strong> \u00a0\u00a0\u00a0\u00a0\u00a0\u00a0\u00a0 \u00a0\u00a0\u00a0\u00a01 Tag ( ca. 6 Stunden ).<\/p>\n<p>&nbsp;<\/p>\n<\/div>\n<div id=\"clear\"><\/div>\n<\/div>\n<\/div>\n<div id=\"clear\"><\/div>\n<\/div>\n<div id=\"clear\"><\/div>\n<\/div>\n<div id=\"clear\"><\/div>\n<p>&nbsp;<\/p>","protected":false},"excerpt":{"rendered":"<p>HLW und Erste Hilfe: Emergency First Response Erst- und Zweitversorgung Erste Hilfe und HLW (Herz-Lungen-Wiederbelebung) sind hervorragende Fertigkeiten f\u00fcr jedermann, der an Abenteuersportarten teilnimmt &#8211; nur f\u00fcr alle F\u00e4lle. Ausserdem erf\u00fcllst du mit diesen Fertigkeiten eine der Voraussetzungen f\u00fcr den\u00a0PADI Rescue Diver Kurs. Bei\u00a0Emergency First Response handelt es sich um ein PADI Partnerprogramm, das sich [&hellip;]<\/p>\n","protected":false},"author":2,"featured_media":0,"parent":916,"menu_order":6,"comment_status":"closed","ping_status":"open","template":"","meta":{"footnotes":"","_links_to":"","_links_to_target":""},"_links":{"self":[{"href":"https:\/\/www.dive-club.com\/diveclub\/wp-json\/wp\/v2\/pages\/933"}],"collection":[{"href":"https:\/\/www.dive-club.com\/diveclub\/wp-json\/wp\/v2\/pages"}],"about":[{"href":"https:\/\/www.dive-club.com\/diveclub\/wp-json\/wp\/v2\/types\/page"}],"author":[{"embeddable":true,"href":"https:\/\/www.dive-club.com\/diveclub\/wp-json\/wp\/v2\/users\/2"}],"replies":[{"embeddable":true,"href":"https:\/\/www.dive-club.com\/diveclub\/wp-json\/wp\/v2\/comments?post=933"}],"version-history":[{"count":4,"href":"https:\/\/www.dive-club.com\/diveclub\/wp-json\/wp\/v2\/pages\/933\/revisions"}],"predecessor-version":[{"id":4054,"href":"https:\/\/www.dive-club.com\/diveclub\/wp-json\/wp\/v2\/pages\/933\/revisions\/4054"}],"up":[{"embeddable":true,"href":"https:\/\/www.dive-club.com\/diveclub\/wp-json\/wp\/v2\/pages\/916"}],"wp:attachment":[{"href":"https:\/\/www.dive-club.com\/diveclub\/wp-json\/wp\/v2\/media?parent=933"}],"curies":[{"name":"wp","href":"https:\/\/api.w.org\/{rel}","templated":true}]}}